{"id":927,"date":"2025-06-04T12:31:55","date_gmt":"2025-06-04T10:31:55","guid":{"rendered":"https:\/\/www.posecorp.com\/?page_id=927"},"modified":"2025-08-25T11:29:21","modified_gmt":"2025-08-25T09:29:21","slug":"servicios-hospitality","status":"publish","type":"page","link":"https:\/\/www.posecorp.com\/es\/servicios-hospitality\/","title":{"rendered":"Servicios Hospitality"},"content":{"rendered":"\r\n\t\t<div  class=\"block-7a445958-abcf-42bf-88bf-5ddc4ab01dc5 areoi-element width-100 mb-5\">\r\n\t\t\t\r\n\t\t\t\n\n<div id=\"fashion-slider-block_224dd761fe3c5bd3dea5b4c889b9889f\" class=\"fashion-slider-class \">\n\n\n\n\n    <!-- Fashion slider container -->\n    <div class=\"fashion-slider\">\n        <div class=\"swiper\">\n            <div class=\"swiper-wrapper\">\n                                                            <!-- configure slide color with \"data-slide-bg-color\" attribute -->\n                        <div class=\"swiper-slide\" data-slide-bg-color=\"#0c6a8a\">\n                            <!-- slide title wrap -->\n                            <div class=\"fashion-slider-title\" data-swiper-parallax=\"-130%\">\n                                <!-- slide title text -->\n                                <div class=\"fashion-slider-title-text\">Servicios Hospitality<\/div>\n                            <\/div>\n                            <!-- slide image wrap -->\n                            <div class=\"fashion-slider-scale\">\n                                <!-- slide image -->\n                                <img decoding=\"async\" src=\"https:\/\/www.posecorp.com\/wp-content\/uploads\/2024\/04\/servicios_hospitality_empresas_privados.jpg\" alt=\"\">\n                            <\/div>\n                        <\/div>\n                                    \n            <\/div>\n\n\n\n            <!-- right\/next navigation button -->\n            <div class=\"fashion-slider-button-prev fashion-slider-button\">\n                <svg xmlns=\"http:\/\/www.w3.org\/2000\/svg\" viewBox=\"0 350 160 90\">\n                    <g class=\"fashion-slider-svg-wrap\">\n                        <g class=\"fashion-slider-svg-circle-wrap\">\n                            <circle cx=\"42\" cy=\"42\" r=\"40\"><\/circle>\n                        <\/g>\n                        <path class=\"fashion-slider-svg-arrow\" d=\"M.983,6.929,4.447,3.464.983,0,0,.983,2.482,3.464,0,5.946Z\">\n                        <\/path>\n                        <path class=\"fashion-slider-svg-line\" d=\"M80,0H0\"><\/path>\n                    <\/g>\n                <\/svg>\n            <\/div>\n            <!-- left\/previous navigation button -->\n            <div class=\"fashion-slider-button-next fashion-slider-button\">\n                <svg xmlns=\"http:\/\/www.w3.org\/2000\/svg\" viewBox=\"0 350 160 90\">\n                    <g class=\"fashion-slider-svg-wrap\">\n                        <g class=\"fashion-slider-svg-circle-wrap\">\n                            <circle cx=\"42\" cy=\"42\" r=\"40\"><\/circle>\n                        <\/g>\n                        <path class=\"fashion-slider-svg-arrow\" d=\"M.983,6.929,4.447,3.464.983,0,0,.983,2.482,3.464,0,5.946Z\">\n                        <\/path>\n                        <path class=\"fashion-slider-svg-line\" d=\"M80,0H0\"><\/path>\n                    <\/g>\n                <\/svg>\n            <\/div>\n        <\/div>\n\n    <\/div>\n\n\n<\/div>\n\n<div class=\"swiper-pagination\"><\/div>\n\n<script>\n    jQuery(document).ready(function ($) {\n        const sliderEl = document.querySelector('.fashion-slider');\n        createFashionSlider(sliderEl);\n    });\n<\/script>\n\r\n\t\t\t \r\n\t\t<\/div>\r\n\t\n\n\r\n\t\t<div  class=\"block-hero-catering areoi-element mb-5\">\r\n\t\t\t\r\n\t\t\t\n\r\n\t\t<div  class=\"block-hero-row row areoi-element row-md gx-5 gy-4 align-items-center\">\r\n\t\t\t\r\n\r\n\t\t\t\n\r\n\t\t<div data-aos=\"fade-right\"  class=\"block-hero-text col areoi-element col-7\">\r\n\t\t\t\r\n\t\t\t\n\n<h1 class=\"wp-block-heading mb-4 h1\">Servicios Hospitality  corporativos en Barcelona<\/h1>\n\n\n\n<div class=\"wp-block-group is-nowrap is-layout-flex wp-container-core-group-is-layout-ad2f72ca wp-block-group-is-layout-flex\">\n<p>Brinda a tus invitados una experiencia de hospitalidad sin igual. Desde la bienvenida hasta la despedida, nuestro servicio hospitality se enfoca en cada detalle para asegurar el m\u00e1ximo confort y satisfacci\u00f3n de manera personalizada.<\/p>\n\n\n\n<div style=\"height:100px;width:0px\" aria-hidden=\"true\" class=\"wp-block-spacer wp-container-content-6388d5dc\"><\/div>\n<\/div>\n\n \r\n\t\t\t\r\n\t\t<\/div>\r\n\t\n\n\r\n\t\t<div data-aos-duration=\"1450\" data-aos=\"zoom-in\"  class=\"block-hero-img col areoi-element col-5\">\r\n\t\t\t\r\n\t\t\t\n\n<figure class=\"wp-block-image size-full mb-0 img-oval is-style-rounded\" data-aos=\"zoom-in\" data-aos-duration=\"1450\"><img fetchpriority=\"high\" decoding=\"async\" width=\"2560\" height=\"1707\" src=\"https:\/\/www.posecorp.com\/wp-content\/uploads\/2025\/08\/staff-meeting-in-restaurant-with-black-young-man-a-2025-03-09-15-48-18-utc-scaled.jpg\" alt=\"\" class=\"wp-image-1242\" style=\"aspect-ratio:1;object-fit:cover\" srcset=\"https:\/\/www.posecorp.com\/wp-content\/uploads\/2025\/08\/staff-meeting-in-restaurant-with-black-young-man-a-2025-03-09-15-48-18-utc-scaled.jpg 2560w, https:\/\/www.posecorp.com\/wp-content\/uploads\/2025\/08\/staff-meeting-in-restaurant-with-black-young-man-a-2025-03-09-15-48-18-utc-300x200.jpg 300w, https:\/\/www.posecorp.com\/wp-content\/uploads\/2025\/08\/staff-meeting-in-restaurant-with-black-young-man-a-2025-03-09-15-48-18-utc-1024x683.jpg 1024w, https:\/\/www.posecorp.com\/wp-content\/uploads\/2025\/08\/staff-meeting-in-restaurant-with-black-young-man-a-2025-03-09-15-48-18-utc-768x512.jpg 768w, https:\/\/www.posecorp.com\/wp-content\/uploads\/2025\/08\/staff-meeting-in-restaurant-with-black-young-man-a-2025-03-09-15-48-18-utc-1536x1024.jpg 1536w, https:\/\/www.posecorp.com\/wp-content\/uploads\/2025\/08\/staff-meeting-in-restaurant-with-black-young-man-a-2025-03-09-15-48-18-utc-2048x1365.jpg 2048w\" sizes=\"(max-width: 2560px) 100vw, 2560px\" \/><\/figure>\n\n \r\n\t\t\t\r\n\t\t<\/div>\r\n\t\n \r\n\t\t<\/div>\r\n\t\n\r\n\t\t\t \r\n\t\t<\/div>\r\n\t\n\n\n<div style=\"height:100px\" aria-hidden=\"true\" class=\"wp-block-spacer\"><\/div>\n\n\n\r\n\t\t<div  class=\"block-cta-catering areoi-element mb-5 text-center\">\r\n\t\t\t\r\n\t\t\t\n\n<h2 class=\"wp-block-heading mb-3 h2\">\u00bfQuieres un servicios hospitality que eleve tu pr\u00f3ximo evento?<\/h2>\n\n\n\n<p>Cu\u00e9ntanos qu\u00e9 necesitas y te prepararemos una propuesta a medida. En Pose Corp estamos listos para dise\u00f1ar contigo un evento corporativo que deje huella. Escr\u00edbenos y solicita presupuesto sin compromiso.<\/p>\n\n\n\r\n\t\t\t\t\r\n\t\t<a \r\n\t\t\t\r\n\t\t\tclass=\"block-cta-catering-btn btn areoi-has-url position-relative btn-outline-dark\"\r\n\t href=\"https:\/\/www.posecorp.com\/es\/contacto\/\" >\r\n\t\t\t\t\t\r\n\t\t\t\t\tSolicita presupuesto \r\n\t\t\t\t\t\r\n\t\t\t\t\t \r\n\t\t\t\t<\/a>\r\n\t\t\t\n\r\n\t\t\t \r\n\t\t<\/div>\r\n\t\n\n\n<div style=\"height:100px\" aria-hidden=\"true\" class=\"wp-block-spacer\"><\/div>\n\n\n\n<p><\/p>\n","protected":false},"excerpt":{"rendered":"","protected":false},"author":4,"featured_media":0,"parent":0,"menu_order":0,"comment_status":"closed","ping_status":"closed","template":"","meta":{"footnotes":""},"class_list":["post-927","page","type-page","status-publish","hentry"],"acf":[],"yoast_head":"<!-- This site is optimized with the Yoast SEO plugin v22.7 - https:\/\/yoast.com\/wordpress\/plugins\/seo\/ -->\n<title>Corporate event planning in Barcelona with full-service execution<\/title>\n<meta name=\"description\" content=\"We handle your corporate event planning in Barcelona, from logistics to unforgettable experiences\" \/>\n<meta name=\"robots\" content=\"index, follow, max-snippet:-1, max-image-preview:large, max-video-preview:-1\" \/>\n<link rel=\"canonical\" href=\"https:\/\/www.posecorp.com\/es\/servicios-hospitality\/\" \/>\n<meta property=\"og:locale\" content=\"es_ES\" \/>\n<meta property=\"og:type\" content=\"article\" \/>\n<meta property=\"og:title\" content=\"Corporate event planning in Barcelona with full-service execution\" \/>\n<meta property=\"og:description\" content=\"We handle your corporate event planning in Barcelona, from logistics to unforgettable experiences\" \/>\n<meta property=\"og:url\" content=\"https:\/\/www.posecorp.com\/es\/servicios-hospitality\/\" \/>\n<meta property=\"og:site_name\" content=\"Pose Corp\" \/>\n<meta property=\"article:modified_time\" content=\"2025-08-25T09:29:21+00:00\" \/>\n<meta property=\"og:image\" content=\"https:\/\/www.posecorp.com\/wp-content\/uploads\/2025\/08\/staff-meeting-in-restaurant-with-black-young-man-a-2025-03-09-15-48-18-utc-scaled.jpg\" \/>\n<meta name=\"twitter:card\" content=\"summary_large_image\" \/>\n<meta name=\"twitter:label1\" content=\"Tiempo de lectura\" \/>\n\t<meta name=\"twitter:data1\" content=\"1 minuto\" \/>\n<script type=\"application\/ld+json\" class=\"yoast-schema-graph\">{\"@context\":\"https:\/\/schema.org\",\"@graph\":[{\"@type\":\"WebPage\",\"@id\":\"https:\/\/www.posecorp.com\/es\/servicios-hospitality\/\",\"url\":\"https:\/\/www.posecorp.com\/es\/servicios-hospitality\/\",\"name\":\"Corporate event planning in Barcelona with full-service execution\",\"isPartOf\":{\"@id\":\"https:\/\/www.posecorp.com\/#website\"},\"primaryImageOfPage\":{\"@id\":\"https:\/\/www.posecorp.com\/es\/servicios-hospitality\/#primaryimage\"},\"image\":{\"@id\":\"https:\/\/www.posecorp.com\/es\/servicios-hospitality\/#primaryimage\"},\"thumbnailUrl\":\"https:\/\/www.posecorp.com\/wp-content\/uploads\/2025\/08\/staff-meeting-in-restaurant-with-black-young-man-a-2025-03-09-15-48-18-utc-scaled.jpg\",\"datePublished\":\"2025-06-04T10:31:55+00:00\",\"dateModified\":\"2025-08-25T09:29:21+00:00\",\"description\":\"We handle your corporate event planning in Barcelona, from logistics to unforgettable experiences\",\"breadcrumb\":{\"@id\":\"https:\/\/www.posecorp.com\/es\/servicios-hospitality\/#breadcrumb\"},\"inLanguage\":\"es\",\"potentialAction\":[{\"@type\":\"ReadAction\",\"target\":[\"https:\/\/www.posecorp.com\/es\/servicios-hospitality\/\"]}]},{\"@type\":\"ImageObject\",\"inLanguage\":\"es\",\"@id\":\"https:\/\/www.posecorp.com\/es\/servicios-hospitality\/#primaryimage\",\"url\":\"https:\/\/www.posecorp.com\/wp-content\/uploads\/2025\/08\/staff-meeting-in-restaurant-with-black-young-man-a-2025-03-09-15-48-18-utc-scaled.jpg\",\"contentUrl\":\"https:\/\/www.posecorp.com\/wp-content\/uploads\/2025\/08\/staff-meeting-in-restaurant-with-black-young-man-a-2025-03-09-15-48-18-utc-scaled.jpg\"},{\"@type\":\"BreadcrumbList\",\"@id\":\"https:\/\/www.posecorp.com\/es\/servicios-hospitality\/#breadcrumb\",\"itemListElement\":[{\"@type\":\"ListItem\",\"position\":1,\"name\":\"Portada\",\"item\":\"https:\/\/www.posecorp.com\/es\/\"},{\"@type\":\"ListItem\",\"position\":2,\"name\":\"Servicios Hospitality\"}]},{\"@type\":\"WebSite\",\"@id\":\"https:\/\/www.posecorp.com\/#website\",\"url\":\"https:\/\/www.posecorp.com\/\",\"name\":\"Pose Corp\",\"description\":\"\",\"publisher\":{\"@id\":\"https:\/\/www.posecorp.com\/#organization\"},\"potentialAction\":[{\"@type\":\"SearchAction\",\"target\":{\"@type\":\"EntryPoint\",\"urlTemplate\":\"https:\/\/www.posecorp.com\/?s={search_term_string}\"},\"query-input\":\"required name=search_term_string\"}],\"inLanguage\":\"es\"},{\"@type\":\"Organization\",\"@id\":\"https:\/\/www.posecorp.com\/#organization\",\"name\":\"Pose Corp\",\"url\":\"https:\/\/www.posecorp.com\/\",\"logo\":{\"@type\":\"ImageObject\",\"inLanguage\":\"es\",\"@id\":\"https:\/\/www.posecorp.com\/#\/schema\/logo\/image\/\",\"url\":\"https:\/\/www.posecorp.com\/wp-content\/uploads\/2025\/02\/cropped-logo-03-1.png\",\"contentUrl\":\"https:\/\/www.posecorp.com\/wp-content\/uploads\/2025\/02\/cropped-logo-03-1.png\",\"width\":891,\"height\":891,\"caption\":\"Pose Corp\"},\"image\":{\"@id\":\"https:\/\/www.posecorp.com\/#\/schema\/logo\/image\/\"}}]}<\/script>\n<!-- \/ Yoast SEO plugin. -->","yoast_head_json":{"title":"Corporate event planning in Barcelona with full-service execution","description":"We handle your corporate event planning in Barcelona, from logistics to unforgettable experiences","robots":{"index":"index","follow":"follow","max-snippet":"max-snippet:-1","max-image-preview":"max-image-preview:large","max-video-preview":"max-video-preview:-1"},"canonical":"https:\/\/www.posecorp.com\/es\/servicios-hospitality\/","og_locale":"es_ES","og_type":"article","og_title":"Corporate event planning in Barcelona with full-service execution","og_description":"We handle your corporate event planning in Barcelona, from logistics to unforgettable experiences","og_url":"https:\/\/www.posecorp.com\/es\/servicios-hospitality\/","og_site_name":"Pose Corp","article_modified_time":"2025-08-25T09:29:21+00:00","og_image":[{"url":"https:\/\/www.posecorp.com\/wp-content\/uploads\/2025\/08\/staff-meeting-in-restaurant-with-black-young-man-a-2025-03-09-15-48-18-utc-scaled.jpg"}],"twitter_card":"summary_large_image","twitter_misc":{"Tiempo de lectura":"1 minuto"},"schema":{"@context":"https:\/\/schema.org","@graph":[{"@type":"WebPage","@id":"https:\/\/www.posecorp.com\/es\/servicios-hospitality\/","url":"https:\/\/www.posecorp.com\/es\/servicios-hospitality\/","name":"Corporate event planning in Barcelona with full-service execution","isPartOf":{"@id":"https:\/\/www.posecorp.com\/#website"},"primaryImageOfPage":{"@id":"https:\/\/www.posecorp.com\/es\/servicios-hospitality\/#primaryimage"},"image":{"@id":"https:\/\/www.posecorp.com\/es\/servicios-hospitality\/#primaryimage"},"thumbnailUrl":"https:\/\/www.posecorp.com\/wp-content\/uploads\/2025\/08\/staff-meeting-in-restaurant-with-black-young-man-a-2025-03-09-15-48-18-utc-scaled.jpg","datePublished":"2025-06-04T10:31:55+00:00","dateModified":"2025-08-25T09:29:21+00:00","description":"We handle your corporate event planning in Barcelona, from logistics to unforgettable experiences","breadcrumb":{"@id":"https:\/\/www.posecorp.com\/es\/servicios-hospitality\/#breadcrumb"},"inLanguage":"es","potentialAction":[{"@type":"ReadAction","target":["https:\/\/www.posecorp.com\/es\/servicios-hospitality\/"]}]},{"@type":"ImageObject","inLanguage":"es","@id":"https:\/\/www.posecorp.com\/es\/servicios-hospitality\/#primaryimage","url":"https:\/\/www.posecorp.com\/wp-content\/uploads\/2025\/08\/staff-meeting-in-restaurant-with-black-young-man-a-2025-03-09-15-48-18-utc-scaled.jpg","contentUrl":"https:\/\/www.posecorp.com\/wp-content\/uploads\/2025\/08\/staff-meeting-in-restaurant-with-black-young-man-a-2025-03-09-15-48-18-utc-scaled.jpg"},{"@type":"BreadcrumbList","@id":"https:\/\/www.posecorp.com\/es\/servicios-hospitality\/#breadcrumb","itemListElement":[{"@type":"ListItem","position":1,"name":"Portada","item":"https:\/\/www.posecorp.com\/es\/"},{"@type":"ListItem","position":2,"name":"Servicios Hospitality"}]},{"@type":"WebSite","@id":"https:\/\/www.posecorp.com\/#website","url":"https:\/\/www.posecorp.com\/","name":"Pose Corp","description":"","publisher":{"@id":"https:\/\/www.posecorp.com\/#organization"},"potentialAction":[{"@type":"SearchAction","target":{"@type":"EntryPoint","urlTemplate":"https:\/\/www.posecorp.com\/?s={search_term_string}"},"query-input":"required name=search_term_string"}],"inLanguage":"es"},{"@type":"Organization","@id":"https:\/\/www.posecorp.com\/#organization","name":"Pose Corp","url":"https:\/\/www.posecorp.com\/","logo":{"@type":"ImageObject","inLanguage":"es","@id":"https:\/\/www.posecorp.com\/#\/schema\/logo\/image\/","url":"https:\/\/www.posecorp.com\/wp-content\/uploads\/2025\/02\/cropped-logo-03-1.png","contentUrl":"https:\/\/www.posecorp.com\/wp-content\/uploads\/2025\/02\/cropped-logo-03-1.png","width":891,"height":891,"caption":"Pose Corp"},"image":{"@id":"https:\/\/www.posecorp.com\/#\/schema\/logo\/image\/"}}]}},"_links":{"self":[{"href":"https:\/\/www.posecorp.com\/es\/wp-json\/wp\/v2\/pages\/927","targetHints":{"allow":["GET"]}}],"collection":[{"href":"https:\/\/www.posecorp.com\/es\/wp-json\/wp\/v2\/pages"}],"about":[{"href":"https:\/\/www.posecorp.com\/es\/wp-json\/wp\/v2\/types\/page"}],"author":[{"embeddable":true,"href":"https:\/\/www.posecorp.com\/es\/wp-json\/wp\/v2\/users\/4"}],"replies":[{"embeddable":true,"href":"https:\/\/www.posecorp.com\/es\/wp-json\/wp\/v2\/comments?post=927"}],"version-history":[{"count":3,"href":"https:\/\/www.posecorp.com\/es\/wp-json\/wp\/v2\/pages\/927\/revisions"}],"predecessor-version":[{"id":1244,"href":"https:\/\/www.posecorp.com\/es\/wp-json\/wp\/v2\/pages\/927\/revisions\/1244"}],"wp:attachment":[{"href":"https:\/\/www.posecorp.com\/es\/wp-json\/wp\/v2\/media?parent=927"}],"curies":[{"name":"wp","href":"https:\/\/api.w.org\/{rel}","templated":true}]}}