{"id":904,"date":"2025-06-04T12:06:24","date_gmt":"2025-06-04T10:06:24","guid":{"rendered":"https:\/\/www.posecorp.com\/?page_id=904"},"modified":"2025-06-10T10:04:20","modified_gmt":"2025-06-10T08:04:20","slug":"staff-eventos","status":"publish","type":"page","link":"https:\/\/www.posecorp.com\/es\/staff-eventos\/","title":{"rendered":"Staff Eventos"},"content":{"rendered":"\r\n\t\t<div  class=\"block-7a445958-abcf-42bf-88bf-5ddc4ab01dc5 areoi-element width-100 mb-5\">\r\n\t\t\t\r\n\t\t\t\n\n<div id=\"fashion-slider-block_0554d6b8000827df7f9f49904a24f7b6\" class=\"fashion-slider-class \">\n\n\n\n\n    <!-- Fashion slider container -->\n    <div class=\"fashion-slider\">\n        <div class=\"swiper\">\n            <div class=\"swiper-wrapper\">\n                                                            <!-- configure slide color with \"data-slide-bg-color\" attribute -->\n                        <div class=\"swiper-slide\" data-slide-bg-color=\"#0c6a8a\">\n                            <!-- slide title wrap -->\n                            <div class=\"fashion-slider-title\" data-swiper-parallax=\"-130%\">\n                                <!-- slide title text -->\n                                <div class=\"fashion-slider-title-text\">Staff eventos<\/div>\n                            <\/div>\n                            <!-- slide image wrap -->\n                            <div class=\"fashion-slider-scale\">\n                                <!-- slide image -->\n                                <img decoding=\"async\" src=\"https:\/\/www.posecorp.com\/wp-content\/uploads\/2025\/06\/9c28d58b-7254-490f-8555-312259d8fb39.png\" alt=\"\">\n                            <\/div>\n                        <\/div>\n                                    \n            <\/div>\n\n\n\n            <!-- right\/next navigation button -->\n            <div class=\"fashion-slider-button-prev fashion-slider-button\">\n                <svg xmlns=\"http:\/\/www.w3.org\/2000\/svg\" viewBox=\"0 350 160 90\">\n                    <g class=\"fashion-slider-svg-wrap\">\n                        <g class=\"fashion-slider-svg-circle-wrap\">\n                            <circle cx=\"42\" cy=\"42\" r=\"40\"><\/circle>\n                        <\/g>\n                        <path class=\"fashion-slider-svg-arrow\" d=\"M.983,6.929,4.447,3.464.983,0,0,.983,2.482,3.464,0,5.946Z\">\n                        <\/path>\n                        <path class=\"fashion-slider-svg-line\" d=\"M80,0H0\"><\/path>\n                    <\/g>\n                <\/svg>\n            <\/div>\n            <!-- left\/previous navigation button -->\n            <div class=\"fashion-slider-button-next fashion-slider-button\">\n                <svg xmlns=\"http:\/\/www.w3.org\/2000\/svg\" viewBox=\"0 350 160 90\">\n                    <g class=\"fashion-slider-svg-wrap\">\n                        <g class=\"fashion-slider-svg-circle-wrap\">\n                            <circle cx=\"42\" cy=\"42\" r=\"40\"><\/circle>\n                        <\/g>\n                        <path class=\"fashion-slider-svg-arrow\" d=\"M.983,6.929,4.447,3.464.983,0,0,.983,2.482,3.464,0,5.946Z\">\n                        <\/path>\n                        <path class=\"fashion-slider-svg-line\" d=\"M80,0H0\"><\/path>\n                    <\/g>\n                <\/svg>\n            <\/div>\n        <\/div>\n\n    <\/div>\n\n\n<\/div>\n\n<div class=\"swiper-pagination\"><\/div>\n\n<script>\n    jQuery(document).ready(function ($) {\n        const sliderEl = document.querySelector('.fashion-slider');\n        createFashionSlider(sliderEl);\n    });\n<\/script>\n\r\n\t\t\t \r\n\t\t<\/div>\r\n\t\n\n\r\n\t\t<div  class=\"block-hero-catering areoi-element mb-5\">\r\n\t\t\t\r\n\t\t\t\n\r\n\t\t<div  class=\"block-hero-row row areoi-element row-md gx-5 gy-4 align-items-center\">\r\n\t\t\t\r\n\r\n\t\t\t\n\r\n\t\t<div data-aos=\"fade-right\"  class=\"block-hero-text col areoi-element col-7\">\r\n\t\t\t\r\n\t\t\t\n\n<h1 class=\"wp-block-heading mb-4 h1\">Staff eventos para eventos corporativos en Barcelona<\/h1>\n\n\n\n<div class=\"wp-block-group is-nowrap is-layout-flex wp-container-core-group-is-layout-ad2f72ca wp-block-group-is-layout-flex\">\n<p>Un equipo profesional que marca la diferencia en cada detalle. Nuestro personal altamente cualificado garantiza un servicio impecable y una experiencia inolvidable para tus invitados, desde la recepci\u00f3n hasta la coordinaci\u00f3n.<\/p>\n\n\n\n<div style=\"height:100px;width:0px\" aria-hidden=\"true\" class=\"wp-block-spacer wp-container-content-6388d5dc\"><\/div>\n<\/div>\n\n \r\n\t\t\t\r\n\t\t<\/div>\r\n\t\n\n\r\n\t\t<div data-aos-duration=\"1450\" data-aos=\"zoom-in\"  class=\"block-hero-img col areoi-element col-5\">\r\n\t\t\t\r\n\t\t\t\n\n<figure class=\"wp-block-image size-full mb-0 img-oval is-style-rounded\" data-aos=\"zoom-in\" data-aos-duration=\"1450\"><img fetchpriority=\"high\" decoding=\"async\" width=\"1536\" height=\"1024\" src=\"https:\/\/www.posecorp.com\/wp-content\/uploads\/2025\/06\/ChatGPT-Image-4-jun-2025-12_16_27.png\" alt=\"\" class=\"wp-image-912\" style=\"aspect-ratio:1;object-fit:cover\" srcset=\"https:\/\/www.posecorp.com\/wp-content\/uploads\/2025\/06\/ChatGPT-Image-4-jun-2025-12_16_27.png 1536w, https:\/\/www.posecorp.com\/wp-content\/uploads\/2025\/06\/ChatGPT-Image-4-jun-2025-12_16_27-300x200.png 300w, https:\/\/www.posecorp.com\/wp-content\/uploads\/2025\/06\/ChatGPT-Image-4-jun-2025-12_16_27-1024x683.png 1024w, https:\/\/www.posecorp.com\/wp-content\/uploads\/2025\/06\/ChatGPT-Image-4-jun-2025-12_16_27-768x512.png 768w\" sizes=\"(max-width: 1536px) 100vw, 1536px\" \/><\/figure>\n\n \r\n\t\t\t\r\n\t\t<\/div>\r\n\t\n \r\n\t\t<\/div>\r\n\t\n\r\n\t\t\t \r\n\t\t<\/div>\r\n\t\n\n\n<div style=\"height:100px\" aria-hidden=\"true\" class=\"wp-block-spacer\"><\/div>\n\n\n\r\n\t\t<div  class=\"block-cta-catering areoi-element mb-5 text-center\">\r\n\t\t\t\r\n\t\t\t\n\n<h2 class=\"wp-block-heading mb-3 h2\">\u00bfQuieres un staff que eleve tu pr\u00f3ximo evento?<\/h2>\n\n\n\n<p>Cu\u00e9ntanos qu\u00e9 necesitas y te prepararemos una propuesta a medida. En Pose Corp estamos listos para dise\u00f1ar contigo un evento corporativo que deje huella. Escr\u00edbenos y solicita presupuesto sin compromiso.<\/p>\n\n\n\r\n\t\t\t\t\r\n\t\t<a \r\n\t\t\t\r\n\t\t\tclass=\"block-cta-catering-btn btn areoi-has-url position-relative btn-outline-dark\"\r\n\t href=\"https:\/\/www.posecorp.com\/es\/contacto\/\" >\r\n\t\t\t\t\t\r\n\t\t\t\t\tSolicita presupuesto \r\n\t\t\t\t\t\r\n\t\t\t\t\t \r\n\t\t\t\t<\/a>\r\n\t\t\t\n\r\n\t\t\t \r\n\t\t<\/div>\r\n\t\n\n\n<div style=\"height:100px\" aria-hidden=\"true\" class=\"wp-block-spacer\"><\/div>\n\n\n\n<p><\/p>\n","protected":false},"excerpt":{"rendered":"","protected":false},"author":4,"featured_media":0,"parent":0,"menu_order":0,"comment_status":"closed","ping_status":"closed","template":"","meta":{"footnotes":""},"class_list":["post-904","page","type-page","status-publish","hentry"],"acf":[],"yoast_head":"<!-- This site is optimized with the Yoast SEO plugin v22.7 - https:\/\/yoast.com\/wordpress\/plugins\/seo\/ -->\n<title>Corporate event planning in Barcelona with full-service execution<\/title>\n<meta name=\"description\" content=\"We handle your corporate event planning in Barcelona, from logistics to unforgettable experiences\" \/>\n<meta name=\"robots\" content=\"index, follow, max-snippet:-1, max-image-preview:large, max-video-preview:-1\" \/>\n<link rel=\"canonical\" href=\"https:\/\/www.posecorp.com\/staff\/\" \/>\n<meta property=\"og:locale\" content=\"es_ES\" \/>\n<meta property=\"og:type\" content=\"article\" \/>\n<meta property=\"og:title\" content=\"Corporate event planning in Barcelona with full-service execution\" \/>\n<meta property=\"og:description\" content=\"We handle your corporate event planning in Barcelona, from logistics to unforgettable experiences\" \/>\n<meta property=\"og:url\" content=\"https:\/\/www.posecorp.com\/staff\/\" \/>\n<meta property=\"og:site_name\" content=\"Pose Corp\" \/>\n<meta property=\"article:modified_time\" content=\"2025-06-10T08:04:20+00:00\" \/>\n<meta property=\"og:image\" content=\"https:\/\/www.posecorp.com\/wp-content\/uploads\/2025\/06\/ChatGPT-Image-4-jun-2025-12_16_27.png\" \/>\n<meta name=\"twitter:card\" content=\"summary_large_image\" \/>\n<meta name=\"twitter:label1\" content=\"Tiempo de lectura\" \/>\n\t<meta name=\"twitter:data1\" content=\"1 minuto\" \/>\n<script type=\"application\/ld+json\" class=\"yoast-schema-graph\">{\"@context\":\"https:\/\/schema.org\",\"@graph\":[{\"@type\":\"WebPage\",\"@id\":\"https:\/\/www.posecorp.com\/staff\/\",\"url\":\"https:\/\/www.posecorp.com\/staff\/\",\"name\":\"Corporate event planning in Barcelona with full-service execution\",\"isPartOf\":{\"@id\":\"https:\/\/www.posecorp.com\/#website\"},\"primaryImageOfPage\":{\"@id\":\"https:\/\/www.posecorp.com\/staff\/#primaryimage\"},\"image\":{\"@id\":\"https:\/\/www.posecorp.com\/staff\/#primaryimage\"},\"thumbnailUrl\":\"https:\/\/www.posecorp.com\/wp-content\/uploads\/2025\/06\/ChatGPT-Image-4-jun-2025-12_16_27.png\",\"datePublished\":\"2025-06-04T10:06:24+00:00\",\"dateModified\":\"2025-06-10T08:04:20+00:00\",\"description\":\"We handle your corporate event planning in Barcelona, from logistics to unforgettable experiences\",\"breadcrumb\":{\"@id\":\"https:\/\/www.posecorp.com\/staff\/#breadcrumb\"},\"inLanguage\":\"es\",\"potentialAction\":[{\"@type\":\"ReadAction\",\"target\":[\"https:\/\/www.posecorp.com\/staff\/\"]}]},{\"@type\":\"ImageObject\",\"inLanguage\":\"es\",\"@id\":\"https:\/\/www.posecorp.com\/staff\/#primaryimage\",\"url\":\"https:\/\/www.posecorp.com\/wp-content\/uploads\/2025\/06\/ChatGPT-Image-4-jun-2025-12_16_27.png\",\"contentUrl\":\"https:\/\/www.posecorp.com\/wp-content\/uploads\/2025\/06\/ChatGPT-Image-4-jun-2025-12_16_27.png\"},{\"@type\":\"BreadcrumbList\",\"@id\":\"https:\/\/www.posecorp.com\/staff\/#breadcrumb\",\"itemListElement\":[{\"@type\":\"ListItem\",\"position\":1,\"name\":\"Portada\",\"item\":\"https:\/\/www.posecorp.com\/es\/\"},{\"@type\":\"ListItem\",\"position\":2,\"name\":\"Staff Eventos\"}]},{\"@type\":\"WebSite\",\"@id\":\"https:\/\/www.posecorp.com\/#website\",\"url\":\"https:\/\/www.posecorp.com\/\",\"name\":\"Pose Corp\",\"description\":\"\",\"publisher\":{\"@id\":\"https:\/\/www.posecorp.com\/#organization\"},\"potentialAction\":[{\"@type\":\"SearchAction\",\"target\":{\"@type\":\"EntryPoint\",\"urlTemplate\":\"https:\/\/www.posecorp.com\/?s={search_term_string}\"},\"query-input\":\"required name=search_term_string\"}],\"inLanguage\":\"es\"},{\"@type\":\"Organization\",\"@id\":\"https:\/\/www.posecorp.com\/#organization\",\"name\":\"Pose Corp\",\"url\":\"https:\/\/www.posecorp.com\/\",\"logo\":{\"@type\":\"ImageObject\",\"inLanguage\":\"es\",\"@id\":\"https:\/\/www.posecorp.com\/#\/schema\/logo\/image\/\",\"url\":\"https:\/\/www.posecorp.com\/wp-content\/uploads\/2025\/02\/cropped-logo-03-1.png\",\"contentUrl\":\"https:\/\/www.posecorp.com\/wp-content\/uploads\/2025\/02\/cropped-logo-03-1.png\",\"width\":891,\"height\":891,\"caption\":\"Pose Corp\"},\"image\":{\"@id\":\"https:\/\/www.posecorp.com\/#\/schema\/logo\/image\/\"}}]}<\/script>\n<!-- \/ Yoast SEO plugin. -->","yoast_head_json":{"title":"Corporate event planning in Barcelona with full-service execution","description":"We handle your corporate event planning in Barcelona, from logistics to unforgettable experiences","robots":{"index":"index","follow":"follow","max-snippet":"max-snippet:-1","max-image-preview":"max-image-preview:large","max-video-preview":"max-video-preview:-1"},"canonical":"https:\/\/www.posecorp.com\/staff\/","og_locale":"es_ES","og_type":"article","og_title":"Corporate event planning in Barcelona with full-service execution","og_description":"We handle your corporate event planning in Barcelona, from logistics to unforgettable experiences","og_url":"https:\/\/www.posecorp.com\/staff\/","og_site_name":"Pose Corp","article_modified_time":"2025-06-10T08:04:20+00:00","og_image":[{"url":"https:\/\/www.posecorp.com\/wp-content\/uploads\/2025\/06\/ChatGPT-Image-4-jun-2025-12_16_27.png"}],"twitter_card":"summary_large_image","twitter_misc":{"Tiempo de lectura":"1 minuto"},"schema":{"@context":"https:\/\/schema.org","@graph":[{"@type":"WebPage","@id":"https:\/\/www.posecorp.com\/staff\/","url":"https:\/\/www.posecorp.com\/staff\/","name":"Corporate event planning in Barcelona with full-service execution","isPartOf":{"@id":"https:\/\/www.posecorp.com\/#website"},"primaryImageOfPage":{"@id":"https:\/\/www.posecorp.com\/staff\/#primaryimage"},"image":{"@id":"https:\/\/www.posecorp.com\/staff\/#primaryimage"},"thumbnailUrl":"https:\/\/www.posecorp.com\/wp-content\/uploads\/2025\/06\/ChatGPT-Image-4-jun-2025-12_16_27.png","datePublished":"2025-06-04T10:06:24+00:00","dateModified":"2025-06-10T08:04:20+00:00","description":"We handle your corporate event planning in Barcelona, from logistics to unforgettable experiences","breadcrumb":{"@id":"https:\/\/www.posecorp.com\/staff\/#breadcrumb"},"inLanguage":"es","potentialAction":[{"@type":"ReadAction","target":["https:\/\/www.posecorp.com\/staff\/"]}]},{"@type":"ImageObject","inLanguage":"es","@id":"https:\/\/www.posecorp.com\/staff\/#primaryimage","url":"https:\/\/www.posecorp.com\/wp-content\/uploads\/2025\/06\/ChatGPT-Image-4-jun-2025-12_16_27.png","contentUrl":"https:\/\/www.posecorp.com\/wp-content\/uploads\/2025\/06\/ChatGPT-Image-4-jun-2025-12_16_27.png"},{"@type":"BreadcrumbList","@id":"https:\/\/www.posecorp.com\/staff\/#breadcrumb","itemListElement":[{"@type":"ListItem","position":1,"name":"Portada","item":"https:\/\/www.posecorp.com\/es\/"},{"@type":"ListItem","position":2,"name":"Staff Eventos"}]},{"@type":"WebSite","@id":"https:\/\/www.posecorp.com\/#website","url":"https:\/\/www.posecorp.com\/","name":"Pose Corp","description":"","publisher":{"@id":"https:\/\/www.posecorp.com\/#organization"},"potentialAction":[{"@type":"SearchAction","target":{"@type":"EntryPoint","urlTemplate":"https:\/\/www.posecorp.com\/?s={search_term_string}"},"query-input":"required name=search_term_string"}],"inLanguage":"es"},{"@type":"Organization","@id":"https:\/\/www.posecorp.com\/#organization","name":"Pose Corp","url":"https:\/\/www.posecorp.com\/","logo":{"@type":"ImageObject","inLanguage":"es","@id":"https:\/\/www.posecorp.com\/#\/schema\/logo\/image\/","url":"https:\/\/www.posecorp.com\/wp-content\/uploads\/2025\/02\/cropped-logo-03-1.png","contentUrl":"https:\/\/www.posecorp.com\/wp-content\/uploads\/2025\/02\/cropped-logo-03-1.png","width":891,"height":891,"caption":"Pose Corp"},"image":{"@id":"https:\/\/www.posecorp.com\/#\/schema\/logo\/image\/"}}]}},"_links":{"self":[{"href":"https:\/\/www.posecorp.com\/es\/wp-json\/wp\/v2\/pages\/904","targetHints":{"allow":["GET"]}}],"collection":[{"href":"https:\/\/www.posecorp.com\/es\/wp-json\/wp\/v2\/pages"}],"about":[{"href":"https:\/\/www.posecorp.com\/es\/wp-json\/wp\/v2\/types\/page"}],"author":[{"embeddable":true,"href":"https:\/\/www.posecorp.com\/es\/wp-json\/wp\/v2\/users\/4"}],"replies":[{"embeddable":true,"href":"https:\/\/www.posecorp.com\/es\/wp-json\/wp\/v2\/comments?post=904"}],"version-history":[{"count":3,"href":"https:\/\/www.posecorp.com\/es\/wp-json\/wp\/v2\/pages\/904\/revisions"}],"predecessor-version":[{"id":926,"href":"https:\/\/www.posecorp.com\/es\/wp-json\/wp\/v2\/pages\/904\/revisions\/926"}],"wp:attachment":[{"href":"https:\/\/www.posecorp.com\/es\/wp-json\/wp\/v2\/media?parent=904"}],"curies":[{"name":"wp","href":"https:\/\/api.w.org\/{rel}","templated":true}]}}