{"id":889,"date":"2025-06-04T11:51:31","date_gmt":"2025-06-04T09:51:31","guid":{"rendered":"https:\/\/www.posecorp.com\/?page_id=889"},"modified":"2025-08-18T13:06:20","modified_gmt":"2025-08-18T11:06:20","slug":"entretenimiento","status":"publish","type":"page","link":"https:\/\/www.posecorp.com\/es\/entretenimiento\/","title":{"rendered":"Entretenimiento"},"content":{"rendered":"\r\n\t\t<div  class=\"block-7a445958-abcf-42bf-88bf-5ddc4ab01dc5 areoi-element width-100 mb-5\">\r\n\t\t\t\r\n\t\t\t\n\n<div id=\"fashion-slider-block_a7d01745633c62045da6669b57ccab5d\" class=\"fashion-slider-class \">\n\n\n\n\n    <!-- Fashion slider container -->\n    <div class=\"fashion-slider\">\n        <div class=\"swiper\">\n            <div class=\"swiper-wrapper\">\n                                                            <!-- configure slide color with \"data-slide-bg-color\" attribute -->\n                        <div class=\"swiper-slide\" data-slide-bg-color=\"#0c6a8a\">\n                            <!-- slide title wrap -->\n                            <div class=\"fashion-slider-title\" data-swiper-parallax=\"-130%\">\n                                <!-- slide title text -->\n                                <div class=\"fashion-slider-title-text\">Entretenimiento<\/div>\n                            <\/div>\n                            <!-- slide image wrap -->\n                            <div class=\"fashion-slider-scale\">\n                                <!-- slide image -->\n                                <img decoding=\"async\" src=\"https:\/\/www.posecorp.com\/wp-content\/uploads\/2025\/06\/ec5fa40e-6d7d-433f-b231-0c11033e2e40.jpg\" alt=\"\">\n                            <\/div>\n                        <\/div>\n                                    \n            <\/div>\n\n\n\n            <!-- right\/next navigation button -->\n            <div class=\"fashion-slider-button-prev fashion-slider-button\">\n                <svg xmlns=\"http:\/\/www.w3.org\/2000\/svg\" viewBox=\"0 350 160 90\">\n                    <g class=\"fashion-slider-svg-wrap\">\n                        <g class=\"fashion-slider-svg-circle-wrap\">\n                            <circle cx=\"42\" cy=\"42\" r=\"40\"><\/circle>\n                        <\/g>\n                        <path class=\"fashion-slider-svg-arrow\" d=\"M.983,6.929,4.447,3.464.983,0,0,.983,2.482,3.464,0,5.946Z\">\n                        <\/path>\n                        <path class=\"fashion-slider-svg-line\" d=\"M80,0H0\"><\/path>\n                    <\/g>\n                <\/svg>\n            <\/div>\n            <!-- left\/previous navigation button -->\n            <div class=\"fashion-slider-button-next fashion-slider-button\">\n                <svg xmlns=\"http:\/\/www.w3.org\/2000\/svg\" viewBox=\"0 350 160 90\">\n                    <g class=\"fashion-slider-svg-wrap\">\n                        <g class=\"fashion-slider-svg-circle-wrap\">\n                            <circle cx=\"42\" cy=\"42\" r=\"40\"><\/circle>\n                        <\/g>\n                        <path class=\"fashion-slider-svg-arrow\" d=\"M.983,6.929,4.447,3.464.983,0,0,.983,2.482,3.464,0,5.946Z\">\n                        <\/path>\n                        <path class=\"fashion-slider-svg-line\" d=\"M80,0H0\"><\/path>\n                    <\/g>\n                <\/svg>\n            <\/div>\n        <\/div>\n\n    <\/div>\n\n\n<\/div>\n\n<div class=\"swiper-pagination\"><\/div>\n\n<script>\n    jQuery(document).ready(function ($) {\n        const sliderEl = document.querySelector('.fashion-slider');\n        createFashionSlider(sliderEl);\n    });\n<\/script>\n\r\n\t\t\t \r\n\t\t<\/div>\r\n\t\n\n\r\n\t\t<div  class=\"block-hero-catering areoi-element mb-5\">\r\n\t\t\t\r\n\t\t\t\n\r\n\t\t<div  class=\"block-hero-row row areoi-element row-md gx-5 gy-4 align-items-center\">\r\n\t\t\t\r\n\r\n\t\t\t\n\r\n\t\t<div data-aos=\"fade-right\"  class=\"block-hero-text col areoi-element col-7\">\r\n\t\t\t\r\n\t\t\t\n\n<h1 class=\"wp-block-heading\">Entretenimiento para Eventos Corporativos en Barcelona: Cautiva a tus Invitados con Pose Corp<\/h1>\n\n\n\n<p>En <strong>Pose Corp<\/strong>, ofrecemos <strong>entretenimiento para eventos corporativos en Barcelona<\/strong> dise\u00f1ado para sorprender y cautivar a tus invitados. Desde <strong>actuaciones en vivo<\/strong> hasta <strong>experiencias interactivas<\/strong>, nuestro entretenimiento garantiza momentos memorables que har\u00e1n brillar tu evento y dejar\u00e1n una huella duradera en los asistentes. Sabemos que el entretenimiento es uno de los aspectos m\u00e1s importantes de cualquier evento, por lo que nos aseguramos de ofrecerte propuestas personalizadas que se ajusten a tus necesidades y objetivos.<\/p>\n\n \r\n\t\t\t\r\n\t\t<\/div>\r\n\t\n\n\r\n\t\t<div data-aos-duration=\"1450\" data-aos=\"zoom-in\"  class=\"block-hero-img col areoi-element col-5\">\r\n\t\t\t\r\n\t\t\t\n\n<figure class=\"wp-block-image size-full mb-0 img-oval is-style-rounded\" data-aos=\"zoom-in\" data-aos-duration=\"1450\"><img fetchpriority=\"high\" decoding=\"async\" width=\"2560\" height=\"1707\" src=\"https:\/\/www.posecorp.com\/wp-content\/uploads\/2025\/06\/caught-up-in-the-vibe-2024-10-14-03-28-45-utc-scaled.jpg\" alt=\"\" class=\"wp-image-894\" style=\"aspect-ratio:1;object-fit:cover\" srcset=\"https:\/\/www.posecorp.com\/wp-content\/uploads\/2025\/06\/caught-up-in-the-vibe-2024-10-14-03-28-45-utc-scaled.jpg 2560w, https:\/\/www.posecorp.com\/wp-content\/uploads\/2025\/06\/caught-up-in-the-vibe-2024-10-14-03-28-45-utc-300x200.jpg 300w, https:\/\/www.posecorp.com\/wp-content\/uploads\/2025\/06\/caught-up-in-the-vibe-2024-10-14-03-28-45-utc-1024x683.jpg 1024w, https:\/\/www.posecorp.com\/wp-content\/uploads\/2025\/06\/caught-up-in-the-vibe-2024-10-14-03-28-45-utc-768x512.jpg 768w, https:\/\/www.posecorp.com\/wp-content\/uploads\/2025\/06\/caught-up-in-the-vibe-2024-10-14-03-28-45-utc-1536x1024.jpg 1536w, https:\/\/www.posecorp.com\/wp-content\/uploads\/2025\/06\/caught-up-in-the-vibe-2024-10-14-03-28-45-utc-2048x1365.jpg 2048w\" sizes=\"(max-width: 2560px) 100vw, 2560px\" \/><\/figure>\n\n \r\n\t\t\t\r\n\t\t<\/div>\r\n\t\n \r\n\t\t<\/div>\r\n\t\n\r\n\t\t\t \r\n\t\t<\/div>\r\n\t\n\n\n<div style=\"height:100px\" aria-hidden=\"true\" class=\"wp-block-spacer\"><\/div>\n\n\n\r\n\t\t<div  class=\"block-enfoque-section areoi-element mb-5\">\r\n\t\t\t\r\n\t\t\t\n\r\n\t\t<div  class=\"block-enfoque-row row areoi-element gx-5 gy-4 row-md\">\r\n\t\t\t\r\n\r\n\t\t\t\n\r\n\t\t<div data-aos=\"fade-left\"  class=\"block-enfoque-img col areoi-element col-6\">\r\n\t\t\t\r\n\t\t\t\n\n<figure class=\"wp-block-image size-full mb-4 is-style-rounded img-border shadow-sm\"><img decoding=\"async\" width=\"2560\" height=\"1707\" src=\"https:\/\/www.posecorp.com\/wp-content\/uploads\/2025\/08\/crowd-of-hands-up-concert-stage-lights-and-people-2025-02-09-23-38-22-utc-scaled.jpg\" alt=\"\" class=\"wp-image-1233\" srcset=\"https:\/\/www.posecorp.com\/wp-content\/uploads\/2025\/08\/crowd-of-hands-up-concert-stage-lights-and-people-2025-02-09-23-38-22-utc-scaled.jpg 2560w, https:\/\/www.posecorp.com\/wp-content\/uploads\/2025\/08\/crowd-of-hands-up-concert-stage-lights-and-people-2025-02-09-23-38-22-utc-300x200.jpg 300w, https:\/\/www.posecorp.com\/wp-content\/uploads\/2025\/08\/crowd-of-hands-up-concert-stage-lights-and-people-2025-02-09-23-38-22-utc-1024x683.jpg 1024w, https:\/\/www.posecorp.com\/wp-content\/uploads\/2025\/08\/crowd-of-hands-up-concert-stage-lights-and-people-2025-02-09-23-38-22-utc-768x512.jpg 768w, https:\/\/www.posecorp.com\/wp-content\/uploads\/2025\/08\/crowd-of-hands-up-concert-stage-lights-and-people-2025-02-09-23-38-22-utc-1536x1024.jpg 1536w, https:\/\/www.posecorp.com\/wp-content\/uploads\/2025\/08\/crowd-of-hands-up-concert-stage-lights-and-people-2025-02-09-23-38-22-utc-2048x1365.jpg 2048w\" sizes=\"(max-width: 2560px) 100vw, 2560px\" \/><\/figure>\n\n \r\n\t\t\t\r\n\t\t<\/div>\r\n\t\n\n\r\n\t\t<div  class=\"block-enfoque-text col areoi-element col-6\">\r\n\t\t\t\r\n\t\t\t\n\n<h2 class=\"wp-block-heading has-text-align-left mb-3 h2\">\u00bfQu\u00e9 Tipo de Entretenimiento Ofrecemos para Eventos Corporativos?<\/h2>\n\n\n\n<p>En <strong>Pose Corp<\/strong>, contamos con una variedad de opciones de <strong>entretenimiento para eventos corporativos<\/strong>, que incluyen:<\/p>\n\n\n\n<h3 class=\"wp-block-heading\">Actuaciones en Vivo<\/h3>\n\n\n\n<p>Desde m\u00fasica en vivo hasta espect\u00e1culos de danza o teatro, nuestras actuaciones est\u00e1n dise\u00f1adas para adaptarse a la tem\u00e1tica de tu evento y garantizar una experiencia \u00fanica para todos los asistentes.<br><\/p>\n\n\n\n<h3 class=\"wp-block-heading\">Experiencias Interactivas<\/h3>\n\n\n\n<p>Actividades que invitan a la participaci\u00f3n activa de los asistentes, creando una experiencia inmersiva y din\u00e1mica. Estas actividades pueden incluir juegos interactivos, din\u00e1micas de grupo, concursos y m\u00e1s.<br><\/p>\n\n\n\n<h3 class=\"wp-block-heading\">Animaci\u00f3n y Espect\u00e1culos Tem\u00e1ticos<\/h3>\n\n\n\n<p>Personalizamos el entretenimiento seg\u00fan el tema de tu evento, ya sea para motivar a tu equipo, premiar a tus clientes o crear un ambiente de celebraci\u00f3n y diversi\u00f3n.<br><\/p>\n\n\n\n<h3 class=\"wp-block-heading\">Fotograf\u00eda y Video en Vivo<\/h3>\n\n\n\n<p>Servicios de captura en tiempo real para que tus invitados puedan llevarse recuerdos \u00fanicos de su participaci\u00f3n en el evento.<\/p>\n\n \r\n\t\t\t\r\n\t\t<\/div>\r\n\t\n \r\n\t\t<\/div>\r\n\t\n\r\n\t\t\t \r\n\t\t<\/div>\r\n\t\n\n\n<div style=\"height:100px\" aria-hidden=\"true\" class=\"wp-block-spacer\"><\/div>\n\n\n\r\n\t\t<div  class=\"block-ventajas-section areoi-element mb-5\">\r\n\t\t\t\r\n\t\t\t\n\r\n\t\t<div  class=\"block-d20cc45e-dafa-418d-815c-b624a5e8b9b4 row areoi-element gx-5 gy-4 row-md\">\r\n\t\t\t\r\n\r\n\t\t\t\n\r\n\t\t<div  class=\"block-f4ac9422-1ed1-4dfa-9b91-eaf8acd29c9b col areoi-element col-6\">\r\n\t\t\t\r\n\t\t\t\n\n<h2 class=\"wp-block-heading mb-3 h2\">Beneficios del Entretenimiento para tu Evento Corporativo<\/h2>\n\n\n\n<p>El <strong>entretenimiento para eventos corporativos en Barcelona<\/strong> no solo sirve para amenizar la velada, sino que tiene un impacto directo en la percepci\u00f3n y \u00e9xito de tu evento. Algunos de los beneficios clave son:<\/p>\n\n\n\n<h3 class=\"wp-block-heading\">Mejora la Experiencia del Asistente<\/h3>\n\n\n\n<p>El entretenimiento adecuado eleva la experiencia de los asistentes, haciendo que se sientan m\u00e1s conectados e involucrados en el evento.<br><\/p>\n\n\n\n<h3 class=\"wp-block-heading\">Refuerza los Mensajes Clave<\/h3>\n\n\n\n<p>A trav\u00e9s de espect\u00e1culos y actividades interactivas, puedes reforzar los mensajes de tu evento, ya sea de motivaci\u00f3n, innovaci\u00f3n o fidelizaci\u00f3n.<br><\/p>\n\n\n\n<h3 class=\"wp-block-heading\">Fomenta la Colaboraci\u00f3n<\/h3>\n\n\n\n<p>Las actividades interactivas y colaborativas no solo entretienen, sino que tambi\u00e9n fomentan el trabajo en equipo y la colaboraci\u00f3n entre los asistentes.<br><\/p>\n\n\n\n<h3 class=\"wp-block-heading\">Genera Recuerdos Memorables<\/h3>\n\n\n\n<p>Un buen entretenimiento hace que tu evento sea recordado con cari\u00f1o, creando recuerdos positivos que fortalecer\u00e1n la relaci\u00f3n con tus clientes o empleados.<\/p>\n\n \r\n\t\t\t\r\n\t\t<\/div>\r\n\t\n\n\r\n\t\t<div  class=\"block-edcdf60f-a8dc-476f-9af8-6b2ce836f3af col areoi-element col-6\">\r\n\t\t\t\r\n\t\t\t\n\n<div class=\"wp-block-group is-nowrap is-layout-flex wp-container-core-group-is-layout-ad2f72ca wp-block-group-is-layout-flex\">\n<figure class=\"wp-block-image size-full mb-4 is-style-rounded img-border shadow-sm\"><img decoding=\"async\" width=\"2560\" height=\"1707\" src=\"https:\/\/www.posecorp.com\/wp-content\/uploads\/2025\/08\/music-2025-03-08-12-54-32-utc-scaled.jpg\" alt=\"\" class=\"wp-image-1231\" srcset=\"https:\/\/www.posecorp.com\/wp-content\/uploads\/2025\/08\/music-2025-03-08-12-54-32-utc-scaled.jpg 2560w, https:\/\/www.posecorp.com\/wp-content\/uploads\/2025\/08\/music-2025-03-08-12-54-32-utc-300x200.jpg 300w, https:\/\/www.posecorp.com\/wp-content\/uploads\/2025\/08\/music-2025-03-08-12-54-32-utc-1024x683.jpg 1024w, https:\/\/www.posecorp.com\/wp-content\/uploads\/2025\/08\/music-2025-03-08-12-54-32-utc-768x512.jpg 768w, https:\/\/www.posecorp.com\/wp-content\/uploads\/2025\/08\/music-2025-03-08-12-54-32-utc-1536x1024.jpg 1536w, https:\/\/www.posecorp.com\/wp-content\/uploads\/2025\/08\/music-2025-03-08-12-54-32-utc-2048x1366.jpg 2048w\" sizes=\"(max-width: 2560px) 100vw, 2560px\" \/><\/figure>\n<\/div>\n\n \r\n\t\t\t\r\n\t\t<\/div>\r\n\t\n \r\n\t\t<\/div>\r\n\t\n\r\n\t\t\t \r\n\t\t<\/div>\r\n\t\n\n\n<div style=\"height:100px\" aria-hidden=\"true\" class=\"wp-block-spacer\"><\/div>\n\n\n\r\n\t\t<div  class=\"block-3b2f4521-31d4-4bfc-be4f-1dfa706cde1a areoi-element mb-5\">\r\n\t\t\t\r\n\t\t\t\n\r\n\t\t<div  class=\"block-ace341ce-2597-446a-8533-d4d2c7a18445 row areoi-element gx-5 gy-4 row-md\">\r\n\t\t\t\r\n\r\n\t\t\t\n\r\n\t\t<div data-aos=\"fade-left\"  class=\"block-enfoque-img col areoi-element col-6\">\r\n\t\t\t\r\n\t\t\t\n\n<figure class=\"wp-block-image size-full mb-4 is-style-rounded img-border shadow-sm\"><img loading=\"lazy\" decoding=\"async\" width=\"2560\" height=\"1709\" src=\"https:\/\/www.posecorp.com\/wp-content\/uploads\/2025\/08\/the-artist-paints-pictures-with-sand-2025-04-20-17-04-32-utc-scaled.jpg\" alt=\"\" class=\"wp-image-1229\" srcset=\"https:\/\/www.posecorp.com\/wp-content\/uploads\/2025\/08\/the-artist-paints-pictures-with-sand-2025-04-20-17-04-32-utc-scaled.jpg 2560w, https:\/\/www.posecorp.com\/wp-content\/uploads\/2025\/08\/the-artist-paints-pictures-with-sand-2025-04-20-17-04-32-utc-300x200.jpg 300w, https:\/\/www.posecorp.com\/wp-content\/uploads\/2025\/08\/the-artist-paints-pictures-with-sand-2025-04-20-17-04-32-utc-1024x684.jpg 1024w, https:\/\/www.posecorp.com\/wp-content\/uploads\/2025\/08\/the-artist-paints-pictures-with-sand-2025-04-20-17-04-32-utc-768x513.jpg 768w, https:\/\/www.posecorp.com\/wp-content\/uploads\/2025\/08\/the-artist-paints-pictures-with-sand-2025-04-20-17-04-32-utc-1536x1025.jpg 1536w, https:\/\/www.posecorp.com\/wp-content\/uploads\/2025\/08\/the-artist-paints-pictures-with-sand-2025-04-20-17-04-32-utc-2048x1367.jpg 2048w\" sizes=\"(max-width: 2560px) 100vw, 2560px\" \/><\/figure>\n\n \r\n\t\t\t\r\n\t\t<\/div>\r\n\t\n\n\r\n\t\t<div  class=\"block-enfoque-text col areoi-element col-6\">\r\n\t\t\t\r\n\t\t\t\n\n<h2 class=\"wp-block-heading has-text-align-left mb-3 h2\">\u00bfPor Qu\u00e9 Elegir Pose Corp para el Entretenimiento de tu Evento Corporativo en Barcelona?<\/h2>\n\n\n\n<h3 class=\"wp-block-heading\">Variedad y Personalizaci\u00f3n<\/h3>\n\n\n\n<p>Ofrecemos una amplia gama de opciones de entretenimiento adaptadas a las necesidades de tu evento y a los intereses de tus asistentes.<br><\/p>\n\n\n\n<h3 class=\"wp-block-heading\">Experiencia y Creatividad<\/h3>\n\n\n\n<p>Con a\u00f1os de experiencia en la organizaci\u00f3n de eventos en Barcelona, nuestro equipo se especializa en dise\u00f1ar entretenimiento creativo y de alta calidad que se adapta a cualquier tipo de evento corporativo.<br><\/p>\n\n\n\n<h3 class=\"wp-block-heading\">Profesionales Capacitados<\/h3>\n\n\n\n<p>Nuestros artistas y proveedores de entretenimiento son expertos en su campo, garantizando una ejecuci\u00f3n impecable de todas las actividades.<br><\/p>\n\n\n\n<h3 class=\"wp-block-heading\">Impacto Medible<\/h3>\n\n\n\n<p>Nos aseguramos de que el entretenimiento no solo sea divertido, sino que tambi\u00e9n tenga un impacto positivo en los objetivos de tu evento, ya sea aumentar la motivaci\u00f3n, fidelizar a los clientes o mejorar el esp\u00edritu de equipo.<\/p>\n\n \r\n\t\t\t\r\n\t\t<\/div>\r\n\t\n \r\n\t\t<\/div>\r\n\t\n\r\n\t\t\t \r\n\t\t<\/div>\r\n\t\n\n\n<div style=\"height:100px\" aria-hidden=\"true\" class=\"wp-block-spacer\"><\/div>\n\n\n\r\n\t\t<div  class=\"block-cta-catering areoi-element mb-5 text-center\">\r\n\t\t\t\r\n\t\t\t\n\n<h2 class=\"wp-block-heading mb-3 h2\">Transforma tu Evento Corporativo con Entretenimiento en Barcelona<\/h2>\n\n\n\n<p>Si buscas <strong>entretenimiento para eventos corporativos en Barcelona<\/strong> que deje una impresi\u00f3n duradera, <strong>Pose Corp<\/strong> es tu socio ideal. Desde actuaciones en vivo hasta experiencias inmersivas, creamos momentos inolvidables para tus eventos corporativos. Con nuestro enfoque creativo y personalizado, transformamos tu evento en una experiencia que tus invitados no olvidar\u00e1n.<\/p>\n\n\n\n<h3 class=\"wp-block-heading\">\u00bfEst\u00e1s listo para elevar tu evento?&nbsp;<\/h3>\n\n\n\n<p>Cu\u00e9ntanos qu\u00e9 tipo de entretenimiento necesitas y te prepararemos una propuesta a medida. Escr\u00edbenos hoy mismo para solicitar un <strong>presupuesto sin compromiso<\/strong> y asegurar el \u00e9xito de tu pr\u00f3ximo evento corporativo.<\/p>\n\n\n\r\n\t\t\t\t\r\n\t\t<a \r\n\t\t\t\r\n\t\t\tclass=\"block-cta-catering-btn btn areoi-has-url position-relative btn-outline-dark\"\r\n\t href=\"https:\/\/www.posecorp.com\/es\/contacto\/\" >\r\n\t\t\t\t\t\r\n\t\t\t\t\tSolicita presupuesto \r\n\t\t\t\t\t\r\n\t\t\t\t\t \r\n\t\t\t\t<\/a>\r\n\t\t\t\n\r\n\t\t\t \r\n\t\t<\/div>\r\n\t\n\n\n<p><\/p>\n","protected":false},"excerpt":{"rendered":"","protected":false},"author":4,"featured_media":0,"parent":0,"menu_order":0,"comment_status":"closed","ping_status":"closed","template":"","meta":{"footnotes":""},"class_list":["post-889","page","type-page","status-publish","hentry"],"acf":[],"yoast_head":"<!-- This site is optimized with the Yoast SEO plugin v22.7 - https:\/\/yoast.com\/wordpress\/plugins\/seo\/ -->\n<title>Entretenimiento para Eventos Corporativos en Barcelona<\/title>\n<meta name=\"description\" content=\"Eleva tu evento corporativo con entretenimiento en Barcelona: actividades que mejoran la experiencia de tus invitados.\" \/>\n<meta name=\"robots\" content=\"index, follow, max-snippet:-1, max-image-preview:large, max-video-preview:-1\" \/>\n<link rel=\"canonical\" href=\"https:\/\/www.posecorp.com\/es\/entretenimiento\/\" \/>\n<meta property=\"og:locale\" content=\"es_ES\" \/>\n<meta property=\"og:type\" content=\"article\" \/>\n<meta property=\"og:title\" content=\"Entretenimiento para Eventos Corporativos en Barcelona\" \/>\n<meta property=\"og:description\" content=\"Eleva tu evento corporativo con entretenimiento en Barcelona: actividades que mejoran la experiencia de tus invitados.\" \/>\n<meta property=\"og:url\" content=\"https:\/\/www.posecorp.com\/es\/entretenimiento\/\" \/>\n<meta property=\"og:site_name\" content=\"Pose Corp\" \/>\n<meta property=\"article:modified_time\" content=\"2025-08-18T11:06:20+00:00\" \/>\n<meta property=\"og:image\" content=\"https:\/\/www.posecorp.com\/wp-content\/uploads\/2025\/06\/caught-up-in-the-vibe-2024-10-14-03-28-45-utc-scaled.jpg\" \/>\n<meta name=\"twitter:card\" content=\"summary_large_image\" \/>\n<meta name=\"twitter:label1\" content=\"Tiempo de lectura\" \/>\n\t<meta name=\"twitter:data1\" content=\"4 minutos\" \/>\n<script type=\"application\/ld+json\" class=\"yoast-schema-graph\">{\"@context\":\"https:\/\/schema.org\",\"@graph\":[{\"@type\":\"WebPage\",\"@id\":\"https:\/\/www.posecorp.com\/es\/entretenimiento\/\",\"url\":\"https:\/\/www.posecorp.com\/es\/entretenimiento\/\",\"name\":\"Entretenimiento para Eventos Corporativos en Barcelona\",\"isPartOf\":{\"@id\":\"https:\/\/www.posecorp.com\/#website\"},\"primaryImageOfPage\":{\"@id\":\"https:\/\/www.posecorp.com\/es\/entretenimiento\/#primaryimage\"},\"image\":{\"@id\":\"https:\/\/www.posecorp.com\/es\/entretenimiento\/#primaryimage\"},\"thumbnailUrl\":\"https:\/\/www.posecorp.com\/wp-content\/uploads\/2025\/06\/caught-up-in-the-vibe-2024-10-14-03-28-45-utc-scaled.jpg\",\"datePublished\":\"2025-06-04T09:51:31+00:00\",\"dateModified\":\"2025-08-18T11:06:20+00:00\",\"description\":\"Eleva tu evento corporativo con entretenimiento en Barcelona: actividades que mejoran la experiencia de tus invitados.\",\"breadcrumb\":{\"@id\":\"https:\/\/www.posecorp.com\/es\/entretenimiento\/#breadcrumb\"},\"inLanguage\":\"es\",\"potentialAction\":[{\"@type\":\"ReadAction\",\"target\":[\"https:\/\/www.posecorp.com\/es\/entretenimiento\/\"]}]},{\"@type\":\"ImageObject\",\"inLanguage\":\"es\",\"@id\":\"https:\/\/www.posecorp.com\/es\/entretenimiento\/#primaryimage\",\"url\":\"https:\/\/www.posecorp.com\/wp-content\/uploads\/2025\/06\/caught-up-in-the-vibe-2024-10-14-03-28-45-utc-scaled.jpg\",\"contentUrl\":\"https:\/\/www.posecorp.com\/wp-content\/uploads\/2025\/06\/caught-up-in-the-vibe-2024-10-14-03-28-45-utc-scaled.jpg\"},{\"@type\":\"BreadcrumbList\",\"@id\":\"https:\/\/www.posecorp.com\/es\/entretenimiento\/#breadcrumb\",\"itemListElement\":[{\"@type\":\"ListItem\",\"position\":1,\"name\":\"Portada\",\"item\":\"https:\/\/www.posecorp.com\/es\/\"},{\"@type\":\"ListItem\",\"position\":2,\"name\":\"Entretenimiento\"}]},{\"@type\":\"WebSite\",\"@id\":\"https:\/\/www.posecorp.com\/#website\",\"url\":\"https:\/\/www.posecorp.com\/\",\"name\":\"Pose Corp\",\"description\":\"\",\"publisher\":{\"@id\":\"https:\/\/www.posecorp.com\/#organization\"},\"potentialAction\":[{\"@type\":\"SearchAction\",\"target\":{\"@type\":\"EntryPoint\",\"urlTemplate\":\"https:\/\/www.posecorp.com\/?s={search_term_string}\"},\"query-input\":\"required name=search_term_string\"}],\"inLanguage\":\"es\"},{\"@type\":\"Organization\",\"@id\":\"https:\/\/www.posecorp.com\/#organization\",\"name\":\"Pose Corp\",\"url\":\"https:\/\/www.posecorp.com\/\",\"logo\":{\"@type\":\"ImageObject\",\"inLanguage\":\"es\",\"@id\":\"https:\/\/www.posecorp.com\/#\/schema\/logo\/image\/\",\"url\":\"https:\/\/www.posecorp.com\/wp-content\/uploads\/2025\/02\/cropped-logo-03-1.png\",\"contentUrl\":\"https:\/\/www.posecorp.com\/wp-content\/uploads\/2025\/02\/cropped-logo-03-1.png\",\"width\":891,\"height\":891,\"caption\":\"Pose Corp\"},\"image\":{\"@id\":\"https:\/\/www.posecorp.com\/#\/schema\/logo\/image\/\"}}]}<\/script>\n<!-- \/ Yoast SEO plugin. -->","yoast_head_json":{"title":"Entretenimiento para Eventos Corporativos en Barcelona","description":"Eleva tu evento corporativo con entretenimiento en Barcelona: actividades que mejoran la experiencia de tus invitados.","robots":{"index":"index","follow":"follow","max-snippet":"max-snippet:-1","max-image-preview":"max-image-preview:large","max-video-preview":"max-video-preview:-1"},"canonical":"https:\/\/www.posecorp.com\/es\/entretenimiento\/","og_locale":"es_ES","og_type":"article","og_title":"Entretenimiento para Eventos Corporativos en Barcelona","og_description":"Eleva tu evento corporativo con entretenimiento en Barcelona: actividades que mejoran la experiencia de tus invitados.","og_url":"https:\/\/www.posecorp.com\/es\/entretenimiento\/","og_site_name":"Pose Corp","article_modified_time":"2025-08-18T11:06:20+00:00","og_image":[{"url":"https:\/\/www.posecorp.com\/wp-content\/uploads\/2025\/06\/caught-up-in-the-vibe-2024-10-14-03-28-45-utc-scaled.jpg"}],"twitter_card":"summary_large_image","twitter_misc":{"Tiempo de lectura":"4 minutos"},"schema":{"@context":"https:\/\/schema.org","@graph":[{"@type":"WebPage","@id":"https:\/\/www.posecorp.com\/es\/entretenimiento\/","url":"https:\/\/www.posecorp.com\/es\/entretenimiento\/","name":"Entretenimiento para Eventos Corporativos en Barcelona","isPartOf":{"@id":"https:\/\/www.posecorp.com\/#website"},"primaryImageOfPage":{"@id":"https:\/\/www.posecorp.com\/es\/entretenimiento\/#primaryimage"},"image":{"@id":"https:\/\/www.posecorp.com\/es\/entretenimiento\/#primaryimage"},"thumbnailUrl":"https:\/\/www.posecorp.com\/wp-content\/uploads\/2025\/06\/caught-up-in-the-vibe-2024-10-14-03-28-45-utc-scaled.jpg","datePublished":"2025-06-04T09:51:31+00:00","dateModified":"2025-08-18T11:06:20+00:00","description":"Eleva tu evento corporativo con entretenimiento en Barcelona: actividades que mejoran la experiencia de tus invitados.","breadcrumb":{"@id":"https:\/\/www.posecorp.com\/es\/entretenimiento\/#breadcrumb"},"inLanguage":"es","potentialAction":[{"@type":"ReadAction","target":["https:\/\/www.posecorp.com\/es\/entretenimiento\/"]}]},{"@type":"ImageObject","inLanguage":"es","@id":"https:\/\/www.posecorp.com\/es\/entretenimiento\/#primaryimage","url":"https:\/\/www.posecorp.com\/wp-content\/uploads\/2025\/06\/caught-up-in-the-vibe-2024-10-14-03-28-45-utc-scaled.jpg","contentUrl":"https:\/\/www.posecorp.com\/wp-content\/uploads\/2025\/06\/caught-up-in-the-vibe-2024-10-14-03-28-45-utc-scaled.jpg"},{"@type":"BreadcrumbList","@id":"https:\/\/www.posecorp.com\/es\/entretenimiento\/#breadcrumb","itemListElement":[{"@type":"ListItem","position":1,"name":"Portada","item":"https:\/\/www.posecorp.com\/es\/"},{"@type":"ListItem","position":2,"name":"Entretenimiento"}]},{"@type":"WebSite","@id":"https:\/\/www.posecorp.com\/#website","url":"https:\/\/www.posecorp.com\/","name":"Pose Corp","description":"","publisher":{"@id":"https:\/\/www.posecorp.com\/#organization"},"potentialAction":[{"@type":"SearchAction","target":{"@type":"EntryPoint","urlTemplate":"https:\/\/www.posecorp.com\/?s={search_term_string}"},"query-input":"required name=search_term_string"}],"inLanguage":"es"},{"@type":"Organization","@id":"https:\/\/www.posecorp.com\/#organization","name":"Pose Corp","url":"https:\/\/www.posecorp.com\/","logo":{"@type":"ImageObject","inLanguage":"es","@id":"https:\/\/www.posecorp.com\/#\/schema\/logo\/image\/","url":"https:\/\/www.posecorp.com\/wp-content\/uploads\/2025\/02\/cropped-logo-03-1.png","contentUrl":"https:\/\/www.posecorp.com\/wp-content\/uploads\/2025\/02\/cropped-logo-03-1.png","width":891,"height":891,"caption":"Pose Corp"},"image":{"@id":"https:\/\/www.posecorp.com\/#\/schema\/logo\/image\/"}}]}},"_links":{"self":[{"href":"https:\/\/www.posecorp.com\/es\/wp-json\/wp\/v2\/pages\/889","targetHints":{"allow":["GET"]}}],"collection":[{"href":"https:\/\/www.posecorp.com\/es\/wp-json\/wp\/v2\/pages"}],"about":[{"href":"https:\/\/www.posecorp.com\/es\/wp-json\/wp\/v2\/types\/page"}],"author":[{"embeddable":true,"href":"https:\/\/www.posecorp.com\/es\/wp-json\/wp\/v2\/users\/4"}],"replies":[{"embeddable":true,"href":"https:\/\/www.posecorp.com\/es\/wp-json\/wp\/v2\/comments?post=889"}],"version-history":[{"count":3,"href":"https:\/\/www.posecorp.com\/es\/wp-json\/wp\/v2\/pages\/889\/revisions"}],"predecessor-version":[{"id":1239,"href":"https:\/\/www.posecorp.com\/es\/wp-json\/wp\/v2\/pages\/889\/revisions\/1239"}],"wp:attachment":[{"href":"https:\/\/www.posecorp.com\/es\/wp-json\/wp\/v2\/media?parent=889"}],"curies":[{"name":"wp","href":"https:\/\/api.w.org\/{rel}","templated":true}]}}