{"id":871,"date":"2025-06-04T11:38:24","date_gmt":"2025-06-04T09:38:24","guid":{"rendered":"https:\/\/www.posecorp.com\/?page_id=871"},"modified":"2025-07-07T11:40:29","modified_gmt":"2025-07-07T09:40:29","slug":"gestion-integral-de-eventos","status":"publish","type":"page","link":"https:\/\/www.posecorp.com\/es\/gestion-integral-de-eventos\/","title":{"rendered":"Gesti\u00f3n integral de eventos"},"content":{"rendered":"\r\n\t\t<div  class=\"block-7a445958-abcf-42bf-88bf-5ddc4ab01dc5 areoi-element width-100 mb-5\">\r\n\t\t\t\r\n\t\t\t\n\n<div id=\"fashion-slider-block_fd80f107c73781da3c03d026b8e825e2\" class=\"fashion-slider-class \">\n\n\n\n\n    <!-- Fashion slider container -->\n    <div class=\"fashion-slider\">\n        <div class=\"swiper\">\n            <div class=\"swiper-wrapper\">\n                                                            <!-- configure slide color with \"data-slide-bg-color\" attribute -->\n                        <div class=\"swiper-slide\" data-slide-bg-color=\"#0c6a8a\">\n                            <!-- slide title wrap -->\n                            <div class=\"fashion-slider-title\" data-swiper-parallax=\"-130%\">\n                                <!-- slide title text -->\n                                <div class=\"fashion-slider-title-text\">Gesti\u00f3n integral de eventos<\/div>\n                            <\/div>\n                            <!-- slide image wrap -->\n                            <div class=\"fashion-slider-scale\">\n                                <!-- slide image -->\n                                <img decoding=\"async\" src=\"https:\/\/www.posecorp.com\/wp-content\/uploads\/2025\/06\/3f6a4ec6-c2c0-4d59-9e29-c71f65654654.jpg\" alt=\"\">\n                            <\/div>\n                        <\/div>\n                                    \n            <\/div>\n\n\n\n            <!-- right\/next navigation button -->\n            <div class=\"fashion-slider-button-prev fashion-slider-button\">\n                <svg xmlns=\"http:\/\/www.w3.org\/2000\/svg\" viewBox=\"0 350 160 90\">\n                    <g class=\"fashion-slider-svg-wrap\">\n                        <g class=\"fashion-slider-svg-circle-wrap\">\n                            <circle cx=\"42\" cy=\"42\" r=\"40\"><\/circle>\n                        <\/g>\n                        <path class=\"fashion-slider-svg-arrow\" d=\"M.983,6.929,4.447,3.464.983,0,0,.983,2.482,3.464,0,5.946Z\">\n                        <\/path>\n                        <path class=\"fashion-slider-svg-line\" d=\"M80,0H0\"><\/path>\n                    <\/g>\n                <\/svg>\n            <\/div>\n            <!-- left\/previous navigation button -->\n            <div class=\"fashion-slider-button-next fashion-slider-button\">\n                <svg xmlns=\"http:\/\/www.w3.org\/2000\/svg\" viewBox=\"0 350 160 90\">\n                    <g class=\"fashion-slider-svg-wrap\">\n                        <g class=\"fashion-slider-svg-circle-wrap\">\n                            <circle cx=\"42\" cy=\"42\" r=\"40\"><\/circle>\n                        <\/g>\n                        <path class=\"fashion-slider-svg-arrow\" d=\"M.983,6.929,4.447,3.464.983,0,0,.983,2.482,3.464,0,5.946Z\">\n                        <\/path>\n                        <path class=\"fashion-slider-svg-line\" d=\"M80,0H0\"><\/path>\n                    <\/g>\n                <\/svg>\n            <\/div>\n        <\/div>\n\n    <\/div>\n\n\n<\/div>\n\n<div class=\"swiper-pagination\"><\/div>\n\n<script>\n    jQuery(document).ready(function ($) {\n        const sliderEl = document.querySelector('.fashion-slider');\n        createFashionSlider(sliderEl);\n    });\n<\/script>\n\r\n\t\t\t \r\n\t\t<\/div>\r\n\t\n\n\r\n\t\t<div  class=\"block-hero-catering areoi-element mb-5\">\r\n\t\t\t\r\n\t\t\t\n\r\n\t\t<div  class=\"block-hero-row row areoi-element row-md gx-5 gy-4 align-items-center\">\r\n\t\t\t\r\n\r\n\t\t\t\n\r\n\t\t<div data-aos=\"fade-right\"  class=\"block-hero-text col areoi-element col-7\">\r\n\t\t\t\r\n\t\t\t\n\n<h1 class=\"wp-block-heading mb-4 h1\">Gesti\u00f3n Integral de Eventos Corporativos en Barcelona<\/h1>\n\n\n\n<div class=\"wp-block-group is-nowrap is-layout-flex wp-container-core-group-is-layout-ad2f72ca wp-block-group-is-layout-flex\">\n<p>En <strong>Pose Corp<\/strong>, somos expertos en <strong>Gesti\u00f3n Integral de Eventos Corporativos en Barcelona<\/strong>. Nos especializamos en ofrecer soluciones personalizadas y de alta calidad, con un enfoque 360\u00ba que abarca todos los aspectos de la organizaci\u00f3n de tu evento. Desde la <strong>planificaci\u00f3n meticulosa<\/strong> hasta la <strong>ejecuci\u00f3n impecable<\/strong>, nos encargamos de cada detalle para que tu evento corporativo no solo cumpla con tus expectativas, sino que las supere.<br><\/p>\n\n\n\n<div style=\"height:100px;width:0px\" aria-hidden=\"true\" class=\"wp-block-spacer wp-container-content-6388d5dc\"><\/div>\n<\/div>\n\n\n\n<p>Ya sea que est\u00e9s organizando una <strong>convenci\u00f3n<\/strong>, <strong>congreso<\/strong>, <strong>seminario<\/strong>, <strong>incentivos corporativos<\/strong> o cualquier otro evento empresarial, en <strong>Pose Corp<\/strong> nos aseguramos de que cada fase est\u00e9 cuidadosamente coordinada. Nuestro objetivo es crear una experiencia \u00fanica para ti, tus empleados, clientes o socios.<\/p>\n\n \r\n\t\t\t\r\n\t\t<\/div>\r\n\t\n\n\r\n\t\t<div data-aos-duration=\"1450\" data-aos=\"zoom-in\"  class=\"block-hero-img col areoi-element col-5\">\r\n\t\t\t\r\n\t\t\t\n\n<figure class=\"wp-block-image size-full mb-0 img-oval is-style-rounded\" data-aos=\"zoom-in\" data-aos-duration=\"1450\"><img fetchpriority=\"high\" decoding=\"async\" width=\"1536\" height=\"1024\" src=\"https:\/\/www.posecorp.com\/wp-content\/uploads\/2025\/05\/ChatGPT-Image-3-jun-2025-09_58_17.png\" alt=\"tipos de personal para eventos\" class=\"wp-image-697\" style=\"aspect-ratio:1;object-fit:cover\" srcset=\"https:\/\/www.posecorp.com\/wp-content\/uploads\/2025\/05\/ChatGPT-Image-3-jun-2025-09_58_17.png 1536w, https:\/\/www.posecorp.com\/wp-content\/uploads\/2025\/05\/ChatGPT-Image-3-jun-2025-09_58_17-300x200.png 300w, https:\/\/www.posecorp.com\/wp-content\/uploads\/2025\/05\/ChatGPT-Image-3-jun-2025-09_58_17-1024x683.png 1024w, https:\/\/www.posecorp.com\/wp-content\/uploads\/2025\/05\/ChatGPT-Image-3-jun-2025-09_58_17-768x512.png 768w\" sizes=\"(max-width: 1536px) 100vw, 1536px\" \/><\/figure>\n\n \r\n\t\t\t\r\n\t\t<\/div>\r\n\t\n \r\n\t\t<\/div>\r\n\t\n\r\n\t\t\t \r\n\t\t<\/div>\r\n\t\n\n\n<div style=\"height:100px\" aria-hidden=\"true\" class=\"wp-block-spacer\"><\/div>\n\n\n\r\n\t\t<div  class=\"block-enfoque-section areoi-element mb-5\">\r\n\t\t\t\r\n\t\t\t\n\r\n\t\t<div  class=\"block-enfoque-row row areoi-element gx-5 gy-4 row-md\">\r\n\t\t\t\r\n\r\n\t\t\t\n\r\n\t\t<div data-aos=\"fade-left\"  class=\"block-enfoque-img col areoi-element col-6\">\r\n\t\t\t\r\n\t\t\t\n\n<figure class=\"wp-block-image size-full mb-4 is-style-rounded img-border shadow-sm\"><img decoding=\"async\" width=\"2560\" height=\"1707\" src=\"https:\/\/www.posecorp.com\/wp-content\/uploads\/2025\/07\/business-executives-interacting-with-each-other-wh-2025-04-04-14-05-21-utc-scaled.jpg\" alt=\"\" class=\"wp-image-1168\" srcset=\"https:\/\/www.posecorp.com\/wp-content\/uploads\/2025\/07\/business-executives-interacting-with-each-other-wh-2025-04-04-14-05-21-utc-scaled.jpg 2560w, https:\/\/www.posecorp.com\/wp-content\/uploads\/2025\/07\/business-executives-interacting-with-each-other-wh-2025-04-04-14-05-21-utc-300x200.jpg 300w, https:\/\/www.posecorp.com\/wp-content\/uploads\/2025\/07\/business-executives-interacting-with-each-other-wh-2025-04-04-14-05-21-utc-1024x683.jpg 1024w, https:\/\/www.posecorp.com\/wp-content\/uploads\/2025\/07\/business-executives-interacting-with-each-other-wh-2025-04-04-14-05-21-utc-768x512.jpg 768w, https:\/\/www.posecorp.com\/wp-content\/uploads\/2025\/07\/business-executives-interacting-with-each-other-wh-2025-04-04-14-05-21-utc-1536x1024.jpg 1536w, https:\/\/www.posecorp.com\/wp-content\/uploads\/2025\/07\/business-executives-interacting-with-each-other-wh-2025-04-04-14-05-21-utc-2048x1365.jpg 2048w\" sizes=\"(max-width: 2560px) 100vw, 2560px\" \/><\/figure>\n\n \r\n\t\t\t\r\n\t\t<\/div>\r\n\t\n\n\r\n\t\t<div  class=\"block-enfoque-text col areoi-element col-6\">\r\n\t\t\t\r\n\t\t\t\n\n<h2 class=\"wp-block-heading has-text-align-left mb-3 h2\">\u00bfPor qu\u00e9 confiar en nuestra Gesti\u00f3n Integral de Eventos?<\/h2>\n\n\n\n<div class=\"wp-block-group is-nowrap is-layout-flex wp-container-core-group-is-layout-ad2f72ca wp-block-group-is-layout-flex\">\n<p><strong>Pose Corp<\/strong> se distingue por su capacidad para ofrecer una <strong>gesti\u00f3n integral de eventos<\/strong> que cubre todos los aspectos, adapt\u00e1ndose a tus necesidades espec\u00edficas. Nuestro enfoque se basa en tres pilares fundamentales:<\/p>\n<\/div>\n\n\n\n<h3 class=\"wp-block-heading\">Planificaci\u00f3n y Dise\u00f1o Creativo<\/h3>\n\n\n\n<p>Desde el inicio, trabajamos codo a codo contigo para entender tus objetivos, tu audiencia y tu visi\u00f3n. Creamos un concepto \u00fanico que se adapta a tus necesidades y asegura que tu evento sea memorable y eficaz. Aplicamos ideas innovadoras y estrategias creativas para que tu evento sea relevante y capte la atenci\u00f3n de los asistentes<\/p>\n\n\n\n<h3 class=\"wp-block-heading\">Log\u00edstica y Coordinaci\u00f3n Profesional<\/h3>\n\n\n\n<p>Nos encargamos de todos los detalles operativos, desde la gesti\u00f3n del transporte de los asistentes hasta la correcta disposici\u00f3n de los espacios. La coordinaci\u00f3n de tiempos, proveedores y recursos es nuestra especialidad, asegurando que todo funcione de manera fluida y sin contratiempos.<\/p>\n\n \r\n\t\t\t\r\n\t\t<\/div>\r\n\t\n \r\n\t\t<\/div>\r\n\t\n\r\n\t\t\t \r\n\t\t<\/div>\r\n\t\n\n\r\n\t\t<div  class=\"block-ventajas-section areoi-element mb-5\">\r\n\t\t\t\r\n\t\t\t\n\r\n\t\t<div  class=\"block-d20cc45e-dafa-418d-815c-b624a5e8b9b4 row areoi-element gx-5 gy-4 row-md\">\r\n\t\t\t\r\n\r\n\t\t\t\n\r\n\t\t<div  class=\"block-f4ac9422-1ed1-4dfa-9b91-eaf8acd29c9b col areoi-element col-6\">\r\n\t\t\t\r\n\t\t\t\n\n<h3 class=\"wp-block-heading mb-3 h2\">Catering y Entretenimiento<\/h3>\n\n\n\n<p>Ofrecemos una selecci\u00f3n de <strong>catering premium<\/strong> que satisface los paladares m\u00e1s exigentes y experiencias de <strong>entretenimiento innovadoras<\/strong> que cautivan a los invitados, asegurando que disfruten del evento en su totalidad. Desde espect\u00e1culos en vivo hasta actividades interactivas, personalizamos cada elemento para ofrecer algo \u00fanico.<\/p>\n\n\n\n<h3 class=\"wp-block-heading\">Personal Profesional<\/h3>\n\n\n\n<p>Contamos con un equipo altamente cualificado para ofrecer un servicio excepcional. Desde el personal de <strong>recepci\u00f3n<\/strong> hasta los <strong>coordinadores de log\u00edstica<\/strong>, todo el equipo de <strong>Pose Corp<\/strong> se enfoca en proporcionar una experiencia impecable a tus asistentes.<\/p>\n\n\n\n<h3 class=\"wp-block-heading\">Servicios Ejecutivos y Hospitalidad<\/h3>\n\n\n\n<p>Nos ocupamos de las agendas y de la coordinaci\u00f3n de todos los aspectos log\u00edsticos para que t\u00fa y tus invitados puedan disfrutar del evento sin preocuparse por nada. Adem\u00e1s, proporcionamos <strong>hospitalidad personalizada<\/strong>, cuidando cada detalle para garantizar que todos los participantes se sientan c\u00f3modos y atendidos durante toda la jornada.<\/p>\n\n \r\n\t\t\t\r\n\t\t<\/div>\r\n\t\n\n\r\n\t\t<div  class=\"block-edcdf60f-a8dc-476f-9af8-6b2ce836f3af col areoi-element col-6\">\r\n\t\t\t\r\n\t\t\t\n\n<div class=\"wp-block-group is-nowrap is-layout-flex wp-container-core-group-is-layout-ad2f72ca wp-block-group-is-layout-flex\">\n<figure class=\"wp-block-image size-full mb-4 is-style-rounded img-border shadow-sm\"><img decoding=\"async\" width=\"2560\" height=\"1707\" src=\"https:\/\/www.posecorp.com\/wp-content\/uploads\/2025\/07\/two-groups-of-successful-speakers-in-formalwear-ta-2025-03-17-01-32-44-utc-scaled.jpg\" alt=\"\" class=\"wp-image-1172\" srcset=\"https:\/\/www.posecorp.com\/wp-content\/uploads\/2025\/07\/two-groups-of-successful-speakers-in-formalwear-ta-2025-03-17-01-32-44-utc-scaled.jpg 2560w, https:\/\/www.posecorp.com\/wp-content\/uploads\/2025\/07\/two-groups-of-successful-speakers-in-formalwear-ta-2025-03-17-01-32-44-utc-300x200.jpg 300w, https:\/\/www.posecorp.com\/wp-content\/uploads\/2025\/07\/two-groups-of-successful-speakers-in-formalwear-ta-2025-03-17-01-32-44-utc-1024x683.jpg 1024w, https:\/\/www.posecorp.com\/wp-content\/uploads\/2025\/07\/two-groups-of-successful-speakers-in-formalwear-ta-2025-03-17-01-32-44-utc-768x512.jpg 768w, https:\/\/www.posecorp.com\/wp-content\/uploads\/2025\/07\/two-groups-of-successful-speakers-in-formalwear-ta-2025-03-17-01-32-44-utc-1536x1024.jpg 1536w, https:\/\/www.posecorp.com\/wp-content\/uploads\/2025\/07\/two-groups-of-successful-speakers-in-formalwear-ta-2025-03-17-01-32-44-utc-2048x1365.jpg 2048w\" sizes=\"(max-width: 2560px) 100vw, 2560px\" \/><\/figure>\n<\/div>\n\n \r\n\t\t\t\r\n\t\t<\/div>\r\n\t\n \r\n\t\t<\/div>\r\n\t\n\r\n\t\t\t \r\n\t\t<\/div>\r\n\t\n\n\r\n\t\t<div  class=\"block-cta-catering areoi-element mb-5 text-center\">\r\n\t\t\t\r\n\t\t\t\n\n<h2 class=\"wp-block-heading mb-3 h2\">\u00bfQuieres una Gesti\u00f3n integral de eventos que eleve tu pr\u00f3ximo evento?<\/h2>\n\n\n\n<p>Cu\u00e9ntanos qu\u00e9 necesitas y te prepararemos una propuesta a medida. En Pose Corp estamos listos para dise\u00f1ar contigo un evento corporativo que deje huella. Escr\u00edbenos y solicita presupuesto sin compromiso.<\/p>\n\n\n\r\n\t\t\t\t\r\n\t\t<a \r\n\t\t\t\r\n\t\t\tclass=\"block-cta-catering-btn btn areoi-has-url position-relative btn-outline-dark\"\r\n\t href=\"https:\/\/www.posecorp.com\/es\/contacto\/\" >\r\n\t\t\t\t\t\r\n\t\t\t\t\tSolicita presupuesto \r\n\t\t\t\t\t\r\n\t\t\t\t\t \r\n\t\t\t\t<\/a>\r\n\t\t\t\n\r\n\t\t\t \r\n\t\t<\/div>\r\n\t\n\n\n<div style=\"height:100px\" aria-hidden=\"true\" class=\"wp-block-spacer\"><\/div>\n","protected":false},"excerpt":{"rendered":"","protected":false},"author":4,"featured_media":0,"parent":0,"menu_order":0,"comment_status":"closed","ping_status":"closed","template":"","meta":{"footnotes":""},"class_list":["post-871","page","type-page","status-publish","hentry"],"acf":[],"yoast_head":"<!-- This site is optimized with the Yoast SEO plugin v22.7 - https:\/\/yoast.com\/wordpress\/plugins\/seo\/ -->\n<title>Planificaci\u00f3n completa de eventos corporativos en Barcelona<\/title>\n<meta name=\"description\" content=\"Nos encargamos de la planificaci\u00f3n de tu evento corporativo en Barcelona, desde la log\u00edstica hasta experiencias inolvidables.\" \/>\n<meta name=\"robots\" content=\"index, follow, max-snippet:-1, max-image-preview:large, max-video-preview:-1\" \/>\n<link rel=\"canonical\" href=\"https:\/\/www.posecorp.com\/es\/gestion-integral-de-eventos\/\" \/>\n<meta property=\"og:locale\" content=\"es_ES\" \/>\n<meta property=\"og:type\" content=\"article\" \/>\n<meta property=\"og:title\" content=\"Planificaci\u00f3n completa de eventos corporativos en Barcelona\" \/>\n<meta property=\"og:description\" content=\"Nos encargamos de la planificaci\u00f3n de tu evento corporativo en Barcelona, desde la log\u00edstica hasta experiencias inolvidables.\" \/>\n<meta property=\"og:url\" content=\"https:\/\/www.posecorp.com\/es\/gestion-integral-de-eventos\/\" \/>\n<meta property=\"og:site_name\" content=\"Pose Corp\" \/>\n<meta property=\"article:modified_time\" content=\"2025-07-07T09:40:29+00:00\" \/>\n<meta property=\"og:image\" content=\"https:\/\/www.posecorp.com\/wp-content\/uploads\/2025\/05\/ChatGPT-Image-3-jun-2025-09_58_17.png\" \/>\n<meta name=\"twitter:card\" content=\"summary_large_image\" \/>\n<meta name=\"twitter:label1\" content=\"Tiempo de lectura\" \/>\n\t<meta name=\"twitter:data1\" content=\"3 minutos\" \/>\n<script type=\"application\/ld+json\" class=\"yoast-schema-graph\">{\"@context\":\"https:\/\/schema.org\",\"@graph\":[{\"@type\":\"WebPage\",\"@id\":\"https:\/\/www.posecorp.com\/es\/gestion-integral-de-eventos\/\",\"url\":\"https:\/\/www.posecorp.com\/es\/gestion-integral-de-eventos\/\",\"name\":\"Planificaci\u00f3n completa de eventos corporativos en Barcelona\",\"isPartOf\":{\"@id\":\"https:\/\/www.posecorp.com\/#website\"},\"primaryImageOfPage\":{\"@id\":\"https:\/\/www.posecorp.com\/es\/gestion-integral-de-eventos\/#primaryimage\"},\"image\":{\"@id\":\"https:\/\/www.posecorp.com\/es\/gestion-integral-de-eventos\/#primaryimage\"},\"thumbnailUrl\":\"https:\/\/www.posecorp.com\/wp-content\/uploads\/2025\/05\/ChatGPT-Image-3-jun-2025-09_58_17.png\",\"datePublished\":\"2025-06-04T09:38:24+00:00\",\"dateModified\":\"2025-07-07T09:40:29+00:00\",\"description\":\"Nos encargamos de la planificaci\u00f3n de tu evento corporativo en Barcelona, desde la log\u00edstica hasta experiencias inolvidables.\",\"breadcrumb\":{\"@id\":\"https:\/\/www.posecorp.com\/es\/gestion-integral-de-eventos\/#breadcrumb\"},\"inLanguage\":\"es\",\"potentialAction\":[{\"@type\":\"ReadAction\",\"target\":[\"https:\/\/www.posecorp.com\/es\/gestion-integral-de-eventos\/\"]}]},{\"@type\":\"ImageObject\",\"inLanguage\":\"es\",\"@id\":\"https:\/\/www.posecorp.com\/es\/gestion-integral-de-eventos\/#primaryimage\",\"url\":\"https:\/\/www.posecorp.com\/wp-content\/uploads\/2025\/05\/ChatGPT-Image-3-jun-2025-09_58_17.png\",\"contentUrl\":\"https:\/\/www.posecorp.com\/wp-content\/uploads\/2025\/05\/ChatGPT-Image-3-jun-2025-09_58_17.png\"},{\"@type\":\"BreadcrumbList\",\"@id\":\"https:\/\/www.posecorp.com\/es\/gestion-integral-de-eventos\/#breadcrumb\",\"itemListElement\":[{\"@type\":\"ListItem\",\"position\":1,\"name\":\"Portada\",\"item\":\"https:\/\/www.posecorp.com\/es\/\"},{\"@type\":\"ListItem\",\"position\":2,\"name\":\"Gesti\u00f3n integral de eventos\"}]},{\"@type\":\"WebSite\",\"@id\":\"https:\/\/www.posecorp.com\/#website\",\"url\":\"https:\/\/www.posecorp.com\/\",\"name\":\"Pose Corp\",\"description\":\"\",\"publisher\":{\"@id\":\"https:\/\/www.posecorp.com\/#organization\"},\"potentialAction\":[{\"@type\":\"SearchAction\",\"target\":{\"@type\":\"EntryPoint\",\"urlTemplate\":\"https:\/\/www.posecorp.com\/?s={search_term_string}\"},\"query-input\":\"required name=search_term_string\"}],\"inLanguage\":\"es\"},{\"@type\":\"Organization\",\"@id\":\"https:\/\/www.posecorp.com\/#organization\",\"name\":\"Pose Corp\",\"url\":\"https:\/\/www.posecorp.com\/\",\"logo\":{\"@type\":\"ImageObject\",\"inLanguage\":\"es\",\"@id\":\"https:\/\/www.posecorp.com\/#\/schema\/logo\/image\/\",\"url\":\"https:\/\/www.posecorp.com\/wp-content\/uploads\/2025\/02\/cropped-logo-03-1.png\",\"contentUrl\":\"https:\/\/www.posecorp.com\/wp-content\/uploads\/2025\/02\/cropped-logo-03-1.png\",\"width\":891,\"height\":891,\"caption\":\"Pose Corp\"},\"image\":{\"@id\":\"https:\/\/www.posecorp.com\/#\/schema\/logo\/image\/\"}}]}<\/script>\n<!-- \/ Yoast SEO plugin. -->","yoast_head_json":{"title":"Planificaci\u00f3n completa de eventos corporativos en Barcelona","description":"Nos encargamos de la planificaci\u00f3n de tu evento corporativo en Barcelona, desde la log\u00edstica hasta experiencias inolvidables.","robots":{"index":"index","follow":"follow","max-snippet":"max-snippet:-1","max-image-preview":"max-image-preview:large","max-video-preview":"max-video-preview:-1"},"canonical":"https:\/\/www.posecorp.com\/es\/gestion-integral-de-eventos\/","og_locale":"es_ES","og_type":"article","og_title":"Planificaci\u00f3n completa de eventos corporativos en Barcelona","og_description":"Nos encargamos de la planificaci\u00f3n de tu evento corporativo en Barcelona, desde la log\u00edstica hasta experiencias inolvidables.","og_url":"https:\/\/www.posecorp.com\/es\/gestion-integral-de-eventos\/","og_site_name":"Pose Corp","article_modified_time":"2025-07-07T09:40:29+00:00","og_image":[{"url":"https:\/\/www.posecorp.com\/wp-content\/uploads\/2025\/05\/ChatGPT-Image-3-jun-2025-09_58_17.png"}],"twitter_card":"summary_large_image","twitter_misc":{"Tiempo de lectura":"3 minutos"},"schema":{"@context":"https:\/\/schema.org","@graph":[{"@type":"WebPage","@id":"https:\/\/www.posecorp.com\/es\/gestion-integral-de-eventos\/","url":"https:\/\/www.posecorp.com\/es\/gestion-integral-de-eventos\/","name":"Planificaci\u00f3n completa de eventos corporativos en Barcelona","isPartOf":{"@id":"https:\/\/www.posecorp.com\/#website"},"primaryImageOfPage":{"@id":"https:\/\/www.posecorp.com\/es\/gestion-integral-de-eventos\/#primaryimage"},"image":{"@id":"https:\/\/www.posecorp.com\/es\/gestion-integral-de-eventos\/#primaryimage"},"thumbnailUrl":"https:\/\/www.posecorp.com\/wp-content\/uploads\/2025\/05\/ChatGPT-Image-3-jun-2025-09_58_17.png","datePublished":"2025-06-04T09:38:24+00:00","dateModified":"2025-07-07T09:40:29+00:00","description":"Nos encargamos de la planificaci\u00f3n de tu evento corporativo en Barcelona, desde la log\u00edstica hasta experiencias inolvidables.","breadcrumb":{"@id":"https:\/\/www.posecorp.com\/es\/gestion-integral-de-eventos\/#breadcrumb"},"inLanguage":"es","potentialAction":[{"@type":"ReadAction","target":["https:\/\/www.posecorp.com\/es\/gestion-integral-de-eventos\/"]}]},{"@type":"ImageObject","inLanguage":"es","@id":"https:\/\/www.posecorp.com\/es\/gestion-integral-de-eventos\/#primaryimage","url":"https:\/\/www.posecorp.com\/wp-content\/uploads\/2025\/05\/ChatGPT-Image-3-jun-2025-09_58_17.png","contentUrl":"https:\/\/www.posecorp.com\/wp-content\/uploads\/2025\/05\/ChatGPT-Image-3-jun-2025-09_58_17.png"},{"@type":"BreadcrumbList","@id":"https:\/\/www.posecorp.com\/es\/gestion-integral-de-eventos\/#breadcrumb","itemListElement":[{"@type":"ListItem","position":1,"name":"Portada","item":"https:\/\/www.posecorp.com\/es\/"},{"@type":"ListItem","position":2,"name":"Gesti\u00f3n integral de eventos"}]},{"@type":"WebSite","@id":"https:\/\/www.posecorp.com\/#website","url":"https:\/\/www.posecorp.com\/","name":"Pose Corp","description":"","publisher":{"@id":"https:\/\/www.posecorp.com\/#organization"},"potentialAction":[{"@type":"SearchAction","target":{"@type":"EntryPoint","urlTemplate":"https:\/\/www.posecorp.com\/?s={search_term_string}"},"query-input":"required name=search_term_string"}],"inLanguage":"es"},{"@type":"Organization","@id":"https:\/\/www.posecorp.com\/#organization","name":"Pose Corp","url":"https:\/\/www.posecorp.com\/","logo":{"@type":"ImageObject","inLanguage":"es","@id":"https:\/\/www.posecorp.com\/#\/schema\/logo\/image\/","url":"https:\/\/www.posecorp.com\/wp-content\/uploads\/2025\/02\/cropped-logo-03-1.png","contentUrl":"https:\/\/www.posecorp.com\/wp-content\/uploads\/2025\/02\/cropped-logo-03-1.png","width":891,"height":891,"caption":"Pose Corp"},"image":{"@id":"https:\/\/www.posecorp.com\/#\/schema\/logo\/image\/"}}]}},"_links":{"self":[{"href":"https:\/\/www.posecorp.com\/es\/wp-json\/wp\/v2\/pages\/871","targetHints":{"allow":["GET"]}}],"collection":[{"href":"https:\/\/www.posecorp.com\/es\/wp-json\/wp\/v2\/pages"}],"about":[{"href":"https:\/\/www.posecorp.com\/es\/wp-json\/wp\/v2\/types\/page"}],"author":[{"embeddable":true,"href":"https:\/\/www.posecorp.com\/es\/wp-json\/wp\/v2\/users\/4"}],"replies":[{"embeddable":true,"href":"https:\/\/www.posecorp.com\/es\/wp-json\/wp\/v2\/comments?post=871"}],"version-history":[{"count":3,"href":"https:\/\/www.posecorp.com\/es\/wp-json\/wp\/v2\/pages\/871\/revisions"}],"predecessor-version":[{"id":1178,"href":"https:\/\/www.posecorp.com\/es\/wp-json\/wp\/v2\/pages\/871\/revisions\/1178"}],"wp:attachment":[{"href":"https:\/\/www.posecorp.com\/es\/wp-json\/wp\/v2\/media?parent=871"}],"curies":[{"name":"wp","href":"https:\/\/api.w.org\/{rel}","templated":true}]}}