{"id":775,"date":"2025-06-04T10:13:44","date_gmt":"2025-06-04T08:13:44","guid":{"rendered":"https:\/\/www.posecorp.com\/?page_id=775"},"modified":"2025-08-18T12:46:29","modified_gmt":"2025-08-18T10:46:29","slug":"transporte","status":"publish","type":"page","link":"https:\/\/www.posecorp.com\/es\/transporte\/","title":{"rendered":"Transporte"},"content":{"rendered":"\r\n\t\t<div  class=\"block-7a445958-abcf-42bf-88bf-5ddc4ab01dc5 areoi-element width-100 mb-5\">\r\n\t\t\t\r\n\t\t\t\n\n<div id=\"fashion-slider-block_89ff0cba734cc83e830056233aeca8a9\" class=\"fashion-slider-class \">\n\n\n\n\n    <!-- Fashion slider container -->\n    <div class=\"fashion-slider\">\n        <div class=\"swiper\">\n            <div class=\"swiper-wrapper\">\n                                                            <!-- configure slide color with \"data-slide-bg-color\" attribute -->\n                        <div class=\"swiper-slide\" data-slide-bg-color=\"#0c6a8a\">\n                            <!-- slide title wrap -->\n                            <div class=\"fashion-slider-title\" data-swiper-parallax=\"-130%\">\n                                <!-- slide title text -->\n                                <div class=\"fashion-slider-title-text\">Transporte<\/div>\n                            <\/div>\n                            <!-- slide image wrap -->\n                            <div class=\"fashion-slider-scale\">\n                                <!-- slide image -->\n                                <img decoding=\"async\" src=\"https:\/\/www.posecorp.com\/wp-content\/uploads\/2024\/11\/trasnporte-1-scaled.jpg\" alt=\"\">\n                            <\/div>\n                        <\/div>\n                                    \n            <\/div>\n\n\n\n            <!-- right\/next navigation button -->\n            <div class=\"fashion-slider-button-prev fashion-slider-button\">\n                <svg xmlns=\"http:\/\/www.w3.org\/2000\/svg\" viewBox=\"0 350 160 90\">\n                    <g class=\"fashion-slider-svg-wrap\">\n                        <g class=\"fashion-slider-svg-circle-wrap\">\n                            <circle cx=\"42\" cy=\"42\" r=\"40\"><\/circle>\n                        <\/g>\n                        <path class=\"fashion-slider-svg-arrow\" d=\"M.983,6.929,4.447,3.464.983,0,0,.983,2.482,3.464,0,5.946Z\">\n                        <\/path>\n                        <path class=\"fashion-slider-svg-line\" d=\"M80,0H0\"><\/path>\n                    <\/g>\n                <\/svg>\n            <\/div>\n            <!-- left\/previous navigation button -->\n            <div class=\"fashion-slider-button-next fashion-slider-button\">\n                <svg xmlns=\"http:\/\/www.w3.org\/2000\/svg\" viewBox=\"0 350 160 90\">\n                    <g class=\"fashion-slider-svg-wrap\">\n                        <g class=\"fashion-slider-svg-circle-wrap\">\n                            <circle cx=\"42\" cy=\"42\" r=\"40\"><\/circle>\n                        <\/g>\n                        <path class=\"fashion-slider-svg-arrow\" d=\"M.983,6.929,4.447,3.464.983,0,0,.983,2.482,3.464,0,5.946Z\">\n                        <\/path>\n                        <path class=\"fashion-slider-svg-line\" d=\"M80,0H0\"><\/path>\n                    <\/g>\n                <\/svg>\n            <\/div>\n        <\/div>\n\n    <\/div>\n\n\n<\/div>\n\n<div class=\"swiper-pagination\"><\/div>\n\n<script>\n    jQuery(document).ready(function ($) {\n        const sliderEl = document.querySelector('.fashion-slider');\n        createFashionSlider(sliderEl);\n    });\n<\/script>\n\r\n\t\t\t \r\n\t\t<\/div>\r\n\t\n\n\r\n\t\t<div  class=\"block-hero-catering areoi-element mb-5\">\r\n\t\t\t\r\n\t\t\t\n\r\n\t\t<div  class=\"block-hero-row row areoi-element row-md gx-5 gy-4 align-items-center\">\r\n\t\t\t\r\n\r\n\t\t\t\n\r\n\t\t<div data-aos=\"fade-right\"  class=\"block-hero-text col areoi-element col-7\">\r\n\t\t\t\r\n\t\t\t\n\n<h1 class=\"wp-block-heading\">Transporte para Eventos Corporativos en Barcelona: Movilidad sin Preocupaciones con Pose Corp<\/h1>\n\n\n\n<p>En <strong>Pose Corp<\/strong>, ofrecemos <strong>transporte para eventos<\/strong> en <strong>Barcelona<\/strong>, brindando soluciones de movilidad de alta calidad que garantizan comodidad y elegancia para todos los asistentes.<\/p>\n\n\n\n<p>Desde <strong>traslados lujosos<\/strong> hasta una <strong>log\u00edstica eficiente<\/strong>, nuestro servicio de <strong>transporte para eventos<\/strong> y <strong>autob\u00fas para eventos<\/strong> asegura una experiencia impecable y sin preocupaciones para tu evento corporativo. Ya sea que necesites traslados para ejecutivos, equipos completos o invitados, nos encargamos de cada detalle para que puedas concentrarte en lo m\u00e1s importante.<\/p>\n\n \r\n\t\t\t\r\n\t\t<\/div>\r\n\t\n\n\r\n\t\t<div data-aos-duration=\"1450\" data-aos=\"zoom-in\"  class=\"block-hero-img col areoi-element col-5\">\r\n\t\t\t\r\n\t\t\t\n\n<figure class=\"wp-block-image size-full mb-0 img-oval is-style-rounded\" data-aos=\"zoom-in\" data-aos-duration=\"1450\"><img fetchpriority=\"high\" decoding=\"async\" width=\"2560\" height=\"1708\" src=\"https:\/\/www.posecorp.com\/wp-content\/uploads\/2025\/06\/business-people-sitting-in-minivan-taxi-2025-03-13-23-03-14-utc-scaled.jpg\" alt=\"\" class=\"wp-image-819\" style=\"aspect-ratio:1;object-fit:cover\" srcset=\"https:\/\/www.posecorp.com\/wp-content\/uploads\/2025\/06\/business-people-sitting-in-minivan-taxi-2025-03-13-23-03-14-utc-scaled.jpg 2560w, https:\/\/www.posecorp.com\/wp-content\/uploads\/2025\/06\/business-people-sitting-in-minivan-taxi-2025-03-13-23-03-14-utc-300x200.jpg 300w, https:\/\/www.posecorp.com\/wp-content\/uploads\/2025\/06\/business-people-sitting-in-minivan-taxi-2025-03-13-23-03-14-utc-1024x683.jpg 1024w, https:\/\/www.posecorp.com\/wp-content\/uploads\/2025\/06\/business-people-sitting-in-minivan-taxi-2025-03-13-23-03-14-utc-768x512.jpg 768w, https:\/\/www.posecorp.com\/wp-content\/uploads\/2025\/06\/business-people-sitting-in-minivan-taxi-2025-03-13-23-03-14-utc-1536x1025.jpg 1536w, https:\/\/www.posecorp.com\/wp-content\/uploads\/2025\/06\/business-people-sitting-in-minivan-taxi-2025-03-13-23-03-14-utc-2048x1366.jpg 2048w\" sizes=\"(max-width: 2560px) 100vw, 2560px\" \/><\/figure>\n\n \r\n\t\t\t\r\n\t\t<\/div>\r\n\t\n \r\n\t\t<\/div>\r\n\t\n\r\n\t\t\t \r\n\t\t<\/div>\r\n\t\n\n\n<div style=\"height:100px\" aria-hidden=\"true\" class=\"wp-block-spacer\"><\/div>\n\n\n\r\n\t\t<div  class=\"block-enfoque-section areoi-element mb-5\">\r\n\t\t\t\r\n\t\t\t\n\r\n\t\t<div  class=\"block-enfoque-row row areoi-element gx-5 gy-4 row-md\">\r\n\t\t\t\r\n\r\n\t\t\t\n\r\n\t\t<div data-aos=\"fade-left\"  class=\"block-enfoque-img col areoi-element col-6\">\r\n\t\t\t\r\n\t\t\t\n\n<figure class=\"wp-block-image size-full mb-4 is-style-rounded img-border shadow-sm\"><img decoding=\"async\" width=\"2560\" height=\"1707\" src=\"https:\/\/www.posecorp.com\/wp-content\/uploads\/2025\/08\/smiling-passenger-engaging-in-friendly-conversatio-2025-02-22-02-04-10-utc-scaled.jpg\" alt=\"\" class=\"wp-image-1216\" srcset=\"https:\/\/www.posecorp.com\/wp-content\/uploads\/2025\/08\/smiling-passenger-engaging-in-friendly-conversatio-2025-02-22-02-04-10-utc-scaled.jpg 2560w, https:\/\/www.posecorp.com\/wp-content\/uploads\/2025\/08\/smiling-passenger-engaging-in-friendly-conversatio-2025-02-22-02-04-10-utc-300x200.jpg 300w, https:\/\/www.posecorp.com\/wp-content\/uploads\/2025\/08\/smiling-passenger-engaging-in-friendly-conversatio-2025-02-22-02-04-10-utc-1024x683.jpg 1024w, https:\/\/www.posecorp.com\/wp-content\/uploads\/2025\/08\/smiling-passenger-engaging-in-friendly-conversatio-2025-02-22-02-04-10-utc-768x512.jpg 768w, https:\/\/www.posecorp.com\/wp-content\/uploads\/2025\/08\/smiling-passenger-engaging-in-friendly-conversatio-2025-02-22-02-04-10-utc-1536x1024.jpg 1536w, https:\/\/www.posecorp.com\/wp-content\/uploads\/2025\/08\/smiling-passenger-engaging-in-friendly-conversatio-2025-02-22-02-04-10-utc-2048x1365.jpg 2048w\" sizes=\"(max-width: 2560px) 100vw, 2560px\" \/><\/figure>\n\n \r\n\t\t\t\r\n\t\t<\/div>\r\n\t\n\n\r\n\t\t<div  class=\"block-enfoque-text col areoi-element col-6\">\r\n\t\t\t\r\n\t\t\t\n\n<h2 class=\"wp-block-heading has-text-align-left mb-3 h2\">\u00bfQu\u00e9 Incluye Nuestro Servicio de Transporte para Eventos?<\/h2>\n\n\n\n<p>En <strong>Pose Corp<\/strong>, nos especializamos en ofrecer <strong>transporte para eventos<\/strong> adaptado a las necesidades espec\u00edficas de tu empresa y tipo de evento. Entre nuestros servicios se incluyen:<\/p>\n\n\n\n<h3 class=\"wp-block-heading\">Traslados Elegantes<\/h3>\n\n\n\n<p>Veh\u00edculos de lujo con conductores profesionales, dise\u00f1ados para ofrecer una experiencia de confort y estilo para tus invitados m\u00e1s importantes.<br><\/p>\n\n\n\n<h3 class=\"wp-block-heading\">Autob\u00fas para Eventos<\/h3>\n\n\n\n<p>Ofrecemos autobuses modernos y c\u00f3modos para transportar grandes grupos de asistentes. Perfectos para eventos de mayor escala, asegurando que todos los participantes lleguen de manera puntual y c\u00f3moda.<br><\/p>\n\n\n\n<h3 class=\"wp-block-heading\">Log\u00edstica de Transporte<\/h3>\n\n\n\n<p>Nos encargamos de la planificaci\u00f3n y coordinaci\u00f3n de la log\u00edstica de transporte, asegurando que todos los traslados se realicen a tiempo y sin contratiempos.<br><\/p>\n\n\n\n<h3 class=\"wp-block-heading\">Servicios Personalizados<\/h3>\n\n\n\n<p>Desde el transporte en veh\u00edculos premium hasta autobuses para eventos, nuestro servicio es completamente personalizable seg\u00fan tus necesidades.<\/p>\n\n \r\n\t\t\t\r\n\t\t<\/div>\r\n\t\n \r\n\t\t<\/div>\r\n\t\n\r\n\t\t\t \r\n\t\t<\/div>\r\n\t\n\n\n<div style=\"height:100px\" aria-hidden=\"true\" class=\"wp-block-spacer\"><\/div>\n\n\n\r\n\t\t<div  class=\"block-ventajas-section areoi-element mb-5\">\r\n\t\t\t\r\n\t\t\t\n\r\n\t\t<div  class=\"block-d20cc45e-dafa-418d-815c-b624a5e8b9b4 row areoi-element gx-5 gy-4 row-md\">\r\n\t\t\t\r\n\r\n\t\t\t\n\r\n\t\t<div  class=\"block-f4ac9422-1ed1-4dfa-9b91-eaf8acd29c9b col areoi-element col-6\">\r\n\t\t\t\r\n\t\t\t\n\n<h2 class=\"wp-block-heading mb-3 h2\">Beneficios del Transporte para Eventos en Barcelona<\/h2>\n\n\n\n<p>Contar con un servicio de <strong>transporte para eventos<\/strong> tiene numerosos beneficios para tu evento corporativo. Algunos de los m\u00e1s destacados son:<\/p>\n\n\n\n<h3 class=\"wp-block-heading\">Comodidad y Elegancia<\/h3>\n\n\n\n<p>El transporte adecuado no solo ofrece comodidad, sino que tambi\u00e9n refuerza la imagen profesional y elegante de tu evento.<br><\/p>\n\n\n\n<h3 class=\"wp-block-heading\">Puntualidad Garantizada<\/h3>\n\n\n\n<p>La log\u00edstica eficiente asegura que todos los traslados se realicen a tiempo, minimizando cualquier posible retraso en tu evento.<br><\/p>\n\n\n\n<h3 class=\"wp-block-heading\">Sin Estr\u00e9s para los Asistentes<\/h3>\n\n\n\n<p>Nos encargamos de todos los detalles, desde la recogida hasta la entrega, permitiendo que tus invitados disfruten de la experiencia sin preocupaciones.<\/p>\n\n \r\n\t\t\t\r\n\t\t<\/div>\r\n\t\n\n\r\n\t\t<div  class=\"block-edcdf60f-a8dc-476f-9af8-6b2ce836f3af col areoi-element col-6\">\r\n\t\t\t\r\n\t\t\t\n\n<div class=\"wp-block-group is-nowrap is-layout-flex wp-container-core-group-is-layout-ad2f72ca wp-block-group-is-layout-flex\">\n<figure class=\"wp-block-image size-full mb-4 is-style-rounded img-border shadow-sm\"><img decoding=\"async\" width=\"2560\" height=\"1707\" src=\"https:\/\/www.posecorp.com\/wp-content\/uploads\/2025\/08\/young-businessman-in-suit-and-glasses-sitting-on-p-2025-02-24-19-30-33-utc-scaled.jpg\" alt=\"\" class=\"wp-image-1218\" srcset=\"https:\/\/www.posecorp.com\/wp-content\/uploads\/2025\/08\/young-businessman-in-suit-and-glasses-sitting-on-p-2025-02-24-19-30-33-utc-scaled.jpg 2560w, https:\/\/www.posecorp.com\/wp-content\/uploads\/2025\/08\/young-businessman-in-suit-and-glasses-sitting-on-p-2025-02-24-19-30-33-utc-300x200.jpg 300w, https:\/\/www.posecorp.com\/wp-content\/uploads\/2025\/08\/young-businessman-in-suit-and-glasses-sitting-on-p-2025-02-24-19-30-33-utc-1024x683.jpg 1024w, https:\/\/www.posecorp.com\/wp-content\/uploads\/2025\/08\/young-businessman-in-suit-and-glasses-sitting-on-p-2025-02-24-19-30-33-utc-768x512.jpg 768w, https:\/\/www.posecorp.com\/wp-content\/uploads\/2025\/08\/young-businessman-in-suit-and-glasses-sitting-on-p-2025-02-24-19-30-33-utc-1536x1024.jpg 1536w, https:\/\/www.posecorp.com\/wp-content\/uploads\/2025\/08\/young-businessman-in-suit-and-glasses-sitting-on-p-2025-02-24-19-30-33-utc-2048x1365.jpg 2048w\" sizes=\"(max-width: 2560px) 100vw, 2560px\" \/><\/figure>\n<\/div>\n\n \r\n\t\t\t\r\n\t\t<\/div>\r\n\t\n \r\n\t\t<\/div>\r\n\t\n\r\n\t\t\t \r\n\t\t<\/div>\r\n\t\n\n\n<div style=\"height:100px\" aria-hidden=\"true\" class=\"wp-block-spacer\"><\/div>\n\n\n\r\n\t\t<div  class=\"block-3b2f4521-31d4-4bfc-be4f-1dfa706cde1a areoi-element mb-5\">\r\n\t\t\t\r\n\t\t\t\n\r\n\t\t<div  class=\"block-ace341ce-2597-446a-8533-d4d2c7a18445 row areoi-element gx-5 gy-4 row-md\">\r\n\t\t\t\r\n\r\n\t\t\t\n\r\n\t\t<div data-aos=\"fade-left\"  class=\"block-enfoque-img col areoi-element col-6\">\r\n\t\t\t\r\n\t\t\t\n\n<figure class=\"wp-block-image size-full mb-4 is-style-rounded img-border shadow-sm\"><img loading=\"lazy\" decoding=\"async\" width=\"2560\" height=\"1709\" src=\"https:\/\/www.posecorp.com\/wp-content\/uploads\/2025\/08\/cheerful-multiethnic-tourists-with-backpacks-walki-2024-11-17-20-51-10-utc-scaled.jpg\" alt=\"\" class=\"wp-image-1214\" srcset=\"https:\/\/www.posecorp.com\/wp-content\/uploads\/2025\/08\/cheerful-multiethnic-tourists-with-backpacks-walki-2024-11-17-20-51-10-utc-scaled.jpg 2560w, https:\/\/www.posecorp.com\/wp-content\/uploads\/2025\/08\/cheerful-multiethnic-tourists-with-backpacks-walki-2024-11-17-20-51-10-utc-300x200.jpg 300w, https:\/\/www.posecorp.com\/wp-content\/uploads\/2025\/08\/cheerful-multiethnic-tourists-with-backpacks-walki-2024-11-17-20-51-10-utc-1024x683.jpg 1024w, https:\/\/www.posecorp.com\/wp-content\/uploads\/2025\/08\/cheerful-multiethnic-tourists-with-backpacks-walki-2024-11-17-20-51-10-utc-768x513.jpg 768w, https:\/\/www.posecorp.com\/wp-content\/uploads\/2025\/08\/cheerful-multiethnic-tourists-with-backpacks-walki-2024-11-17-20-51-10-utc-1536x1025.jpg 1536w, https:\/\/www.posecorp.com\/wp-content\/uploads\/2025\/08\/cheerful-multiethnic-tourists-with-backpacks-walki-2024-11-17-20-51-10-utc-2048x1367.jpg 2048w\" sizes=\"(max-width: 2560px) 100vw, 2560px\" \/><\/figure>\n\n \r\n\t\t\t\r\n\t\t<\/div>\r\n\t\n\n\r\n\t\t<div  class=\"block-enfoque-text col areoi-element col-6\">\r\n\t\t\t\r\n\t\t\t\n\n<h2 class=\"wp-block-heading has-text-align-left mb-3 h2\">\u00bfPor Qu\u00e9 Elegir Pose Corp para el Transporte de tu Evento Corporativo en Barcelona?<\/h2>\n\n\n\n<h3 class=\"wp-block-heading\">Experiencia y Profesionalismo<\/h3>\n\n\n\n<p>Con a\u00f1os de experiencia en la organizaci\u00f3n de eventos, <strong>Pose Corp<\/strong> se destaca por su capacidad para ofrecer soluciones de transporte seguras y eficientes para eventos de cualquier tama\u00f1o.<br><\/p>\n\n\n\n<h3 class=\"wp-block-heading\">Flota de Alta Calidad<\/h3>\n\n\n\n<p>Contamos con una flota moderna y bien mantenida de veh\u00edculos de lujo y <strong>autobuses para eventos<\/strong>, asegurando el m\u00e1ximo confort y seguridad para tus invitados.<br><\/p>\n\n\n\n<h3 class=\"wp-block-heading\">Soluciones Personalizadas<\/h3>\n\n\n\n<p>Adaptamos cada servicio de transporte a las necesidades espec\u00edficas de tu evento, asegurando una experiencia a la medida de tus expectativas.<br><\/p>\n\n\n\n<h3 class=\"wp-block-heading\">Atenci\u00f3n al Detalle<\/h3>\n\n\n\n<p>Nos encargamos de la log\u00edstica de transporte con precisi\u00f3n, garantizando que todo se desarrolle sin problemas y que los invitados se sientan cuidados y valorados.<\/p>\n\n \r\n\t\t\t\r\n\t\t<\/div>\r\n\t\n \r\n\t\t<\/div>\r\n\t\n\r\n\t\t\t \r\n\t\t<\/div>\r\n\t\n\n\n<div style=\"height:100px\" aria-hidden=\"true\" class=\"wp-block-spacer\"><\/div>\n\n\n\r\n\t\t<div  class=\"block-cta-catering areoi-element mb-5 text-center\">\r\n\t\t\t\r\n\t\t\t\n\n<h2 class=\"wp-block-heading mb-3 h2\">Transforma tu Evento con el Mejor Transporte para Eventos en Barcelona<\/h2>\n\n\n\n<p>Si buscas <strong>transporte para eventos<\/strong> en Barcelona, incluido <strong>autob\u00fas para eventos<\/strong>, que eleve la experiencia de tus asistentes, <strong>Pose Corp<\/strong> es la opci\u00f3n ideal. Desde traslados lujosos hasta log\u00edstica eficiente, nos aseguramos de que cada detalle est\u00e9 cubierto para que tu evento corporativo sea un \u00e9xito rotundo.<\/p>\n\n\n\n<h3 class=\"wp-block-heading\">\u00bfEst\u00e1s listo para mejorar la movilidad de tu evento?&nbsp;<\/h3>\n\n\n\n<p>Cu\u00e9ntanos qu\u00e9 necesitas y te prepararemos una <strong>propuesta a medida<\/strong>. Escr\u00edbenos hoy mismo para solicitar un <strong>presupuesto sin compromiso<\/strong>.<\/p>\n\n\n\r\n\t\t\t\t\r\n\t\t<a \r\n\t\t\t\r\n\t\t\tclass=\"block-cta-catering-btn btn areoi-has-url position-relative btn-outline-dark\"\r\n\t href=\"https:\/\/www.posecorp.com\/es\/contacto\/\" >\r\n\t\t\t\t\t\r\n\t\t\t\t\tSolicita presupuesto \r\n\t\t\t\t\t\r\n\t\t\t\t\t \r\n\t\t\t\t<\/a>\r\n\t\t\t\n\r\n\t\t\t \r\n\t\t<\/div>\r\n\t\n\n\n<p><\/p>\n","protected":false},"excerpt":{"rendered":"","protected":false},"author":4,"featured_media":0,"parent":0,"menu_order":0,"comment_status":"closed","ping_status":"closed","template":"","meta":{"footnotes":""},"class_list":["post-775","page","type-page","status-publish","hentry"],"acf":[],"yoast_head":"<!-- This site is optimized with the Yoast SEO plugin v22.7 - https:\/\/yoast.com\/wordpress\/plugins\/seo\/ -->\n<title>Transporte para Eventos en Barcelona: Soluciones Eficientes y Elegantes<\/title>\n<meta name=\"description\" content=\"Ofrecemos transporte para eventos en Barcelona con opciones personalizadas, desde traslados hasta autobuses para grandes grupos.\" \/>\n<meta name=\"robots\" content=\"index, follow, max-snippet:-1, max-image-preview:large, max-video-preview:-1\" \/>\n<link rel=\"canonical\" href=\"https:\/\/www.posecorp.com\/es\/transporte\/\" \/>\n<meta property=\"og:locale\" content=\"es_ES\" \/>\n<meta property=\"og:type\" content=\"article\" \/>\n<meta property=\"og:title\" content=\"Transporte para Eventos en Barcelona: Soluciones Eficientes y Elegantes\" \/>\n<meta property=\"og:description\" content=\"Ofrecemos transporte para eventos en Barcelona con opciones personalizadas, desde traslados hasta autobuses para grandes grupos.\" \/>\n<meta property=\"og:url\" content=\"https:\/\/www.posecorp.com\/es\/transporte\/\" \/>\n<meta property=\"og:site_name\" content=\"Pose Corp\" \/>\n<meta property=\"article:modified_time\" content=\"2025-08-18T10:46:29+00:00\" \/>\n<meta property=\"og:image\" content=\"https:\/\/www.posecorp.com\/wp-content\/uploads\/2025\/06\/business-people-sitting-in-minivan-taxi-2025-03-13-23-03-14-utc-scaled.jpg\" \/>\n<meta name=\"twitter:card\" content=\"summary_large_image\" \/>\n<meta name=\"twitter:label1\" content=\"Tiempo de lectura\" \/>\n\t<meta name=\"twitter:data1\" content=\"4 minutos\" \/>\n<script type=\"application\/ld+json\" class=\"yoast-schema-graph\">{\"@context\":\"https:\/\/schema.org\",\"@graph\":[{\"@type\":\"WebPage\",\"@id\":\"https:\/\/www.posecorp.com\/es\/transporte\/\",\"url\":\"https:\/\/www.posecorp.com\/es\/transporte\/\",\"name\":\"Transporte para Eventos en Barcelona: Soluciones Eficientes y Elegantes\",\"isPartOf\":{\"@id\":\"https:\/\/www.posecorp.com\/#website\"},\"primaryImageOfPage\":{\"@id\":\"https:\/\/www.posecorp.com\/es\/transporte\/#primaryimage\"},\"image\":{\"@id\":\"https:\/\/www.posecorp.com\/es\/transporte\/#primaryimage\"},\"thumbnailUrl\":\"https:\/\/www.posecorp.com\/wp-content\/uploads\/2025\/06\/business-people-sitting-in-minivan-taxi-2025-03-13-23-03-14-utc-scaled.jpg\",\"datePublished\":\"2025-06-04T08:13:44+00:00\",\"dateModified\":\"2025-08-18T10:46:29+00:00\",\"description\":\"Ofrecemos transporte para eventos en Barcelona con opciones personalizadas, desde traslados hasta autobuses para grandes grupos.\",\"breadcrumb\":{\"@id\":\"https:\/\/www.posecorp.com\/es\/transporte\/#breadcrumb\"},\"inLanguage\":\"es\",\"potentialAction\":[{\"@type\":\"ReadAction\",\"target\":[\"https:\/\/www.posecorp.com\/es\/transporte\/\"]}]},{\"@type\":\"ImageObject\",\"inLanguage\":\"es\",\"@id\":\"https:\/\/www.posecorp.com\/es\/transporte\/#primaryimage\",\"url\":\"https:\/\/www.posecorp.com\/wp-content\/uploads\/2025\/06\/business-people-sitting-in-minivan-taxi-2025-03-13-23-03-14-utc-scaled.jpg\",\"contentUrl\":\"https:\/\/www.posecorp.com\/wp-content\/uploads\/2025\/06\/business-people-sitting-in-minivan-taxi-2025-03-13-23-03-14-utc-scaled.jpg\"},{\"@type\":\"BreadcrumbList\",\"@id\":\"https:\/\/www.posecorp.com\/es\/transporte\/#breadcrumb\",\"itemListElement\":[{\"@type\":\"ListItem\",\"position\":1,\"name\":\"Portada\",\"item\":\"https:\/\/www.posecorp.com\/es\/\"},{\"@type\":\"ListItem\",\"position\":2,\"name\":\"Transporte\"}]},{\"@type\":\"WebSite\",\"@id\":\"https:\/\/www.posecorp.com\/#website\",\"url\":\"https:\/\/www.posecorp.com\/\",\"name\":\"Pose Corp\",\"description\":\"\",\"publisher\":{\"@id\":\"https:\/\/www.posecorp.com\/#organization\"},\"potentialAction\":[{\"@type\":\"SearchAction\",\"target\":{\"@type\":\"EntryPoint\",\"urlTemplate\":\"https:\/\/www.posecorp.com\/?s={search_term_string}\"},\"query-input\":\"required name=search_term_string\"}],\"inLanguage\":\"es\"},{\"@type\":\"Organization\",\"@id\":\"https:\/\/www.posecorp.com\/#organization\",\"name\":\"Pose Corp\",\"url\":\"https:\/\/www.posecorp.com\/\",\"logo\":{\"@type\":\"ImageObject\",\"inLanguage\":\"es\",\"@id\":\"https:\/\/www.posecorp.com\/#\/schema\/logo\/image\/\",\"url\":\"https:\/\/www.posecorp.com\/wp-content\/uploads\/2025\/02\/cropped-logo-03-1.png\",\"contentUrl\":\"https:\/\/www.posecorp.com\/wp-content\/uploads\/2025\/02\/cropped-logo-03-1.png\",\"width\":891,\"height\":891,\"caption\":\"Pose Corp\"},\"image\":{\"@id\":\"https:\/\/www.posecorp.com\/#\/schema\/logo\/image\/\"}}]}<\/script>\n<!-- \/ Yoast SEO plugin. -->","yoast_head_json":{"title":"Transporte para Eventos en Barcelona: Soluciones Eficientes y Elegantes","description":"Ofrecemos transporte para eventos en Barcelona con opciones personalizadas, desde traslados hasta autobuses para grandes grupos.","robots":{"index":"index","follow":"follow","max-snippet":"max-snippet:-1","max-image-preview":"max-image-preview:large","max-video-preview":"max-video-preview:-1"},"canonical":"https:\/\/www.posecorp.com\/es\/transporte\/","og_locale":"es_ES","og_type":"article","og_title":"Transporte para Eventos en Barcelona: Soluciones Eficientes y Elegantes","og_description":"Ofrecemos transporte para eventos en Barcelona con opciones personalizadas, desde traslados hasta autobuses para grandes grupos.","og_url":"https:\/\/www.posecorp.com\/es\/transporte\/","og_site_name":"Pose Corp","article_modified_time":"2025-08-18T10:46:29+00:00","og_image":[{"url":"https:\/\/www.posecorp.com\/wp-content\/uploads\/2025\/06\/business-people-sitting-in-minivan-taxi-2025-03-13-23-03-14-utc-scaled.jpg"}],"twitter_card":"summary_large_image","twitter_misc":{"Tiempo de lectura":"4 minutos"},"schema":{"@context":"https:\/\/schema.org","@graph":[{"@type":"WebPage","@id":"https:\/\/www.posecorp.com\/es\/transporte\/","url":"https:\/\/www.posecorp.com\/es\/transporte\/","name":"Transporte para Eventos en Barcelona: Soluciones Eficientes y Elegantes","isPartOf":{"@id":"https:\/\/www.posecorp.com\/#website"},"primaryImageOfPage":{"@id":"https:\/\/www.posecorp.com\/es\/transporte\/#primaryimage"},"image":{"@id":"https:\/\/www.posecorp.com\/es\/transporte\/#primaryimage"},"thumbnailUrl":"https:\/\/www.posecorp.com\/wp-content\/uploads\/2025\/06\/business-people-sitting-in-minivan-taxi-2025-03-13-23-03-14-utc-scaled.jpg","datePublished":"2025-06-04T08:13:44+00:00","dateModified":"2025-08-18T10:46:29+00:00","description":"Ofrecemos transporte para eventos en Barcelona con opciones personalizadas, desde traslados hasta autobuses para grandes grupos.","breadcrumb":{"@id":"https:\/\/www.posecorp.com\/es\/transporte\/#breadcrumb"},"inLanguage":"es","potentialAction":[{"@type":"ReadAction","target":["https:\/\/www.posecorp.com\/es\/transporte\/"]}]},{"@type":"ImageObject","inLanguage":"es","@id":"https:\/\/www.posecorp.com\/es\/transporte\/#primaryimage","url":"https:\/\/www.posecorp.com\/wp-content\/uploads\/2025\/06\/business-people-sitting-in-minivan-taxi-2025-03-13-23-03-14-utc-scaled.jpg","contentUrl":"https:\/\/www.posecorp.com\/wp-content\/uploads\/2025\/06\/business-people-sitting-in-minivan-taxi-2025-03-13-23-03-14-utc-scaled.jpg"},{"@type":"BreadcrumbList","@id":"https:\/\/www.posecorp.com\/es\/transporte\/#breadcrumb","itemListElement":[{"@type":"ListItem","position":1,"name":"Portada","item":"https:\/\/www.posecorp.com\/es\/"},{"@type":"ListItem","position":2,"name":"Transporte"}]},{"@type":"WebSite","@id":"https:\/\/www.posecorp.com\/#website","url":"https:\/\/www.posecorp.com\/","name":"Pose Corp","description":"","publisher":{"@id":"https:\/\/www.posecorp.com\/#organization"},"potentialAction":[{"@type":"SearchAction","target":{"@type":"EntryPoint","urlTemplate":"https:\/\/www.posecorp.com\/?s={search_term_string}"},"query-input":"required name=search_term_string"}],"inLanguage":"es"},{"@type":"Organization","@id":"https:\/\/www.posecorp.com\/#organization","name":"Pose Corp","url":"https:\/\/www.posecorp.com\/","logo":{"@type":"ImageObject","inLanguage":"es","@id":"https:\/\/www.posecorp.com\/#\/schema\/logo\/image\/","url":"https:\/\/www.posecorp.com\/wp-content\/uploads\/2025\/02\/cropped-logo-03-1.png","contentUrl":"https:\/\/www.posecorp.com\/wp-content\/uploads\/2025\/02\/cropped-logo-03-1.png","width":891,"height":891,"caption":"Pose Corp"},"image":{"@id":"https:\/\/www.posecorp.com\/#\/schema\/logo\/image\/"}}]}},"_links":{"self":[{"href":"https:\/\/www.posecorp.com\/es\/wp-json\/wp\/v2\/pages\/775","targetHints":{"allow":["GET"]}}],"collection":[{"href":"https:\/\/www.posecorp.com\/es\/wp-json\/wp\/v2\/pages"}],"about":[{"href":"https:\/\/www.posecorp.com\/es\/wp-json\/wp\/v2\/types\/page"}],"author":[{"embeddable":true,"href":"https:\/\/www.posecorp.com\/es\/wp-json\/wp\/v2\/users\/4"}],"replies":[{"embeddable":true,"href":"https:\/\/www.posecorp.com\/es\/wp-json\/wp\/v2\/comments?post=775"}],"version-history":[{"count":3,"href":"https:\/\/www.posecorp.com\/es\/wp-json\/wp\/v2\/pages\/775\/revisions"}],"predecessor-version":[{"id":1225,"href":"https:\/\/www.posecorp.com\/es\/wp-json\/wp\/v2\/pages\/775\/revisions\/1225"}],"wp:attachment":[{"href":"https:\/\/www.posecorp.com\/es\/wp-json\/wp\/v2\/media?parent=775"}],"curies":[{"name":"wp","href":"https:\/\/api.w.org\/{rel}","templated":true}]}}