{"id":715,"date":"2025-06-03T13:32:47","date_gmt":"2025-06-03T11:32:47","guid":{"rendered":"https:\/\/www.posecorp.com\/?page_id=715"},"modified":"2025-06-10T10:01:14","modified_gmt":"2025-06-10T08:01:14","slug":"catering","status":"publish","type":"page","link":"https:\/\/www.posecorp.com\/es\/catering\/","title":{"rendered":"Catering"},"content":{"rendered":"\r\n\t\t<div  class=\"block-7a445958-abcf-42bf-88bf-5ddc4ab01dc5 areoi-element width-100 mb-5\">\r\n\t\t\t\r\n\t\t\t\n\n<div id=\"fashion-slider-block_a80b59e11f653199da6540d667fcce09\" class=\"fashion-slider-class \">\n\n\n\n\n    <!-- Fashion slider container -->\n    <div class=\"fashion-slider\">\n        <div class=\"swiper\">\n            <div class=\"swiper-wrapper\">\n                                                            <!-- configure slide color with \"data-slide-bg-color\" attribute -->\n                        <div class=\"swiper-slide\" data-slide-bg-color=\"#0c6a8a\">\n                            <!-- slide title wrap -->\n                            <div class=\"fashion-slider-title\" data-swiper-parallax=\"-130%\">\n                                <!-- slide title text -->\n                                <div class=\"fashion-slider-title-text\">Catering<\/div>\n                            <\/div>\n                            <!-- slide image wrap -->\n                            <div class=\"fashion-slider-scale\">\n                                <!-- slide image -->\n                                <img decoding=\"async\" src=\"https:\/\/www.posecorp.com\/wp-content\/uploads\/2025\/06\/824e0966-7547-476c-b86e-273effbeff3c.jpg\" alt=\"\">\n                            <\/div>\n                        <\/div>\n                                    \n            <\/div>\n\n\n\n            <!-- right\/next navigation button -->\n            <div class=\"fashion-slider-button-prev fashion-slider-button\">\n                <svg xmlns=\"http:\/\/www.w3.org\/2000\/svg\" viewBox=\"0 350 160 90\">\n                    <g class=\"fashion-slider-svg-wrap\">\n                        <g class=\"fashion-slider-svg-circle-wrap\">\n                            <circle cx=\"42\" cy=\"42\" r=\"40\"><\/circle>\n                        <\/g>\n                        <path class=\"fashion-slider-svg-arrow\" d=\"M.983,6.929,4.447,3.464.983,0,0,.983,2.482,3.464,0,5.946Z\">\n                        <\/path>\n                        <path class=\"fashion-slider-svg-line\" d=\"M80,0H0\"><\/path>\n                    <\/g>\n                <\/svg>\n            <\/div>\n            <!-- left\/previous navigation button -->\n            <div class=\"fashion-slider-button-next fashion-slider-button\">\n                <svg xmlns=\"http:\/\/www.w3.org\/2000\/svg\" viewBox=\"0 350 160 90\">\n                    <g class=\"fashion-slider-svg-wrap\">\n                        <g class=\"fashion-slider-svg-circle-wrap\">\n                            <circle cx=\"42\" cy=\"42\" r=\"40\"><\/circle>\n                        <\/g>\n                        <path class=\"fashion-slider-svg-arrow\" d=\"M.983,6.929,4.447,3.464.983,0,0,.983,2.482,3.464,0,5.946Z\">\n                        <\/path>\n                        <path class=\"fashion-slider-svg-line\" d=\"M80,0H0\"><\/path>\n                    <\/g>\n                <\/svg>\n            <\/div>\n        <\/div>\n\n    <\/div>\n\n\n<\/div>\n\n<div class=\"swiper-pagination\"><\/div>\n\n<script>\n    jQuery(document).ready(function ($) {\n        const sliderEl = document.querySelector('.fashion-slider');\n        createFashionSlider(sliderEl);\n    });\n<\/script>\n\r\n\t\t\t \r\n\t\t<\/div>\r\n\t\n\n\r\n\t\t<div  class=\"block-hero-catering areoi-element mb-5\">\r\n\t\t\t\r\n\t\t\t\n\r\n\t\t<div  class=\"block-hero-row row areoi-element row-md gx-5 gy-4 align-items-center\">\r\n\t\t\t\r\n\r\n\t\t\t\n\r\n\t\t<div data-aos=\"fade-right\"  class=\"block-hero-text col areoi-element col-7\">\r\n\t\t\t\r\n\t\t\t\n\n<h1 class=\"wp-block-heading mb-4 h1\">Catering para eventos corporativos en Barcelona<\/h1>\n\n\n\n<div class=\"wp-block-group is-nowrap is-layout-flex wp-container-core-group-is-layout-ad2f72ca wp-block-group-is-layout-flex\">\n<p>En Pose Corp, sabemos que la gastronom\u00eda es una pieza clave para el \u00e9xito de cualquier evento. Por eso, ofrecemos un servicio de catering para eventos corporativos en Barcelona dise\u00f1ado para sorprender, cuidar cada detalle y reforzar la imagen de tu marca ante empleados, socios o clientes. Nuestro enfoque combina excelencia culinaria, log\u00edstica impecable y adaptaci\u00f3n total a tus necesidades.<\/p>\n\n\n\n<div style=\"height:100px;width:0px\" aria-hidden=\"true\" class=\"wp-block-spacer wp-container-content-6388d5dc\"><\/div>\n<\/div>\n\n \r\n\t\t\t\r\n\t\t<\/div>\r\n\t\n\n\r\n\t\t<div data-aos-duration=\"1450\" data-aos=\"zoom-in\"  class=\"block-hero-img col areoi-element col-5\">\r\n\t\t\t\r\n\t\t\t\n\n<figure class=\"wp-block-image size-full mb-0 img-oval is-style-rounded\" data-aos=\"zoom-in\" data-aos-duration=\"1450\"><img fetchpriority=\"high\" decoding=\"async\" width=\"2560\" height=\"1707\" src=\"https:\/\/www.posecorp.com\/wp-content\/uploads\/2025\/06\/catering-close-up-of-a-buffet-with-appetizers-2025-01-07-06-08-02-utc-scaled.jpg\" alt=\"\" class=\"wp-image-762\" style=\"aspect-ratio:1;object-fit:cover\" srcset=\"https:\/\/www.posecorp.com\/wp-content\/uploads\/2025\/06\/catering-close-up-of-a-buffet-with-appetizers-2025-01-07-06-08-02-utc-scaled.jpg 2560w, https:\/\/www.posecorp.com\/wp-content\/uploads\/2025\/06\/catering-close-up-of-a-buffet-with-appetizers-2025-01-07-06-08-02-utc-300x200.jpg 300w, https:\/\/www.posecorp.com\/wp-content\/uploads\/2025\/06\/catering-close-up-of-a-buffet-with-appetizers-2025-01-07-06-08-02-utc-1024x683.jpg 1024w, https:\/\/www.posecorp.com\/wp-content\/uploads\/2025\/06\/catering-close-up-of-a-buffet-with-appetizers-2025-01-07-06-08-02-utc-768x512.jpg 768w, https:\/\/www.posecorp.com\/wp-content\/uploads\/2025\/06\/catering-close-up-of-a-buffet-with-appetizers-2025-01-07-06-08-02-utc-1536x1024.jpg 1536w, https:\/\/www.posecorp.com\/wp-content\/uploads\/2025\/06\/catering-close-up-of-a-buffet-with-appetizers-2025-01-07-06-08-02-utc-2048x1365.jpg 2048w\" sizes=\"(max-width: 2560px) 100vw, 2560px\" \/><\/figure>\n\n \r\n\t\t\t\r\n\t\t<\/div>\r\n\t\n \r\n\t\t<\/div>\r\n\t\n\r\n\t\t\t \r\n\t\t<\/div>\r\n\t\n\n\n<div style=\"height:70px\" aria-hidden=\"true\" class=\"wp-block-spacer\"><\/div>\n\n\n\r\n\t\t<div  class=\"block-enfoque-section areoi-element mb-5\">\r\n\t\t\t\r\n\t\t\t\n\r\n\t\t<div  class=\"block-enfoque-row row areoi-element gx-5 gy-4 row-md\">\r\n\t\t\t\r\n\r\n\t\t\t\n\r\n\t\t<div data-aos=\"fade-left\"  class=\"block-enfoque-img col areoi-element col-6\">\r\n\t\t\t\r\n\t\t\t\n\n<figure class=\"wp-block-image size-full mb-4 is-style-rounded img-border shadow-sm\"><img decoding=\"async\" width=\"2560\" height=\"1707\" src=\"https:\/\/www.posecorp.com\/wp-content\/uploads\/2025\/06\/chefs-are-brainstorming-2025-02-21-05-22-58-utc-scaled.jpg\" alt=\"\" class=\"wp-image-760\" srcset=\"https:\/\/www.posecorp.com\/wp-content\/uploads\/2025\/06\/chefs-are-brainstorming-2025-02-21-05-22-58-utc-scaled.jpg 2560w, https:\/\/www.posecorp.com\/wp-content\/uploads\/2025\/06\/chefs-are-brainstorming-2025-02-21-05-22-58-utc-300x200.jpg 300w, https:\/\/www.posecorp.com\/wp-content\/uploads\/2025\/06\/chefs-are-brainstorming-2025-02-21-05-22-58-utc-1024x683.jpg 1024w, https:\/\/www.posecorp.com\/wp-content\/uploads\/2025\/06\/chefs-are-brainstorming-2025-02-21-05-22-58-utc-768x512.jpg 768w, https:\/\/www.posecorp.com\/wp-content\/uploads\/2025\/06\/chefs-are-brainstorming-2025-02-21-05-22-58-utc-1536x1024.jpg 1536w, https:\/\/www.posecorp.com\/wp-content\/uploads\/2025\/06\/chefs-are-brainstorming-2025-02-21-05-22-58-utc-2048x1365.jpg 2048w\" sizes=\"(max-width: 2560px) 100vw, 2560px\" \/><\/figure>\n\n \r\n\t\t\t\r\n\t\t<\/div>\r\n\t\n\n\r\n\t\t<div  class=\"block-enfoque-text col areoi-element col-6\">\r\n\t\t\t\r\n\t\t\t\n\n<h2 class=\"wp-block-heading has-text-align-left mb-3 h2\">Nuestro enfoque gastron\u00f3mico<\/h2>\n\n\n\n<div class=\"wp-block-group is-nowrap is-layout-flex wp-container-core-group-is-layout-ad2f72ca wp-block-group-is-layout-flex\">\n<p>Cada propuesta gastron\u00f3mica de Pose Corp est\u00e1 pensada para crear una experiencia memorable. Trabajamos con chefs y proveedores locales que garantizan calidad, frescura y presentaci\u00f3n impecable. Ya sea un coffee break, c\u00f3ctel ejecutivo o cena de gala, nos encargamos de que todo fluya con naturalidad, coherencia est\u00e9tica y un sabor a la altura de tu evento.<\/p>\n<\/div>\n\n \r\n\t\t\t\r\n\t\t<\/div>\r\n\t\n \r\n\t\t<\/div>\r\n\t\n\r\n\t\t\t \r\n\t\t<\/div>\r\n\t\n\n\n<div style=\"height:67px\" aria-hidden=\"true\" class=\"wp-block-spacer\"><\/div>\n\n\n\r\n\t\t<div  class=\"block-ventajas-section areoi-element mb-5\">\r\n\t\t\t\r\n\t\t\t\n\r\n\t\t<div  class=\"block-d20cc45e-dafa-418d-815c-b624a5e8b9b4 row areoi-element gx-5 gy-4 row-md\">\r\n\t\t\t\r\n\r\n\t\t\t\n\r\n\t\t<div  class=\"block-f4ac9422-1ed1-4dfa-9b91-eaf8acd29c9b col areoi-element col-6\">\r\n\t\t\t\r\n\t\t\t\n\n<h2 class=\"wp-block-heading mb-3 h2\">Ventajas de nuestro catering para eventos corporativos<\/h2>\n\n\n\n<ul class=\"wp-block-list\">\n<li>Enfoque 100 % personalizado y adaptable<\/li>\n\n\n\n<li>Capacidad de respuesta r\u00e1pida y gesti\u00f3n log\u00edstica integral<\/li>\n\n\n\n<li>Coordinaci\u00f3n con otros proveedores y espacios<\/li>\n\n\n\n<li>Atenci\u00f3n al detalle en presentaci\u00f3n y servicio<\/li>\n<\/ul>\n\n\n\n<div class=\"wp-block-group is-nowrap is-layout-flex wp-container-core-group-is-layout-ad2f72ca wp-block-group-is-layout-flex\">\n<p>Nuestro compromiso es lograr que el servicio de catering para eventos corporativos en Barcelona est\u00e9 a la altura del resto de la experiencia.<\/p>\n\n\n\n<div style=\"height:100px;width:0px\" aria-hidden=\"true\" class=\"wp-block-spacer wp-container-content-6388d5dc\"><\/div>\n<\/div>\n\n \r\n\t\t\t\r\n\t\t<\/div>\r\n\t\n\n\r\n\t\t<div  class=\"block-edcdf60f-a8dc-476f-9af8-6b2ce836f3af col areoi-element col-6\">\r\n\t\t\t\r\n\t\t\t\n\n<div class=\"wp-block-group is-nowrap is-layout-flex wp-container-core-group-is-layout-ad2f72ca wp-block-group-is-layout-flex\">\n<figure class=\"wp-block-image size-full mb-4 is-style-rounded img-border shadow-sm\"><img decoding=\"async\" width=\"2560\" height=\"1707\" src=\"https:\/\/www.posecorp.com\/wp-content\/uploads\/2025\/06\/catering-for-events-banquet-decorated-table-tabl-2024-12-08-04-57-32-utc-scaled.jpg\" alt=\"\" class=\"wp-image-758\" srcset=\"https:\/\/www.posecorp.com\/wp-content\/uploads\/2025\/06\/catering-for-events-banquet-decorated-table-tabl-2024-12-08-04-57-32-utc-scaled.jpg 2560w, https:\/\/www.posecorp.com\/wp-content\/uploads\/2025\/06\/catering-for-events-banquet-decorated-table-tabl-2024-12-08-04-57-32-utc-300x200.jpg 300w, https:\/\/www.posecorp.com\/wp-content\/uploads\/2025\/06\/catering-for-events-banquet-decorated-table-tabl-2024-12-08-04-57-32-utc-1024x683.jpg 1024w, https:\/\/www.posecorp.com\/wp-content\/uploads\/2025\/06\/catering-for-events-banquet-decorated-table-tabl-2024-12-08-04-57-32-utc-768x512.jpg 768w, https:\/\/www.posecorp.com\/wp-content\/uploads\/2025\/06\/catering-for-events-banquet-decorated-table-tabl-2024-12-08-04-57-32-utc-1536x1024.jpg 1536w, https:\/\/www.posecorp.com\/wp-content\/uploads\/2025\/06\/catering-for-events-banquet-decorated-table-tabl-2024-12-08-04-57-32-utc-2048x1365.jpg 2048w\" sizes=\"(max-width: 2560px) 100vw, 2560px\" \/><\/figure>\n<\/div>\n\n \r\n\t\t\t\r\n\t\t<\/div>\r\n\t\n \r\n\t\t<\/div>\r\n\t\n\r\n\t\t\t \r\n\t\t<\/div>\r\n\t\n\n\n<div style=\"height:66px\" aria-hidden=\"true\" class=\"wp-block-spacer\"><\/div>\n\n\n\r\n\t\t<div  class=\"block-gestion-integral areoi-element mb-5\">\r\n\t\t\t\r\n\t\t\t\n\n<h2 class=\"wp-block-heading has-text-align-center mb-3 h2\">Catering como parte de nuestra gesti\u00f3n integral de eventos<\/h2>\n\n\n\r\n\t\t<div  class=\"block-gestion-row row areoi-element gx-5 gy-4 align-items-center\">\r\n\t\t\t\r\n\r\n\t\t\t\n\r\n\t\t<div data-aos=\"fade-left\"  class=\"block-115a922b-2b57-4d23-9939-16fc38089426 col areoi-element col-6\">\r\n\t\t\t\r\n\t\t\t\n\n<div style=\"height:43px\" aria-hidden=\"true\" class=\"wp-block-spacer\"><\/div>\n\n\n\n<figure class=\"wp-block-image size-full is-style-rounded img-border shadow-sm\"><img loading=\"lazy\" decoding=\"async\" width=\"2560\" height=\"1707\" src=\"https:\/\/www.posecorp.com\/wp-content\/uploads\/2025\/06\/waiter-and-waitress-discussing-on-clipboard-at-cou-2025-04-05-02-31-53-utc-scaled.jpg\" alt=\"\" class=\"wp-image-756\" srcset=\"https:\/\/www.posecorp.com\/wp-content\/uploads\/2025\/06\/waiter-and-waitress-discussing-on-clipboard-at-cou-2025-04-05-02-31-53-utc-scaled.jpg 2560w, https:\/\/www.posecorp.com\/wp-content\/uploads\/2025\/06\/waiter-and-waitress-discussing-on-clipboard-at-cou-2025-04-05-02-31-53-utc-300x200.jpg 300w, https:\/\/www.posecorp.com\/wp-content\/uploads\/2025\/06\/waiter-and-waitress-discussing-on-clipboard-at-cou-2025-04-05-02-31-53-utc-1024x683.jpg 1024w, https:\/\/www.posecorp.com\/wp-content\/uploads\/2025\/06\/waiter-and-waitress-discussing-on-clipboard-at-cou-2025-04-05-02-31-53-utc-768x512.jpg 768w, https:\/\/www.posecorp.com\/wp-content\/uploads\/2025\/06\/waiter-and-waitress-discussing-on-clipboard-at-cou-2025-04-05-02-31-53-utc-1536x1024.jpg 1536w, https:\/\/www.posecorp.com\/wp-content\/uploads\/2025\/06\/waiter-and-waitress-discussing-on-clipboard-at-cou-2025-04-05-02-31-53-utc-2048x1365.jpg 2048w\" sizes=\"(max-width: 2560px) 100vw, 2560px\" \/><\/figure>\n\n \r\n\t\t\t\r\n\t\t<\/div>\r\n\t\n\n\r\n\t\t<div  class=\"block-8226aa0d-a325-47f1-9ca0-22de32222cbd col areoi-element col-6\">\r\n\t\t\t\r\n\t\t\t\n\n<div class=\"wp-block-group is-nowrap is-layout-flex wp-container-core-group-is-layout-ad2f72ca wp-block-group-is-layout-flex\">\n<div style=\"height:100px;width:0px\" aria-hidden=\"true\" class=\"wp-block-spacer wp-container-content-6388d5dc\"><\/div>\n\n\n\n<p class=\"has-text-align-left\">El catering es solo una de las piezas que articulamos dentro de nuestro enfoque 360\u00b0. Podemos encargarnos de toda la organizaci\u00f3n de tu evento: desde el traslado de asistentes hasta el entretenimiento o la coordinaci\u00f3n del staff. Gracias a nuestra red de colaboradores y experiencia operativa, unificamos todos los servicios en un \u00fanico interlocutor de confianza.<\/p>\n<\/div>\n\n \r\n\t\t\t\r\n\t\t<\/div>\r\n\t\n \r\n\t\t<\/div>\r\n\t\n\r\n\t\t\t \r\n\t\t<\/div>\r\n\t\n\n\n<div style=\"height:78px\" aria-hidden=\"true\" class=\"wp-block-spacer\"><\/div>\n\n\n\r\n\t\t<div  class=\"block-cta-catering areoi-element mb-5 text-center\">\r\n\t\t\t\r\n\t\t\t\n\n<h2 class=\"wp-block-heading mb-3 h2\">\u00bfQuieres un catering que eleve tu pr\u00f3ximo evento?<\/h2>\n\n\n\n<p>Cu\u00e9ntanos qu\u00e9 necesitas y te prepararemos una propuesta a medida. En Pose Corp estamos listos para dise\u00f1ar contigo un evento corporativo que deje huella. Escr\u00edbenos y solicita presupuesto sin compromiso.<\/p>\n\n\n\r\n\t\t\t\t\r\n\t\t<a \r\n\t\t\t\r\n\t\t\tclass=\"block-cta-catering-btn btn areoi-has-url position-relative btn-outline-dark\"\r\n\t href=\"https:\/\/www.posecorp.com\/es\/contacto\/\" >\r\n\t\t\t\t\t\r\n\t\t\t\t\tSolicita presupuesto \r\n\t\t\t\t\t\r\n\t\t\t\t\t \r\n\t\t\t\t<\/a>\r\n\t\t\t\n\r\n\t\t\t \r\n\t\t<\/div>\r\n\t\n\n\n<div style=\"height:100px\" aria-hidden=\"true\" class=\"wp-block-spacer\"><\/div>\n","protected":false},"excerpt":{"rendered":"","protected":false},"author":4,"featured_media":0,"parent":0,"menu_order":0,"comment_status":"closed","ping_status":"closed","template":"","meta":{"footnotes":""},"class_list":["post-715","page","type-page","status-publish","hentry"],"acf":[],"yoast_head":"<!-- This site is optimized with the Yoast SEO plugin v22.7 - https:\/\/yoast.com\/wordpress\/plugins\/seo\/ -->\n<title>Eventos corporativos en Barcelona | Organizaci\u00f3n sin complicaciones<\/title>\n<meta name=\"description\" content=\"Soluciones completas en organizaci\u00f3n de eventos corporativos: ahorra tiempo y garantiza el \u00e9xito\" \/>\n<meta name=\"robots\" content=\"index, follow, max-snippet:-1, max-image-preview:large, max-video-preview:-1\" \/>\n<link rel=\"canonical\" href=\"https:\/\/www.posecorp.com\/catering\/\" \/>\n<meta property=\"og:locale\" content=\"es_ES\" \/>\n<meta property=\"og:type\" content=\"article\" \/>\n<meta property=\"og:title\" content=\"Eventos corporativos en Barcelona | Organizaci\u00f3n sin complicaciones\" \/>\n<meta property=\"og:description\" content=\"Soluciones completas en organizaci\u00f3n de eventos corporativos: ahorra tiempo y garantiza el \u00e9xito\" \/>\n<meta property=\"og:url\" content=\"https:\/\/www.posecorp.com\/catering\/\" \/>\n<meta property=\"og:site_name\" content=\"Pose Corp\" \/>\n<meta property=\"article:modified_time\" content=\"2025-06-10T08:01:14+00:00\" \/>\n<meta property=\"og:image\" content=\"https:\/\/www.posecorp.com\/wp-content\/uploads\/2025\/06\/catering-close-up-of-a-buffet-with-appetizers-2025-01-07-06-08-02-utc-scaled.jpg\" \/>\n<meta name=\"twitter:card\" content=\"summary_large_image\" \/>\n<meta name=\"twitter:label1\" content=\"Tiempo de lectura\" \/>\n\t<meta name=\"twitter:data1\" content=\"3 minutos\" \/>\n<script type=\"application\/ld+json\" class=\"yoast-schema-graph\">{\"@context\":\"https:\/\/schema.org\",\"@graph\":[{\"@type\":\"WebPage\",\"@id\":\"https:\/\/www.posecorp.com\/catering\/\",\"url\":\"https:\/\/www.posecorp.com\/catering\/\",\"name\":\"Eventos corporativos en Barcelona | Organizaci\u00f3n sin complicaciones\",\"isPartOf\":{\"@id\":\"https:\/\/www.posecorp.com\/#website\"},\"primaryImageOfPage\":{\"@id\":\"https:\/\/www.posecorp.com\/catering\/#primaryimage\"},\"image\":{\"@id\":\"https:\/\/www.posecorp.com\/catering\/#primaryimage\"},\"thumbnailUrl\":\"https:\/\/www.posecorp.com\/wp-content\/uploads\/2025\/06\/catering-close-up-of-a-buffet-with-appetizers-2025-01-07-06-08-02-utc-scaled.jpg\",\"datePublished\":\"2025-06-03T11:32:47+00:00\",\"dateModified\":\"2025-06-10T08:01:14+00:00\",\"description\":\"Soluciones completas en organizaci\u00f3n de eventos corporativos: ahorra tiempo y garantiza el \u00e9xito\",\"breadcrumb\":{\"@id\":\"https:\/\/www.posecorp.com\/catering\/#breadcrumb\"},\"inLanguage\":\"es\",\"potentialAction\":[{\"@type\":\"ReadAction\",\"target\":[\"https:\/\/www.posecorp.com\/catering\/\"]}]},{\"@type\":\"ImageObject\",\"inLanguage\":\"es\",\"@id\":\"https:\/\/www.posecorp.com\/catering\/#primaryimage\",\"url\":\"https:\/\/www.posecorp.com\/wp-content\/uploads\/2025\/06\/catering-close-up-of-a-buffet-with-appetizers-2025-01-07-06-08-02-utc-scaled.jpg\",\"contentUrl\":\"https:\/\/www.posecorp.com\/wp-content\/uploads\/2025\/06\/catering-close-up-of-a-buffet-with-appetizers-2025-01-07-06-08-02-utc-scaled.jpg\"},{\"@type\":\"BreadcrumbList\",\"@id\":\"https:\/\/www.posecorp.com\/catering\/#breadcrumb\",\"itemListElement\":[{\"@type\":\"ListItem\",\"position\":1,\"name\":\"Portada\",\"item\":\"https:\/\/www.posecorp.com\/es\/\"},{\"@type\":\"ListItem\",\"position\":2,\"name\":\"Catering\"}]},{\"@type\":\"WebSite\",\"@id\":\"https:\/\/www.posecorp.com\/#website\",\"url\":\"https:\/\/www.posecorp.com\/\",\"name\":\"Pose Corp\",\"description\":\"\",\"publisher\":{\"@id\":\"https:\/\/www.posecorp.com\/#organization\"},\"potentialAction\":[{\"@type\":\"SearchAction\",\"target\":{\"@type\":\"EntryPoint\",\"urlTemplate\":\"https:\/\/www.posecorp.com\/?s={search_term_string}\"},\"query-input\":\"required name=search_term_string\"}],\"inLanguage\":\"es\"},{\"@type\":\"Organization\",\"@id\":\"https:\/\/www.posecorp.com\/#organization\",\"name\":\"Pose Corp\",\"url\":\"https:\/\/www.posecorp.com\/\",\"logo\":{\"@type\":\"ImageObject\",\"inLanguage\":\"es\",\"@id\":\"https:\/\/www.posecorp.com\/#\/schema\/logo\/image\/\",\"url\":\"https:\/\/www.posecorp.com\/wp-content\/uploads\/2025\/02\/cropped-logo-03-1.png\",\"contentUrl\":\"https:\/\/www.posecorp.com\/wp-content\/uploads\/2025\/02\/cropped-logo-03-1.png\",\"width\":891,\"height\":891,\"caption\":\"Pose Corp\"},\"image\":{\"@id\":\"https:\/\/www.posecorp.com\/#\/schema\/logo\/image\/\"}}]}<\/script>\n<!-- \/ Yoast SEO plugin. -->","yoast_head_json":{"title":"Eventos corporativos en Barcelona | Organizaci\u00f3n sin complicaciones","description":"Soluciones completas en organizaci\u00f3n de eventos corporativos: ahorra tiempo y garantiza el \u00e9xito","robots":{"index":"index","follow":"follow","max-snippet":"max-snippet:-1","max-image-preview":"max-image-preview:large","max-video-preview":"max-video-preview:-1"},"canonical":"https:\/\/www.posecorp.com\/catering\/","og_locale":"es_ES","og_type":"article","og_title":"Eventos corporativos en Barcelona | Organizaci\u00f3n sin complicaciones","og_description":"Soluciones completas en organizaci\u00f3n de eventos corporativos: ahorra tiempo y garantiza el \u00e9xito","og_url":"https:\/\/www.posecorp.com\/catering\/","og_site_name":"Pose Corp","article_modified_time":"2025-06-10T08:01:14+00:00","og_image":[{"url":"https:\/\/www.posecorp.com\/wp-content\/uploads\/2025\/06\/catering-close-up-of-a-buffet-with-appetizers-2025-01-07-06-08-02-utc-scaled.jpg"}],"twitter_card":"summary_large_image","twitter_misc":{"Tiempo de lectura":"3 minutos"},"schema":{"@context":"https:\/\/schema.org","@graph":[{"@type":"WebPage","@id":"https:\/\/www.posecorp.com\/catering\/","url":"https:\/\/www.posecorp.com\/catering\/","name":"Eventos corporativos en Barcelona | Organizaci\u00f3n sin complicaciones","isPartOf":{"@id":"https:\/\/www.posecorp.com\/#website"},"primaryImageOfPage":{"@id":"https:\/\/www.posecorp.com\/catering\/#primaryimage"},"image":{"@id":"https:\/\/www.posecorp.com\/catering\/#primaryimage"},"thumbnailUrl":"https:\/\/www.posecorp.com\/wp-content\/uploads\/2025\/06\/catering-close-up-of-a-buffet-with-appetizers-2025-01-07-06-08-02-utc-scaled.jpg","datePublished":"2025-06-03T11:32:47+00:00","dateModified":"2025-06-10T08:01:14+00:00","description":"Soluciones completas en organizaci\u00f3n de eventos corporativos: ahorra tiempo y garantiza el \u00e9xito","breadcrumb":{"@id":"https:\/\/www.posecorp.com\/catering\/#breadcrumb"},"inLanguage":"es","potentialAction":[{"@type":"ReadAction","target":["https:\/\/www.posecorp.com\/catering\/"]}]},{"@type":"ImageObject","inLanguage":"es","@id":"https:\/\/www.posecorp.com\/catering\/#primaryimage","url":"https:\/\/www.posecorp.com\/wp-content\/uploads\/2025\/06\/catering-close-up-of-a-buffet-with-appetizers-2025-01-07-06-08-02-utc-scaled.jpg","contentUrl":"https:\/\/www.posecorp.com\/wp-content\/uploads\/2025\/06\/catering-close-up-of-a-buffet-with-appetizers-2025-01-07-06-08-02-utc-scaled.jpg"},{"@type":"BreadcrumbList","@id":"https:\/\/www.posecorp.com\/catering\/#breadcrumb","itemListElement":[{"@type":"ListItem","position":1,"name":"Portada","item":"https:\/\/www.posecorp.com\/es\/"},{"@type":"ListItem","position":2,"name":"Catering"}]},{"@type":"WebSite","@id":"https:\/\/www.posecorp.com\/#website","url":"https:\/\/www.posecorp.com\/","name":"Pose Corp","description":"","publisher":{"@id":"https:\/\/www.posecorp.com\/#organization"},"potentialAction":[{"@type":"SearchAction","target":{"@type":"EntryPoint","urlTemplate":"https:\/\/www.posecorp.com\/?s={search_term_string}"},"query-input":"required name=search_term_string"}],"inLanguage":"es"},{"@type":"Organization","@id":"https:\/\/www.posecorp.com\/#organization","name":"Pose Corp","url":"https:\/\/www.posecorp.com\/","logo":{"@type":"ImageObject","inLanguage":"es","@id":"https:\/\/www.posecorp.com\/#\/schema\/logo\/image\/","url":"https:\/\/www.posecorp.com\/wp-content\/uploads\/2025\/02\/cropped-logo-03-1.png","contentUrl":"https:\/\/www.posecorp.com\/wp-content\/uploads\/2025\/02\/cropped-logo-03-1.png","width":891,"height":891,"caption":"Pose Corp"},"image":{"@id":"https:\/\/www.posecorp.com\/#\/schema\/logo\/image\/"}}]}},"_links":{"self":[{"href":"https:\/\/www.posecorp.com\/es\/wp-json\/wp\/v2\/pages\/715","targetHints":{"allow":["GET"]}}],"collection":[{"href":"https:\/\/www.posecorp.com\/es\/wp-json\/wp\/v2\/pages"}],"about":[{"href":"https:\/\/www.posecorp.com\/es\/wp-json\/wp\/v2\/types\/page"}],"author":[{"embeddable":true,"href":"https:\/\/www.posecorp.com\/es\/wp-json\/wp\/v2\/users\/4"}],"replies":[{"embeddable":true,"href":"https:\/\/www.posecorp.com\/es\/wp-json\/wp\/v2\/comments?post=715"}],"version-history":[{"count":3,"href":"https:\/\/www.posecorp.com\/es\/wp-json\/wp\/v2\/pages\/715\/revisions"}],"predecessor-version":[{"id":847,"href":"https:\/\/www.posecorp.com\/es\/wp-json\/wp\/v2\/pages\/715\/revisions\/847"}],"wp:attachment":[{"href":"https:\/\/www.posecorp.com\/es\/wp-json\/wp\/v2\/media?parent=715"}],"curies":[{"name":"wp","href":"https:\/\/api.w.org\/{rel}","templated":true}]}}