{"id":13,"date":"2024-04-10T16:06:53","date_gmt":"2024-04-10T14:06:53","guid":{"rendered":"https:\/\/www.posecorp.com\/?page_id=13"},"modified":"2024-05-15T10:57:09","modified_gmt":"2024-05-15T08:57:09","slug":"conocenos","status":"publish","type":"page","link":"https:\/\/www.posecorp.com\/es\/conocenos\/","title":{"rendered":"Con\u00f3cenos"},"content":{"rendered":"\r\n\t\t<div  class=\"block-ba5858c4-be36-4812-a2e1-ebd6c821708e areoi-element my-5\">\r\n\t\t\t\r\n\t\t\t\n\r\n\t\t<div  class=\"block-e1b7eee8-bafd-44a7-b25c-1d18ec75bda6 row areoi-element row-lg gy-4\">\r\n\t\t\t\r\n\r\n\t\t\t\n\r\n\t\t<div data-aos-duration=\"1450\" data-aos=\"fade-right\"  class=\"block-90e42f83-50f9-4c0e-bbd6-3643f182dd0c col areoi-element col-7\">\r\n\t\t\t\r\n\t\t\t\n\n<h2 class=\"wp-block-heading title-color gra my-5\">Las <strong>ideas<\/strong> son lo nuestro<\/h2>\n\n\n\r\n\t\t<div  class=\"block-980f5a15-cc2a-4d44-b0b7-cac645510958 areoi-element\">\r\n\t\t\t\r\n\t\t\t\n\n<h1 class=\"wp-block-heading h5\"><strong>Tu socio para eventos corporativos en Barcelona<\/strong><\/h1>\n\n\n\n<p>Pose Corp nace bajo la direcci\u00f3n del empresario Daniel Flores. Originario de Barcelona, Daniel ha dedicado los \u00faltimos 15 a\u00f1os de su carrera profesional entre Estados Unidos y Emiratos \u00c1rabes Unidos.<\/p>\n\n\n\n<p>Entre los eventos internacionales en los que ha participado se encuentran los Latin Grammy Awards, Dubai International Film Festival, Special Olympics World Games, Red Sea Film Festival, Cairo International Film Festival, World Travel Market, Fashion Forward Dubai y Mil\u00e1n Fashion Week, entre otros. De vuelta en Barcelona, Daniel ha formado parte de eventos destacados como el Mobile World Congress, la Copa Davis y la F\u00f3rmula 1.<\/p>\n\n\n\n<p>Su experiencia y visi\u00f3n imprimen una perspectiva \u00fanica en nuestra empresa, rode\u00e1ndose de los mejores partners y un equipo humano excepcional para llevar a cabo proyectos de manera exitosa.<\/p>\n\n\n\n<p>En Pose Corp, contamos con un equipo de expertos en cada \u00e1rea involucrada en la organizaci\u00f3n de eventos. Nos enorgullece ofrecer un servicio personalizado y profesional, adaptado a las necesidades de cada cliente. Con un profundo conocimiento de la ciudad de Barcelona y un enfoque creativo, estamos comprometidos a hacer de cada evento una experiencia memorable.<\/p>\n\n\r\n\t\t\t \r\n\t\t<\/div>\r\n\t\n \r\n\t\t\t\r\n\t\t<\/div>\r\n\t\n\n\r\n\t\t<div data-aos-duration=\"1450\" data-aos=\"fade-left\"  class=\"block-ddafdf63-3a8e-48d0-8dec-c1b66e348ee5 col areoi-element order-lg col-5\">\r\n\t\t\t\r\n\t\t\t\n\r\n\t\t<div  class=\"block-59e04715-8f55-43a6-bf0b-027ad581d86f areoi-element h-100 bl ps-4 border-lg-0\">\r\n\t\t\t\r\n\t\t\t\n\n<figure class=\"wp-block-image size-full mb-0 img-full\"><img fetchpriority=\"high\" decoding=\"async\" width=\"545\" height=\"602\" src=\"https:\/\/www.posecorp.com\/wp-content\/uploads\/2024\/04\/pose-corp-conocenos.jpg\" alt=\"\" class=\"wp-image-192\" srcset=\"https:\/\/www.posecorp.com\/wp-content\/uploads\/2024\/04\/pose-corp-conocenos.jpg 545w, https:\/\/www.posecorp.com\/wp-content\/uploads\/2024\/04\/pose-corp-conocenos-272x300.jpg 272w\" sizes=\"(max-width: 545px) 100vw, 545px\" \/><\/figure>\n\n\r\n\t\t\t \r\n\t\t<\/div>\r\n\t\n \r\n\t\t\t\r\n\t\t<\/div>\r\n\t\n \r\n\t\t<\/div>\r\n\t\n\r\n\t\t\t \r\n\t\t<\/div>\r\n\t\n\n\r\n\t\t<div  class=\"block-cdaa169c-6ec2-43a2-833a-4da0c5cbf352 areoi-element mb-5 pt-4\">\r\n\t\t\t\r\n\t\t\t\n\r\n\t\t<div  class=\"block-83520c8c-ec9a-44fa-a383-fc4ba40f1683 areoi-element mb-5\">\r\n\t\t\t\r\n\t\t\t\n\n\n<style>\n\n    .slider {\n        color: #fff;\n    }\n    .slider .swiper-container {\n        width: 100%;\n        height: 100%;\n        overflow: hidden\n    }\n    .slider__flex {\n        display: flex;\n    }\n    .slider__col {\n        display: flex;\n        flex-direction: column;\n        justify-content: space-between\n    }\n\n    .slider__prev svg{\n        transform: rotate(90deg) scale(1.5);\n\n    }\n    .slider__next svg{\n        transform: rotate(-90deg ) scale(1.5);\n    }\n\n    .slider__prev,\n    .slider__next {\n        cursor: pointer;\n        text-align: center;\n        font-size: 14px;\n        height: 55px;\n        display: flex;\n        align-items: center;\n        justify-content: center;\n        -webkit-user-select: none;\n        -moz-user-select: none;\n        -ms-user-select: none;\n        user-select: none;\n    }\n    .slider__prev:focus,\n    .slider__next:focus {\n        outline: none;\n    }\n\n\n    .slider__thumbs .swiper-slide{\n        aspect-ratio: 1\/1\n    }\n\n    .slider__thumbs {\n        height: calc(95% - 110px);\n    }\n    .slider__thumbs .slider__image {\n        transition: 0.25s;\n        -webkit-filter: grayscale(100%);\n        filter: grayscale(100%);\n        opacity: 0.5;\n    }\n    .slider__thumbs .slider__image:hover {\n        opacity: 1;\n    }\n\n\n\n\n    .slider__thumbs .swiper-slide-thumb-active .slider__image {\n        -webkit-filter: grayscale(0%);\n        filter: grayscale(0%);\n        opacity: 1;\n    }\n    .slider__images {\n\n        aspect-ratio: 16\/9\n    }\n    .slider__images .slider__image img {\n        transition: 3s;\n    }\n    .slider__images .slider__image:hover img {\n        transform: scale(1.1);\n    }\n    .slider__image {\n        width: 100%;\n        height: 100%;\n        overflow: hidden;\n    }\n    .slider__image img {\n        display: block;\n        width: 100%;\n        height: 100%;\n        -o-object-fit: cover;\n        object-fit: cover;\n    }\n    @media (max-width: 767.98px) {\n\n\n\n        .slider__col {\n            flex-direction: row;\n            align-items: center;\n            margin-right: 0;\n            margin-top: 24px;\n            width: 100%;\n        }\n        .slider__images {\n            width: 100%;\n        }\n        .slider__thumbs {\n            height: 100px;\n            width: calc(100% - 96px);\n            margin: 0 16px;\n        }\n        .slider__prev,\n        .slider__next {\n            height: auto;\n            width: 32px;\n        }\n\n\n        .slider__prev svg{\n            transform: rotate(0deg) scale(1.5);\n\n        }\n        .slider__next svg{\n            transform: rotate(-180deg ) scale(1.5);\n        }\n\n    }\n<\/style>\n\n\n\n\n<section class=\"slider\">\n    <div class=\"slider__flex row gy-4\">\n\n        <div class=\"col-md-1\">\n            <div class=\"tv\">\n                Convertimos  <i class=\"tblack\">Ideas<\/i> en <i class=\"tyellow\">Experiencias<\/i>            <\/div>\n        <\/div>\n\n        <div class=\"slider__images col-md-9  order-md\">\n            <div class=\"swiper-container\"> <!-- \u0421\u043b\u0430\u0439\u0434\u0435\u0440 \u0441 \u0438\u0437\u043e\u0431\u0440\u0430\u0436\u0435\u043d\u0438\u044f\u043c\u0438 -->\n                <div class=\"swiper-wrapper\">\n                                                                        <div class=\"swiper-slide\">\n                                <div class=\"slider__image\">\n                                    <img decoding=\"async\" src=\"https:\/\/www.posecorp.com\/wp-content\/uploads\/2024\/04\/galeria1.jpg\" alt=\"\">\n                                <\/div>\n                            <\/div>\n                                                    <div class=\"swiper-slide\">\n                                <div class=\"slider__image\">\n                                    <img decoding=\"async\" src=\"https:\/\/www.posecorp.com\/wp-content\/uploads\/2024\/04\/galeria2.jpg\" alt=\"\">\n                                <\/div>\n                            <\/div>\n                                                    <div class=\"swiper-slide\">\n                                <div class=\"slider__image\">\n                                    <img decoding=\"async\" src=\"https:\/\/www.posecorp.com\/wp-content\/uploads\/2024\/04\/galeria1.jpg\" alt=\"\">\n                                <\/div>\n                            <\/div>\n                                                            <\/div>\n            <\/div>\n        <\/div>\n\n        <div class=\"slider__col col-md-2\">\n\n            <div class=\"slider__prev\">\n                <svg width=\"24\" height=\"24\" xmlns=\"http:\/\/www.w3.org\/2000\/svg\" fill-rule=\"evenodd\" clip-rule=\"evenodd\"><path d=\"M12 0c6.623 0 12 5.377 12 12s-5.377 12-12 12-12-5.377-12-12 5.377-12 12-12zm0 1c6.071 0 11 4.929 11 11s-4.929 11-11 11-11-4.929-11-11 4.929-11 11-11zm-4.828 11.5l4.608 3.763-.679.737-6.101-5 6.112-5 .666.753-4.604 3.747h11.826v1h-11.828z\"\/><\/svg>\n            <\/div> <!-- \u041a\u043d\u043e\u043f\u043a\u0430 \u0434\u043b\u044f \u043f\u0435\u0440\u0435\u043a\u043b\u044e\u0447\u0435\u043d\u0438\u044f \u043d\u0430 \u043f\u0440\u0435\u0434\u044b\u0434\u0443\u0449\u0438\u0439 \u0441\u043b\u0430\u0439\u0434 -->\n\n            <div class=\"slider__thumbs\">\n                <div class=\"swiper-container\"> <!-- \u0421\u043b\u0430\u0439\u0434\u0435\u0440 \u0441 \u043f\u0440\u0435\u0432\u044c\u044e -->\n                    <div class=\"swiper-wrapper\">\n                                                                                    <div class=\"swiper-slide\">\n                                    <div class=\"slider__image\">\n                                        <img decoding=\"async\" src=\"https:\/\/www.posecorp.com\/wp-content\/uploads\/2024\/04\/galeria1.jpg\" alt=\"\">\n                                    <\/div>\n                                <\/div>\n                                                            <div class=\"swiper-slide\">\n                                    <div class=\"slider__image\">\n                                        <img decoding=\"async\" src=\"https:\/\/www.posecorp.com\/wp-content\/uploads\/2024\/04\/galeria2.jpg\" alt=\"\">\n                                    <\/div>\n                                <\/div>\n                                                            <div class=\"swiper-slide\">\n                                    <div class=\"slider__image\">\n                                        <img decoding=\"async\" src=\"https:\/\/www.posecorp.com\/wp-content\/uploads\/2024\/04\/galeria1.jpg\" alt=\"\">\n                                    <\/div>\n                                <\/div>\n                                                                        <\/div>\n                <\/div>\n            <\/div>\n\n            <div class=\"slider__next\">\n                <svg width=\"24\" height=\"24\" xmlns=\"http:\/\/www.w3.org\/2000\/svg\" fill-rule=\"evenodd\" clip-rule=\"evenodd\"><path d=\"M12 0c6.623 0 12 5.377 12 12s-5.377 12-12 12-12-5.377-12-12 5.377-12 12-12zm0 1c6.071 0 11 4.929 11 11s-4.929 11-11 11-11-4.929-11-11 4.929-11 11-11zm-4.828 11.5l4.608 3.763-.679.737-6.101-5 6.112-5 .666.753-4.604 3.747h11.826v1h-11.828z\"\/><\/svg>\n            <\/div> <!-- \u041a\u043d\u043e\u043f\u043a\u0430 \u0434\u043b\u044f \u043f\u0435\u0440\u0435\u043a\u043b\u044e\u0447\u0435\u043d\u0438\u044f \u043d\u0430 \u0441\u043b\u0435\u0434\u0443\u044e\u0449\u0438\u0439 \u0441\u043b\u0430\u0439\u0434 -->\n        <\/div>\n\n\n\n    <\/div>\n<\/section>\n\n\n\n\n\n<script>\n    jQuery(document).ready(function ($) {\n        \/\/ \u0418\u043d\u0438\u0446\u0438\u0430\u043b\u0438\u0437\u0430\u0446\u0438\u044f \u043f\u0440\u0435\u0432\u044c\u044e \u0441\u043b\u0430\u0439\u0434\u0435\u0440\u0430\n        const sliderThumbs = new Swiper('.slider__thumbs .swiper-container', {\/\/ \u0438\u0449\u0435\u043c \u0441\u043b\u0430\u0439\u0434\u0435\u0440 \u043f\u0440\u0435\u0432\u044c\u044e \u043f\u043e \u0441\u0435\u043b\u0435\u043a\u0442\u043e\u0440\u0443\n            \/\/ \u0437\u0430\u0434\u0430\u0435\u043c \u043f\u0430\u0440\u0430\u043c\u0435\u0442\u0440\u044b\n            direction: 'vertical', \/\/ \u0432\u0435\u0440\u0442\u0438\u043a\u0430\u043b\u044c\u043d\u0430\u044f \u043f\u0440\u043e\u043a\u0440\u0443\u0442\u043a\u0430\n            slidesPerView: 3, \/\/ \u043f\u043e\u043a\u0430\u0437\u044b\u0432\u0430\u0442\u044c \u043f\u043e 3 \u043f\u0440\u0435\u0432\u044c\u044e\n            spaceBetween: 24, \/\/ \u0440\u0430\u0441\u0441\u0442\u043e\u044f\u043d\u0438\u0435 \u043c\u0435\u0436\u0434\u0443 \u0441\u043b\u0430\u0439\u0434\u0430\u043c\u0438\n            navigation: {\/\/ \u0437\u0430\u0434\u0430\u0435\u043c \u043a\u043d\u043e\u043f\u043a\u0438 \u043d\u0430\u0432\u0438\u0433\u0430\u0446\u0438\u0438\n                nextEl: '.slider__next', \/\/ \u043a\u043d\u043e\u043f\u043a\u0430 Next\n                prevEl: '.slider__prev' \/\/ \u043a\u043d\u043e\u043f\u043a\u0430 Prev\n            },\n            freeMode: true, \/\/ \u043f\u0440\u0438 \u043f\u0435\u0440\u0435\u0442\u0430\u0441\u043a\u0438\u0432\u0430\u043d\u0438\u0438 \u043f\u0440\u0435\u0432\u044c\u044e \u0432\u0435\u0434\u0435\u0442 \u0441\u0435\u0431\u044f \u043a\u0430\u043a \u043f\u0440\u0438 \u0441\u043a\u0440\u043e\u043b\u043b\u0435\n            breakpoints: {\/\/ \u0443\u0441\u043b\u043e\u0432\u0438\u044f \u0434\u043b\u044f \u0440\u0430\u0437\u043d\u044b\u0445 \u0440\u0430\u0437\u043c\u0435\u0440\u043e\u0432 \u043e\u043a\u043d\u0430 \u0431\u0440\u0430\u0443\u0437\u0435\u0440\u0430\n                0: {\/\/ \u043f\u0440\u0438 0px \u0438 \u0432\u044b\u0448\u0435\n                    direction: 'horizontal', \/\/ \u0433\u043e\u0440\u0438\u0437\u043e\u043d\u0442\u0430\u043b\u044c\u043d\u0430\u044f \u043f\u0440\u043e\u043a\u0440\u0443\u0442\u043a\u0430\n                },\n                768: {\/\/ \u043f\u0440\u0438 768px \u0438 \u0432\u044b\u0448\u0435\n                    direction: 'vertical', \/\/ \u0432\u0435\u0440\u0442\u0438\u043a\u0430\u043b\u044c\u043d\u0430\u044f \u043f\u0440\u043e\u043a\u0440\u0443\u0442\u043a\u0430\n                }\n            }\n        });\n\/\/ \u0418\u043d\u0438\u0446\u0438\u0430\u043b\u0438\u0437\u0430\u0446\u0438\u044f \u0441\u043b\u0430\u0439\u0434\u0435\u0440\u0430 \u0438\u0437\u043e\u0431\u0440\u0430\u0436\u0435\u043d\u0438\u0439\n        const sliderImages = new Swiper('.slider__images .swiper-container', {\/\/ \u0438\u0449\u0435\u043c \u0441\u043b\u0430\u0439\u0434\u0435\u0440 \u043f\u0440\u0435\u0432\u044c\u044e \u043f\u043e \u0441\u0435\u043b\u0435\u043a\u0442\u043e\u0440\u0443\n            \/\/ \u0437\u0430\u0434\u0430\u0435\u043c \u043f\u0430\u0440\u0430\u043c\u0435\u0442\u0440\u044b\n            direction: 'vertical', \/\/ \u0432\u0435\u0440\u0442\u0438\u043a\u0430\u043b\u044c\u043d\u0430\u044f \u043f\u0440\u043e\u043a\u0440\u0443\u0442\u043a\u0430\n            slidesPerView: 1, \/\/ \u043f\u043e\u043a\u0430\u0437\u044b\u0432\u0430\u0442\u044c \u043f\u043e 1 \u0438\u0437\u043e\u0431\u0440\u0430\u0436\u0435\u043d\u0438\u044e\n            spaceBetween: 32, \/\/ \u0440\u0430\u0441\u0441\u0442\u043e\u044f\u043d\u0438\u0435 \u043c\u0435\u0436\u0434\u0443 \u0441\u043b\u0430\u0439\u0434\u0430\u043c\u0438\n            mousewheel: true, \/\/ \u043c\u043e\u0436\u043d\u043e \u043f\u0440\u043e\u043a\u0440\u0443\u0447\u0438\u0432\u0430\u0442\u044c \u0438\u0437\u043e\u0431\u0440\u0430\u0436\u0435\u043d\u0438\u044f \u043a\u043e\u043b\u0451\u0441\u0438\u043a\u043e\u043c \u043c\u044b\u0448\u0438\n            navigation: {\/\/ \u0437\u0430\u0434\u0430\u0435\u043c \u043a\u043d\u043e\u043f\u043a\u0438 \u043d\u0430\u0432\u0438\u0433\u0430\u0446\u0438\u0438\n                nextEl: '.slider__next', \/\/ \u043a\u043d\u043e\u043f\u043a\u0430 Next\n                prevEl: '.slider__prev' \/\/ \u043a\u043d\u043e\u043f\u043a\u0430 Prev\n            },\n            grabCursor: true, \/\/ \u043c\u0435\u043d\u044f\u0442\u044c \u0438\u043a\u043e\u043d\u043a\u0443 \u043a\u0443\u0440\u0441\u043e\u0440\u0430\n            thumbs: {\/\/ \u0443\u043a\u0430\u0437\u044b\u0432\u0430\u0435\u043c \u043d\u0430 \u043f\u0440\u0435\u0432\u044c\u044e \u0441\u043b\u0430\u0439\u0434\u0435\u0440\n                swiper: sliderThumbs \/\/ \u0443\u043a\u0430\u0437\u044b\u0432\u0430\u0435\u043c \u0438\u043c\u044f \u043f\u0440\u0435\u0432\u044c\u044e \u0441\u043b\u0430\u0439\u0434\u0435\u0440\u0430\n            },\n            breakpoints: {\/\/ \u0443\u0441\u043b\u043e\u0432\u0438\u044f \u0434\u043b\u044f \u0440\u0430\u0437\u043d\u044b\u0445 \u0440\u0430\u0437\u043c\u0435\u0440\u043e\u0432 \u043e\u043a\u043d\u0430 \u0431\u0440\u0430\u0443\u0437\u0435\u0440\u0430\n                0: {\/\/ \u043f\u0440\u0438 0px \u0438 \u0432\u044b\u0448\u0435\n                    direction: 'horizontal', \/\/ \u0433\u043e\u0440\u0438\u0437\u043e\u043d\u0442\u0430\u043b\u044c\u043d\u0430\u044f \u043f\u0440\u043e\u043a\u0440\u0443\u0442\u043a\u0430\n                },\n                768: {\/\/ \u043f\u0440\u0438 768px \u0438 \u0432\u044b\u0448\u0435\n                    direction: 'vertical', \/\/ \u0432\u0435\u0440\u0442\u0438\u043a\u0430\u043b\u044c\u043d\u0430\u044f \u043f\u0440\u043e\u043a\u0440\u0443\u0442\u043a\u0430\n                }\n            }\n        });\n    });\n<\/script>\n\r\n\t\t\t \r\n\t\t<\/div>\r\n\t\n\n\r\n\t\t<div data-aos=\"zoom-in\"  class=\"block-63ecfe97-393b-4460-8b68-d9b478a84299 areoi-element\">\r\n\t\t\t\r\n\t\t\t\n\r\n\t\t<div  class=\"block-1cc79e9c-7753-4e21-9791-e34701d05078 row areoi-element row-md\">\r\n\t\t\t\r\n\r\n\t\t\t\n\r\n\t\t<div  class=\"block-b81cd152-b5e2-4264-9083-ddebc4136326 col areoi-element col-1\">\r\n\t\t\t\r\n\t\t\t \r\n\t\t\t\r\n\t\t<\/div>\r\n\t\n\n\r\n\t\t<div  class=\"block-89ba99e1-f953-4b01-9e23-2e21f371ac1f col areoi-element col-9\">\r\n\t\t\t\r\n\t\t\t\n\r\n\t\t<div  class=\"block-df4d275a-1a60-4fa4-8c28-6903c2c65687 row areoi-element row-lg gy-4 align-items-center\">\r\n\t\t\t\r\n\r\n\t\t\t\n\r\n\t\t<div  class=\"block-4c153cc7-0e62-4834-bf2d-aeebeb09a256 col areoi-element br col-9\">\r\n\t\t\t\r\n\t\t\t\n\n<p>Perm\u00edtenos convertir tus ideas en realidad y garantizar el \u00e9xito de tu pr\u00f3ximo evento corporativo. Cont\u00e1ctanos hoy mismo para descubrir c\u00f3mo podemos ayudarte a crear un evento \u00fanico y exitoso.<\/p>\n\n \r\n\t\t\t\r\n\t\t<\/div>\r\n\t\n\n\r\n\t\t<div  class=\"block-f7485051-bd78-4111-b199-9f51f285cf4b col areoi-element col-3\">\r\n\t\t\t\r\n\t\t\t\n\r\n\t\t<div  class=\"block-7de16fc0-9c98-428f-ae98-587c4aa14a08 areoi-element text-center\">\r\n\t\t\t\r\n\t\t\t\n\r\n\t\t\t\t\r\n\t\t<a \r\n\t\t\t\r\n\t\t\tclass=\"block-f28c02a9-e3d0-4ae0-bbec-810abba08fe8 btn areoi-has-url position-relative btn-outline-dark\"\r\n\t href=\"https:\/\/www.posecorp.com\/servicios\/\" >\r\n\t\t\t\t\t\r\n\t\t\t\t\tVer Servicios \r\n\t\t\t\t\t\r\n\t\t\t\t\t \r\n\t\t\t\t<\/a>\r\n\t\t\t\n\r\n\t\t\t \r\n\t\t<\/div>\r\n\t\n \r\n\t\t\t\r\n\t\t<\/div>\r\n\t\n \r\n\t\t<\/div>\r\n\t\n \r\n\t\t\t\r\n\t\t<\/div>\r\n\t\n \r\n\t\t<\/div>\r\n\t\n\r\n\t\t\t \r\n\t\t<\/div>\r\n\t\n\r\n\t\t\t \r\n\t\t<\/div>\r\n\t","protected":false},"excerpt":{"rendered":"","protected":false},"author":1,"featured_media":0,"parent":0,"menu_order":0,"comment_status":"closed","ping_status":"closed","template":"","meta":{"footnotes":""},"class_list":["post-13","page","type-page","status-publish","hentry"],"acf":[],"yoast_head":"<!-- This site is optimized with the Yoast SEO plugin v22.7 - https:\/\/yoast.com\/wordpress\/plugins\/seo\/ -->\n<title>Tu Socio para Eventos Corporativos - Pose Corp<\/title>\n<meta name=\"description\" content=\"Contamos con un equipo de expertos en cada \u00e1rea de la organizaci\u00f3n de eventos. Ofrecemos un servicio personalizado y profesional.\" \/>\n<meta name=\"robots\" content=\"index, follow, max-snippet:-1, max-image-preview:large, max-video-preview:-1\" \/>\n<link rel=\"canonical\" href=\"https:\/\/www.posecorp.com\/es\/\" \/>\n<meta property=\"og:locale\" content=\"es_ES\" \/>\n<meta property=\"og:type\" content=\"article\" \/>\n<meta property=\"og:title\" content=\"Tu Socio para Eventos Corporativos - Pose Corp\" \/>\n<meta property=\"og:description\" content=\"Contamos con un equipo de expertos en cada \u00e1rea de la organizaci\u00f3n de eventos. Ofrecemos un servicio personalizado y profesional.\" \/>\n<meta property=\"og:url\" content=\"https:\/\/www.posecorp.com\/es\/\" \/>\n<meta property=\"og:site_name\" content=\"Pose Corp\" \/>\n<meta property=\"article:modified_time\" content=\"2024-05-15T08:57:09+00:00\" \/>\n<meta property=\"og:image\" content=\"https:\/\/www.posecorp.com\/wp-content\/uploads\/2024\/04\/pose-corp-conocenos.jpg\" \/>\n<meta name=\"twitter:card\" content=\"summary_large_image\" \/>\n<meta name=\"twitter:label1\" content=\"Tiempo de lectura\" \/>\n\t<meta name=\"twitter:data1\" content=\"2 minutos\" \/>\n<script type=\"application\/ld+json\" class=\"yoast-schema-graph\">{\"@context\":\"https:\/\/schema.org\",\"@graph\":[{\"@type\":\"WebPage\",\"@id\":\"https:\/\/www.posecorp.com\/es\/\",\"url\":\"https:\/\/www.posecorp.com\/es\/\",\"name\":\"Tu Socio para Eventos Corporativos - Pose Corp\",\"isPartOf\":{\"@id\":\"https:\/\/www.posecorp.com\/#website\"},\"primaryImageOfPage\":{\"@id\":\"https:\/\/www.posecorp.com\/es\/#primaryimage\"},\"image\":{\"@id\":\"https:\/\/www.posecorp.com\/es\/#primaryimage\"},\"thumbnailUrl\":\"https:\/\/www.posecorp.com\/wp-content\/uploads\/2024\/04\/pose-corp-conocenos.jpg\",\"datePublished\":\"2024-04-10T14:06:53+00:00\",\"dateModified\":\"2024-05-15T08:57:09+00:00\",\"description\":\"Contamos con un equipo de expertos en cada \u00e1rea de la organizaci\u00f3n de eventos. Ofrecemos un servicio personalizado y profesional.\",\"breadcrumb\":{\"@id\":\"https:\/\/www.posecorp.com\/es\/#breadcrumb\"},\"inLanguage\":\"es\",\"potentialAction\":[{\"@type\":\"ReadAction\",\"target\":[\"https:\/\/www.posecorp.com\/es\/\"]}]},{\"@type\":\"ImageObject\",\"inLanguage\":\"es\",\"@id\":\"https:\/\/www.posecorp.com\/es\/#primaryimage\",\"url\":\"https:\/\/www.posecorp.com\/wp-content\/uploads\/2024\/04\/pose-corp-conocenos.jpg\",\"contentUrl\":\"https:\/\/www.posecorp.com\/wp-content\/uploads\/2024\/04\/pose-corp-conocenos.jpg\"},{\"@type\":\"BreadcrumbList\",\"@id\":\"https:\/\/www.posecorp.com\/es\/#breadcrumb\",\"itemListElement\":[{\"@type\":\"ListItem\",\"position\":1,\"name\":\"Portada\",\"item\":\"https:\/\/www.posecorp.com\/es\/\"},{\"@type\":\"ListItem\",\"position\":2,\"name\":\"Con\u00f3cenos\"}]},{\"@type\":\"WebSite\",\"@id\":\"https:\/\/www.posecorp.com\/#website\",\"url\":\"https:\/\/www.posecorp.com\/\",\"name\":\"Pose Corp\",\"description\":\"\",\"publisher\":{\"@id\":\"https:\/\/www.posecorp.com\/#organization\"},\"potentialAction\":[{\"@type\":\"SearchAction\",\"target\":{\"@type\":\"EntryPoint\",\"urlTemplate\":\"https:\/\/www.posecorp.com\/?s={search_term_string}\"},\"query-input\":\"required name=search_term_string\"}],\"inLanguage\":\"es\"},{\"@type\":\"Organization\",\"@id\":\"https:\/\/www.posecorp.com\/#organization\",\"name\":\"Pose Corp\",\"url\":\"https:\/\/www.posecorp.com\/\",\"logo\":{\"@type\":\"ImageObject\",\"inLanguage\":\"es\",\"@id\":\"https:\/\/www.posecorp.com\/#\/schema\/logo\/image\/\",\"url\":\"https:\/\/www.posecorp.com\/wp-content\/uploads\/2025\/02\/cropped-logo-03-1.png\",\"contentUrl\":\"https:\/\/www.posecorp.com\/wp-content\/uploads\/2025\/02\/cropped-logo-03-1.png\",\"width\":891,\"height\":891,\"caption\":\"Pose Corp\"},\"image\":{\"@id\":\"https:\/\/www.posecorp.com\/#\/schema\/logo\/image\/\"}}]}<\/script>\n<!-- \/ Yoast SEO plugin. -->","yoast_head_json":{"title":"Tu Socio para Eventos Corporativos - Pose Corp","description":"Contamos con un equipo de expertos en cada \u00e1rea de la organizaci\u00f3n de eventos. Ofrecemos un servicio personalizado y profesional.","robots":{"index":"index","follow":"follow","max-snippet":"max-snippet:-1","max-image-preview":"max-image-preview:large","max-video-preview":"max-video-preview:-1"},"canonical":"https:\/\/www.posecorp.com\/es\/","og_locale":"es_ES","og_type":"article","og_title":"Tu Socio para Eventos Corporativos - Pose Corp","og_description":"Contamos con un equipo de expertos en cada \u00e1rea de la organizaci\u00f3n de eventos. Ofrecemos un servicio personalizado y profesional.","og_url":"https:\/\/www.posecorp.com\/es\/","og_site_name":"Pose Corp","article_modified_time":"2024-05-15T08:57:09+00:00","og_image":[{"url":"https:\/\/www.posecorp.com\/wp-content\/uploads\/2024\/04\/pose-corp-conocenos.jpg"}],"twitter_card":"summary_large_image","twitter_misc":{"Tiempo de lectura":"2 minutos"},"schema":{"@context":"https:\/\/schema.org","@graph":[{"@type":"WebPage","@id":"https:\/\/www.posecorp.com\/es\/","url":"https:\/\/www.posecorp.com\/es\/","name":"Tu Socio para Eventos Corporativos - Pose Corp","isPartOf":{"@id":"https:\/\/www.posecorp.com\/#website"},"primaryImageOfPage":{"@id":"https:\/\/www.posecorp.com\/es\/#primaryimage"},"image":{"@id":"https:\/\/www.posecorp.com\/es\/#primaryimage"},"thumbnailUrl":"https:\/\/www.posecorp.com\/wp-content\/uploads\/2024\/04\/pose-corp-conocenos.jpg","datePublished":"2024-04-10T14:06:53+00:00","dateModified":"2024-05-15T08:57:09+00:00","description":"Contamos con un equipo de expertos en cada \u00e1rea de la organizaci\u00f3n de eventos. Ofrecemos un servicio personalizado y profesional.","breadcrumb":{"@id":"https:\/\/www.posecorp.com\/es\/#breadcrumb"},"inLanguage":"es","potentialAction":[{"@type":"ReadAction","target":["https:\/\/www.posecorp.com\/es\/"]}]},{"@type":"ImageObject","inLanguage":"es","@id":"https:\/\/www.posecorp.com\/es\/#primaryimage","url":"https:\/\/www.posecorp.com\/wp-content\/uploads\/2024\/04\/pose-corp-conocenos.jpg","contentUrl":"https:\/\/www.posecorp.com\/wp-content\/uploads\/2024\/04\/pose-corp-conocenos.jpg"},{"@type":"BreadcrumbList","@id":"https:\/\/www.posecorp.com\/es\/#breadcrumb","itemListElement":[{"@type":"ListItem","position":1,"name":"Portada","item":"https:\/\/www.posecorp.com\/es\/"},{"@type":"ListItem","position":2,"name":"Con\u00f3cenos"}]},{"@type":"WebSite","@id":"https:\/\/www.posecorp.com\/#website","url":"https:\/\/www.posecorp.com\/","name":"Pose Corp","description":"","publisher":{"@id":"https:\/\/www.posecorp.com\/#organization"},"potentialAction":[{"@type":"SearchAction","target":{"@type":"EntryPoint","urlTemplate":"https:\/\/www.posecorp.com\/?s={search_term_string}"},"query-input":"required name=search_term_string"}],"inLanguage":"es"},{"@type":"Organization","@id":"https:\/\/www.posecorp.com\/#organization","name":"Pose Corp","url":"https:\/\/www.posecorp.com\/","logo":{"@type":"ImageObject","inLanguage":"es","@id":"https:\/\/www.posecorp.com\/#\/schema\/logo\/image\/","url":"https:\/\/www.posecorp.com\/wp-content\/uploads\/2025\/02\/cropped-logo-03-1.png","contentUrl":"https:\/\/www.posecorp.com\/wp-content\/uploads\/2025\/02\/cropped-logo-03-1.png","width":891,"height":891,"caption":"Pose Corp"},"image":{"@id":"https:\/\/www.posecorp.com\/#\/schema\/logo\/image\/"}}]}},"_links":{"self":[{"href":"https:\/\/www.posecorp.com\/es\/wp-json\/wp\/v2\/pages\/13","targetHints":{"allow":["GET"]}}],"collection":[{"href":"https:\/\/www.posecorp.com\/es\/wp-json\/wp\/v2\/pages"}],"about":[{"href":"https:\/\/www.posecorp.com\/es\/wp-json\/wp\/v2\/types\/page"}],"author":[{"embeddable":true,"href":"https:\/\/www.posecorp.com\/es\/wp-json\/wp\/v2\/users\/1"}],"replies":[{"embeddable":true,"href":"https:\/\/www.posecorp.com\/es\/wp-json\/wp\/v2\/comments?post=13"}],"version-history":[{"count":3,"href":"https:\/\/www.posecorp.com\/es\/wp-json\/wp\/v2\/pages\/13\/revisions"}],"predecessor-version":[{"id":465,"href":"https:\/\/www.posecorp.com\/es\/wp-json\/wp\/v2\/pages\/13\/revisions\/465"}],"wp:attachment":[{"href":"https:\/\/www.posecorp.com\/es\/wp-json\/wp\/v2\/media?parent=13"}],"curies":[{"name":"wp","href":"https:\/\/api.w.org\/{rel}","templated":true}]}}